{"id":25,"date":"2015-05-24T21:44:03","date_gmt":"2015-05-24T20:44:03","guid":{"rendered":"http:\/\/beky.eu\/?page_id=25"},"modified":"2025-03-18T12:09:51","modified_gmt":"2025-03-18T11:09:51","slug":"kontakt","status":"publish","type":"page","link":"https:\/\/beky.eu\/en\/contact\/","title":{"rendered":"Contact"},"content":{"rendered":"\n<div class=\"wp-block-group\"><div class=\"wp-block-group__inner-container is-layout-flow wp-block-group-is-layout-flow\">\n<div class=\"wp-block-columns is-layout-flex wp-container-core-columns-is-layout-2 wp-block-columns-is-layout-flex\">\n<div class=\"wp-block-column is-layout-flow wp-block-column-is-layout-flow\" style=\"flex-basis:100%\">\n<div class=\"wp-block-group\"><div class=\"wp-block-group__inner-container is-layout-flow wp-block-group-is-layout-flow\">\n<div class=\"wp-block-columns is-layout-flex wp-container-core-columns-is-layout-1 wp-block-columns-is-layout-flex\">\n<div class=\"wp-block-column is-layout-flow wp-block-column-is-layout-flow\" style=\"flex-basis:100%\">\n<div class=\"wp-block-group\"><div class=\"wp-block-group__inner-container is-layout-flow wp-block-group-is-layout-flow\">\n<p><\/p>\n<h1>Contact<\/h1>\n<div class=\"billing-information\">\n<h2>Billing information<\/h2>\n<p>Beky, a.s.<\/p>\n<p>Podrybn\u00edcka 1<\/p>\n<p>069 01 Snina, Slovakia<br \/>ID: 36464350<\/p>\n<p>VAT no: SK2020022653<\/p>\n<p>Bank: Tatra banka<\/p>\n<p>IBAN: SK91 1100 0000 0029 2155 0014<\/p>\n<p>GLN: 8589000086143<\/p>\n<\/div>\n<div class=\"contact-info\">\n<h2>Office &amp; Production Plant no. 1<\/h2>\n<p>Stak\u010d\u00ednska 757<br \/>069 01 Snina, Slovakia<\/p>\n<\/div>\n<div class=\"map\"><iframe loading=\"lazy\" style=\"border: 0;\" tabindex=\"0\" src=\"https:\/\/www.google.com\/maps\/embed?pb=!1m18!1m12!1m3!1d2618.465585350247!2d22.175395130850603!3d48.98269661566359!2m3!1f0!2f0!3f0!3m2!1i1024!2i768!4f13.1!3m3!1m2!1s0x0%3A0x75f59ff474bfa22a!2zQmVreSwgYS5zLiAtIEthbmNlbMOhcmllICYgcHJldsOhZHprYSDEjS4gMQ!5e0!3m2!1scs!2ssk!4v1613402003496!5m2!1scs!2ssk\" width=\"400\" height=\"300\" frameborder=\"0\" allowfullscreen=\"allowfullscreen\" aria-hidden=\"false\"><\/iframe><\/div>\n<div class=\"contact-info\">\n<h2>Production Plant no. 2<\/h2>\n<p>Podrybn\u00edcka 1<br \/>069 01 Snina, Slovakia<\/p>\n<\/div>\n<div class=\"map\"><iframe loading=\"lazy\" style=\"border: 0;\" tabindex=\"0\" src=\"https:\/\/www.google.com\/maps\/embed?pb=!1m18!1m12!1m3!1d2618.5114592090017!2d22.16636145088844!3d48.981823499860745!2m3!1f0!2f0!3f0!3m2!1i1024!2i768!4f13.1!3m3!1m2!1s0x47394f5ab7ecd527%3A0x6729aa885ecddadd!2sBeky%2C%20Inc.%20-%20Production%20site%20%232!5e0!3m2!1scs!2ssk!4v1613401696722!5m2!1scs!2ssk\" width=\"400\" height=\"300\" frameborder=\"0\" allowfullscreen=\"allowfullscreen\" aria-hidden=\"false\"><\/iframe><\/div>\n<div class=\"contact-number\">\n<h3>Phone<\/h3>\n<p>00421 57 768 5446<br \/>00421 57 779 5783<\/p>\n<\/div>\n<div class=\"contact-number\">\n<h3>Fax<\/h3>\n<p>00421 57 768 2297<\/p>\n<\/div>\n<div class=\"our-team\">\n<h2>Our team<\/h2>\n<h3>Management<\/h3>\n<div class=\"team-member\">\n<p><img decoding=\"async\" src=\"\/wp-content\/uploads\/2015\/05\/profile.jpg\" alt=\"profile\" \/><\/p>\n<h3>Peter Bre\u010dka<img decoding=\"async\" class=\"language\" src=\"\/wp-content\/plugins\/qtranslate-xp\/flags\/gb.png\" alt=\"\" \/><img decoding=\"async\" src=\"\/wp-content\/plugins\/qtranslate-xp\/flags\/ru.png\" alt=\"\" \/><\/h3>\n<p>CEO<br \/>00421 903 735 159<br \/><a href=\"mailto:brecka@beky.sk\">brecka@beky.sk<\/a><\/p>\n<\/div>\n<div id=\"team-hr\"><hr \/><\/div>\n<h3>Administration<\/h3>\n<div class=\"team-member\">\n<p><img decoding=\"async\" src=\"\/wp-content\/uploads\/2015\/05\/profile.jpg\" alt=\"profile\" \/><\/p>\n<h3>Jaroslava Kubisov\u00e1<img decoding=\"async\" src=\"\/wp-content\/plugins\/qtranslate-xp\/flags\/de.png\" alt=\"\" \/><\/h3>\n<p>Secretariat<br \/>00421 903 611 147<br \/><a href=\"mailto:marketing@beky.sk\">marketing@beky.sk<\/a><\/p>\n<\/div>\n<div class=\"team-member\">\n<p><img decoding=\"async\" src=\"\/wp-content\/uploads\/2015\/05\/profile.jpg\" alt=\"profile\" \/><\/p>\n<h3>Magdal\u00e9na Smo\u013eakov\u00e1<\/h3>\n<p>Finance Department &amp; Accounting<br \/>00421 903 611 142<br \/><a href=\"mailto:uctaren@beky.sk\">uctaren@beky.sk<\/a><\/p>\n<\/div>\n<div class=\"team-member\">\n<p><img decoding=\"async\" src=\"\/wp-content\/uploads\/2015\/05\/profile.jpg\" alt=\"profile\" \/><\/p>\n<h3>M\u00e1ria Cenknerov\u00e1<img decoding=\"async\" src=\"\/wp-content\/plugins\/qtranslate-xp\/flags\/de.png\" alt=\"\" \/><\/h3>\n<p>Environment &amp; Waste Management<br \/>00421 577 685 446<br \/><a href=\"mailto:buk@beky.sk\">buk@beky.sk<\/a><\/p>\n<\/div>\n<div class=\"team-member\">\n<p><img decoding=\"async\" src=\"\/wp-content\/uploads\/2015\/05\/profile.jpg\" alt=\"profile\" \/><\/p>\n<h3>Monika Vajdov\u00e1<\/h3>\n<p>Human Resources<br \/>00421 577 685 446<br \/><a href=\"mailto:mzdy@beky.sk\">mzdy@beky.sk<\/a><\/p>\n<\/div>\n<div class=\"team-member\">\n<p><img decoding=\"async\" src=\"\/wp-content\/uploads\/2015\/05\/profile.jpg\" alt=\"profile\" \/><\/p>\n<h3>Jana Smo\u013eakov\u00e1<\/h3>\n<p>Assistant<br \/>00421 577 685 446<br \/><a href=\"mailto:beky1@beky.sk\">beky1@beky.sk<\/a><\/p>\n<\/div>\n<div id=\"team-hr\"><hr \/><\/div>\n<h3 id=\"show-members\">Production management<\/h3>\n<div id=\"our-team-hidden\">\n<div class=\"team-member\">\n<p><img decoding=\"async\" src=\"\/wp-content\/uploads\/2015\/05\/profile.jpg\" alt=\"profile\" \/><\/p>\n<h3>Peter Di\u0148a<\/h3>\n<p>Raw Wood Mass Processing<br \/>00421 577 685 446<br \/><a href=\"mailto:beky1@beky.sk\">beky1@beky.sk<\/a><\/p>\n<\/div>\n<div class=\"team-member\">\n<p><img decoding=\"async\" src=\"\/wp-content\/uploads\/2015\/05\/profile.jpg\" alt=\"profile\" \/><\/p>\n<h3>Milan Demjan<\/h3>\n<p>Beech Blanks &amp; Bent Goods<br \/>00421 577 685 446<br \/><a href=\"mailto:beky1@beky.sk\">beky1@beky.sk<\/a><\/p>\n<\/div>\n<div class=\"team-member\">\n<p><img decoding=\"async\" src=\"\/wp-content\/uploads\/2015\/05\/profile.jpg\" alt=\"profile\" \/><\/p>\n<h3>Peter Ferjak<\/h3>\n<p>Glued Board Production<br \/>00421 577 685 446<br \/><a href=\"mailto:beky@beky.sk\">beky@beky.sk<\/a><\/p>\n<\/div>\n<div class=\"team-member\">\n<p><img decoding=\"async\" src=\"\/wp-content\/uploads\/2015\/05\/profile.jpg\" alt=\"profile\" \/><\/p>\n<h3>Pavol Burda<\/h3>\n<p>Briquettes &amp; Wood Flour<br \/>00421 948 044 645<br \/><a href=\"mailto:beky1@beky.sk\">beky1@beky.sk<\/a><\/p>\n<\/div>\n<div class=\"team-member\">\n<p><img decoding=\"async\" src=\"\/wp-content\/uploads\/2015\/05\/profile.jpg\" alt=\"profile\" \/><\/p>\n<h3>Milo\u0161 Bre\u010dka<img decoding=\"async\" class=\"language\" src=\"\/wp-content\/plugins\/qtranslate-xp\/flags\/gb.png\" alt=\"\" \/><img decoding=\"async\" src=\"\/wp-content\/plugins\/qtranslate-xp\/flags\/it.png\" alt=\"\" \/><\/h3>\n<p>CNC<br \/>00421 577 685 446<br \/><a href=\"mailto:milos.brecka@beky.sk\">milos.brecka@beky.sk<\/a><\/p>\n<\/div>\n<div class=\"team-member\">\n<p><img decoding=\"async\" src=\"\/wp-content\/uploads\/2015\/05\/profile.jpg\" alt=\"profile\" \/><\/p>\n<h3>Rastislav Kru\u013e<\/h3>\n<p>Wood Mass Purchaser<br \/>00421 577 685 446<br \/><a href=\"mailto:beky@beky.sk\">beky@beky.sk<\/a><\/p>\n<\/div>\n<div class=\"team-member\">\n<p><img decoding=\"async\" src=\"\/wp-content\/uploads\/2015\/05\/profile.jpg\" alt=\"profile\" \/><\/p>\n<h3>J\u00e1n Bocan<\/h3>\n<p>Electrical Engineering<br \/>00421 577 685 446<br \/><a href=\"mailto:beky@beky.sk\">beky@beky.sk<\/a><\/p>\n<\/div>\n<div id=\"team-hr\"><hr \/><\/div>\n<\/div>\n<\/div>\n<p><\/p>\n<\/div><\/div>\n<\/div>\n<\/div>\n<\/div><\/div>\n<\/div>\n<\/div>\n<\/div><\/div>\n","protected":false},"excerpt":{"rendered":"Contact Billing information Beky, a.s. Podrybn\u00edcka 1 069 01 Snina, SlovakiaID: 36464350 VAT no: SK2020022653 Bank: Tatra banka IBAN: SK91 1100 0000 0029 2155 0014 GLN: 8589000086143 Office &amp; Production Plant no. 1 Stak\u010d\u00ednska 757069 01 Snina, Slovakia Production Plant no. 2 Podrybn\u00edcka 1069 01 Snina, Slovakia Phone 00421 57 768 544600421 57 779 5783 <p><a class=\"read-more\" href=\"https:\/\/beky.eu\/en\/contact\/\" itemprop=\"url\">Read More<\/a><\/p>","protected":false},"author":2,"featured_media":0,"parent":0,"menu_order":0,"comment_status":"closed","ping_status":"closed","template":"","meta":{"footnotes":""},"class_list":["post-25","page","type-page","status-publish","hentry","no-wpautop"],"_links":{"self":[{"href":"https:\/\/beky.eu\/en\/wp-json\/wp\/v2\/pages\/25","targetHints":{"allow":["GET"]}}],"collection":[{"href":"https:\/\/beky.eu\/en\/wp-json\/wp\/v2\/pages"}],"about":[{"href":"https:\/\/beky.eu\/en\/wp-json\/wp\/v2\/types\/page"}],"author":[{"embeddable":true,"href":"https:\/\/beky.eu\/en\/wp-json\/wp\/v2\/users\/2"}],"replies":[{"embeddable":true,"href":"https:\/\/beky.eu\/en\/wp-json\/wp\/v2\/comments?post=25"}],"version-history":[{"count":207,"href":"https:\/\/beky.eu\/en\/wp-json\/wp\/v2\/pages\/25\/revisions"}],"predecessor-version":[{"id":1393,"href":"https:\/\/beky.eu\/en\/wp-json\/wp\/v2\/pages\/25\/revisions\/1393"}],"wp:attachment":[{"href":"https:\/\/beky.eu\/en\/wp-json\/wp\/v2\/media?parent=25"}],"curies":[{"name":"wp","href":"https:\/\/api.w.org\/{rel}","templated":true}]}}