{"id":180,"date":"2015-08-01T07:47:16","date_gmt":"2015-08-01T06:47:16","guid":{"rendered":"http:\/\/beky.eu\/?page_id=180"},"modified":"2021-02-15T12:15:48","modified_gmt":"2021-02-15T11:15:48","slug":"brikety","status":"publish","type":"page","link":"https:\/\/beky.eu\/en\/wood-flour-briquettes\/briquettes\/","title":{"rendered":"Briquettes"},"content":{"rendered":"<h1>Briquettes<\/h1>\r\n<p>We make our briquettes from hardwood sawdust, especially beech. Dry sawdust is compressed under high pressure without any agglutinant; that means the briquettes are 100% natural.<\/p>\r\n\r\n<p><strong>Our briquettes are not FSC<sup>\u00ae<\/sup> certified.<\/strong><\/p>\r\n\r\n<p>Our briquettes have high calorific value: min. 18 MJ\/kg. Maximum ash content is 0,8%; minimum density 1,05kg\/dm3. Our briquettes have been evaluated by Czech national testing authority in Brno (Stroj\u00edrensk\u00fd zku\u0161ebn\u00ed \u00fastav Brno).<\/p>\r\n\r\n<p>One briquette measures 24,5&#215;8,5&#215;9,5 cm; its weight is 1,7-2 kg (depending on size of sawdust particles, i.e. its actual density). Shape of the briquette allows steady combustion on its whole surface. The briquettes are suitable for all types of fireplaces, chimney places, boilers, stoves etc.<\/p>\r\n\r\n<p>There are two possibilities for packing: briquettes can be stacked on a pallet in 10 kilogram packs or stacked on a pallet in bulk.\r\nThere are 960 kg on each pallet; each pallet is wrapped in a stretch foil.<\/br>\r\nWe are able to organize transport for full-truckload orders.<\/p>\r\n\r\n<div id='gallery-1' class='gallery galleryid-180 gallery-columns-3 gallery-size-thumbnail'><figure class='gallery-item'>\n\t\t\t<div class='gallery-icon landscape'>\n\t\t\t\t<a href='https:\/\/beky.eu\/wp-content\/uploads\/2015\/08\/brikety01.jpg' title=\"\" data-rl_title=\"\" class=\"rl-gallery-link\" data-rl_caption=\"\" data-rel=\"lightbox-gallery-1\"><img loading=\"lazy\" decoding=\"async\" width=\"150\" height=\"150\" src=\"https:\/\/beky.eu\/wp-content\/uploads\/2015\/08\/brikety01-150x150.jpg\" class=\"attachment-thumbnail size-thumbnail\" alt=\"\" \/><\/a>\n\t\t\t<\/div><\/figure><figure class='gallery-item'>\n\t\t\t<div class='gallery-icon landscape'>\n\t\t\t\t<a href='https:\/\/beky.eu\/wp-content\/uploads\/2015\/08\/brikety02.jpg' title=\"\" data-rl_title=\"\" class=\"rl-gallery-link\" data-rl_caption=\"\" data-rel=\"lightbox-gallery-1\"><img loading=\"lazy\" decoding=\"async\" width=\"150\" height=\"150\" src=\"https:\/\/beky.eu\/wp-content\/uploads\/2015\/08\/brikety02-150x150.jpg\" class=\"attachment-thumbnail size-thumbnail\" alt=\"\" \/><\/a>\n\t\t\t<\/div><\/figure><figure class='gallery-item'>\n\t\t\t<div class='gallery-icon landscape'>\n\t\t\t\t<a href='https:\/\/beky.eu\/wp-content\/uploads\/2015\/08\/brikety04.jpg' title=\"\" data-rl_title=\"\" class=\"rl-gallery-link\" data-rl_caption=\"\" data-rel=\"lightbox-gallery-1\"><img loading=\"lazy\" decoding=\"async\" width=\"150\" height=\"150\" src=\"https:\/\/beky.eu\/wp-content\/uploads\/2015\/08\/brikety04-150x150.jpg\" class=\"attachment-thumbnail size-thumbnail\" alt=\"\" \/><\/a>\n\t\t\t<\/div><\/figure>\n\t\t<\/div>\n","protected":false},"excerpt":{"rendered":"Briquettes We make our briquettes from hardwood sawdust, especially beech. Dry sawdust is compressed under high pressure without any agglutinant; that means the briquettes are 100% natural. Our briquettes are not FSC\u00ae certified. Our briquettes have high calorific value: min. 18 MJ\/kg. Maximum ash content is 0,8%; minimum density 1,05kg\/dm3. Our briquettes have been evaluated <p><a class=\"read-more\" href=\"https:\/\/beky.eu\/en\/wood-flour-briquettes\/briquettes\/\" itemprop=\"url\">Read More<\/a><\/p>","protected":false},"author":2,"featured_media":0,"parent":19,"menu_order":0,"comment_status":"closed","ping_status":"closed","template":"","meta":{"footnotes":""},"class_list":["post-180","page","type-page","status-publish","hentry","no-wpautop"],"_links":{"self":[{"href":"https:\/\/beky.eu\/en\/wp-json\/wp\/v2\/pages\/180","targetHints":{"allow":["GET"]}}],"collection":[{"href":"https:\/\/beky.eu\/en\/wp-json\/wp\/v2\/pages"}],"about":[{"href":"https:\/\/beky.eu\/en\/wp-json\/wp\/v2\/types\/page"}],"author":[{"embeddable":true,"href":"https:\/\/beky.eu\/en\/wp-json\/wp\/v2\/users\/2"}],"replies":[{"embeddable":true,"href":"https:\/\/beky.eu\/en\/wp-json\/wp\/v2\/comments?post=180"}],"version-history":[{"count":39,"href":"https:\/\/beky.eu\/en\/wp-json\/wp\/v2\/pages\/180\/revisions"}],"predecessor-version":[{"id":1275,"href":"https:\/\/beky.eu\/en\/wp-json\/wp\/v2\/pages\/180\/revisions\/1275"}],"up":[{"embeddable":true,"href":"https:\/\/beky.eu\/en\/wp-json\/wp\/v2\/pages\/19"}],"wp:attachment":[{"href":"https:\/\/beky.eu\/en\/wp-json\/wp\/v2\/media?parent=180"}],"curies":[{"name":"wp","href":"https:\/\/api.w.org\/{rel}","templated":true}]}}