{"id":9,"date":"2015-05-24T21:23:43","date_gmt":"2015-05-24T20:23:43","guid":{"rendered":"http:\/\/beky.eu\/?page_id=9"},"modified":"2021-02-15T11:36:31","modified_gmt":"2021-02-15T10:36:31","slug":"uvod","status":"publish","type":"page","link":"https:\/\/beky.eu\/de\/","title":{"rendered":"Startseite"},"content":{"rendered":"<h1>Willkommen!<\/h1>\r\n<div id=\"front-page\" class=\"cms-page\">\r\n\r\n<a href=\"\/wp-content\/uploads\/2015\/05\/hlavni-budova-beky.jpg\" data-rel=\"lightbox-image-0\" data-rl_title=\"\" data-rl_caption=\"\" title=\"\"><img loading=\"lazy\" decoding=\"async\" class=\"left-side img-inside-cms alignnone size-medium wp-image-187\" src=\"\/wp-content\/uploads\/2015\/05\/hlavni-budova-beky-300x200.jpg\" alt=\"hlavni-budova-beky\" width=\"300\" height=\"200\" srcset=\"https:\/\/beky.eu\/wp-content\/uploads\/2015\/05\/hlavni-budova-beky-300x200.jpg 300w, https:\/\/beky.eu\/wp-content\/uploads\/2015\/05\/hlavni-budova-beky-1024x682.jpg 1024w, https:\/\/beky.eu\/wp-content\/uploads\/2015\/05\/hlavni-budova-beky.jpg 1920w\" sizes=\"auto, (max-width: 300px) 100vw, 300px\" \/><\/a>\r\n\r\n<p class=\"right-side\">Willkommen auf der Webseite der Gesellschaft Beky a. s. Wir sind ein Familienunternehmen. Wir spezialisieren uns f\u00fcr die Produktion von M\u00f6bel-Halbprodukten. Auf dem Markt sind wir seit dem Jahr 1992.<\/p>\r\n<p class=\"right-side\">Vor allem bearbeiten wir Buche-Rundholz. In kleinere Menge machen wir auch die Produkte aus Eiche und amerikanisches Nuss. Au\u00dfer den Kantelware produzieren wir auch Leimware mit durchgehenden Lamellen und keilverzinkt.<\/p>\r\n<br class=\"cleaner\" \/>\r\nWir widmen uns auch der Briketten-Produktion aus 100% Hartholz und den speziellen Produkt &#8211; Holzmehl. Holzmehl-Produktion hat viele M\u00f6glichkeiten der Verwendung, wie zum Beispiel Rohmaterial f\u00fcr Holzkunstoff (Komposite), bei der Pelzindustrie als die Ausgerbung und in Viehwirtschaft als das L\u00e4germaterial.\r\n\r\n<div id='gallery-1' class='gallery galleryid-9 gallery-columns-3 gallery-size-thumbnail'><figure class='gallery-item'>\n\t\t\t<div class='gallery-icon landscape'>\n\t\t\t\t<a href='https:\/\/beky.eu\/wp-content\/uploads\/2015\/05\/rezivo.jpg' title=\"\" data-rl_title=\"\" class=\"rl-gallery-link\" data-rl_caption=\"\" data-rel=\"lightbox-gallery-1\"><img loading=\"lazy\" decoding=\"async\" width=\"150\" height=\"150\" src=\"https:\/\/beky.eu\/wp-content\/uploads\/2015\/05\/rezivo-150x150.jpg\" class=\"attachment-thumbnail size-thumbnail\" alt=\"\" \/><\/a>\n\t\t\t<\/div><\/figure><figure class='gallery-item'>\n\t\t\t<div class='gallery-icon portrait'>\n\t\t\t\t<a href='https:\/\/beky.eu\/wp-content\/uploads\/2015\/10\/Buk_rezivo_A.jpg' title=\"\" data-rl_title=\"\" class=\"rl-gallery-link\" data-rl_caption=\"\" data-rel=\"lightbox-gallery-1\"><img loading=\"lazy\" decoding=\"async\" width=\"150\" height=\"150\" src=\"https:\/\/beky.eu\/wp-content\/uploads\/2015\/10\/Buk_rezivo_A-150x150.jpg\" class=\"attachment-thumbnail size-thumbnail\" alt=\"\" \/><\/a>\n\t\t\t<\/div><\/figure><figure class='gallery-item'>\n\t\t\t<div class='gallery-icon landscape'>\n\t\t\t\t<a href='https:\/\/beky.eu\/wp-content\/uploads\/2015\/10\/Hranoly_male.jpg' title=\"\" data-rl_title=\"\" class=\"rl-gallery-link\" data-rl_caption=\"\" data-rel=\"lightbox-gallery-1\"><img loading=\"lazy\" decoding=\"async\" width=\"150\" height=\"150\" src=\"https:\/\/beky.eu\/wp-content\/uploads\/2015\/10\/Hranoly_male-150x150.jpg\" class=\"attachment-thumbnail size-thumbnail\" alt=\"\" \/><\/a>\n\t\t\t<\/div><\/figure>\n\t\t<\/div>\n\r\n\r\n<\/div>","protected":false},"excerpt":{"rendered":"Willkommen! Willkommen auf der Webseite der Gesellschaft Beky a. s. Wir sind ein Familienunternehmen. Wir spezialisieren uns f\u00fcr die Produktion von M\u00f6bel-Halbprodukten. Auf dem Markt sind wir seit dem Jahr 1992. Vor allem bearbeiten wir Buche-Rundholz. In kleinere Menge machen wir auch die Produkte aus Eiche und amerikanisches Nuss. Au\u00dfer den Kantelware produzieren wir auch <p><a class=\"read-more\" href=\"https:\/\/beky.eu\/de\/\" itemprop=\"url\">Read More<\/a><\/p>","protected":false},"author":2,"featured_media":0,"parent":0,"menu_order":0,"comment_status":"closed","ping_status":"closed","template":"","meta":{"footnotes":""},"class_list":["post-9","page","type-page","status-publish","hentry","no-wpautop"],"_links":{"self":[{"href":"https:\/\/beky.eu\/de\/wp-json\/wp\/v2\/pages\/9","targetHints":{"allow":["GET"]}}],"collection":[{"href":"https:\/\/beky.eu\/de\/wp-json\/wp\/v2\/pages"}],"about":[{"href":"https:\/\/beky.eu\/de\/wp-json\/wp\/v2\/types\/page"}],"author":[{"embeddable":true,"href":"https:\/\/beky.eu\/de\/wp-json\/wp\/v2\/users\/2"}],"replies":[{"embeddable":true,"href":"https:\/\/beky.eu\/de\/wp-json\/wp\/v2\/comments?post=9"}],"version-history":[{"count":79,"href":"https:\/\/beky.eu\/de\/wp-json\/wp\/v2\/pages\/9\/revisions"}],"predecessor-version":[{"id":1264,"href":"https:\/\/beky.eu\/de\/wp-json\/wp\/v2\/pages\/9\/revisions\/1264"}],"wp:attachment":[{"href":"https:\/\/beky.eu\/de\/wp-json\/wp\/v2\/media?parent=9"}],"curies":[{"name":"wp","href":"https:\/\/api.w.org\/{rel}","templated":true}]}}