{"id":442,"date":"2015-08-04T23:41:36","date_gmt":"2015-08-04T22:41:36","guid":{"rendered":"http:\/\/beky.eu\/?page_id=442"},"modified":"2022-09-15T08:55:46","modified_gmt":"2022-09-15T07:55:46","slug":"kontaktni-formular","status":"publish","type":"page","link":"https:\/\/beky.eu\/de\/kontaktformular\/","title":{"rendered":"Kontaktformular"},"content":{"rendered":"\n<h1>Kontaktformular<\/h1>\nWenn Sie weitere Informationen w\u00fcnschen, kontaktieren Sie uns \u00fcber dieses Kontaktformular. Durch Klicken auf die Schaltfl\u00e4che \u201eSenden\u201c erkennen Sie an, dass die Verarbeitung Ihrer im Kontaktformular aufgef\u00fchrten personenbezogenen Daten ein berechtigtes Interesse von Beka, a.s. zum Zwecke der ordnungsgem\u00e4\u00dfen Bearbeitung Ihrer Anfrage.\n\n<form class=\"contact-form\" action=\"\/de\/message-send\/\" method=\"POST\"><input class=\"name\" name=\"name\" required=\"\" type=\"text\" placeholder=\"Name\" \/>\n<input name=\"company\" type=\"text\" placeholder=\"Firma\" \/>\n<input class=\"email\" name=\"email\" required=\"\" type=\"email\" placeholder=\"E-mail\" \/>\n<input name=\"phone\" type=\"text\" placeholder=\"Telefon\" \/>\n<textarea name=\"message\" required=\"\" placeholder=\"Nachricht\"><\/textarea>\n<div class=\"g-recaptcha\" data-sitekey=\"6LfgkwsTAAAAADW81XwSKjcEtN37GRIHRb8E-AMi\" data-size=\"compact\"><\/div>\n<input class=\"submit-btn\" type=\"submit\" value=\"Senden\" \/>\n<div style=\"position: relative !important; height: 0px !important; width: 0px !important; float: left !important;\" data-lastpass-icon-root=\"true\"><\/div>\n<\/form>","protected":false},"excerpt":{"rendered":"Kontaktformular Wenn Sie weitere Informationen w\u00fcnschen, kontaktieren Sie uns \u00fcber dieses Kontaktformular. Durch Klicken auf die Schaltfl\u00e4che \u201eSenden\u201c erkennen Sie an, dass die Verarbeitung Ihrer im Kontaktformular aufgef\u00fchrten personenbezogenen Daten ein berechtigtes Interesse von Beka, a.s. zum Zwecke der ordnungsgem\u00e4\u00dfen Bearbeitung Ihrer Anfrage.","protected":false},"author":3,"featured_media":0,"parent":0,"menu_order":0,"comment_status":"closed","ping_status":"closed","template":"","meta":{"footnotes":""},"class_list":["post-442","page","type-page","status-publish","hentry","no-wpautop"],"_links":{"self":[{"href":"https:\/\/beky.eu\/de\/wp-json\/wp\/v2\/pages\/442","targetHints":{"allow":["GET"]}}],"collection":[{"href":"https:\/\/beky.eu\/de\/wp-json\/wp\/v2\/pages"}],"about":[{"href":"https:\/\/beky.eu\/de\/wp-json\/wp\/v2\/types\/page"}],"author":[{"embeddable":true,"href":"https:\/\/beky.eu\/de\/wp-json\/wp\/v2\/users\/3"}],"replies":[{"embeddable":true,"href":"https:\/\/beky.eu\/de\/wp-json\/wp\/v2\/comments?post=442"}],"version-history":[{"count":67,"href":"https:\/\/beky.eu\/de\/wp-json\/wp\/v2\/pages\/442\/revisions"}],"predecessor-version":[{"id":1391,"href":"https:\/\/beky.eu\/de\/wp-json\/wp\/v2\/pages\/442\/revisions\/1391"}],"wp:attachment":[{"href":"https:\/\/beky.eu\/de\/wp-json\/wp\/v2\/media?parent=442"}],"curies":[{"name":"wp","href":"https:\/\/api.w.org\/{rel}","templated":true}]}}