{"id":23,"date":"2015-05-24T21:43:38","date_gmt":"2015-05-24T20:43:38","guid":{"rendered":"http:\/\/beky.eu\/?page_id=23"},"modified":"2023-11-23T11:00:43","modified_gmt":"2023-11-23T10:00:43","slug":"o-nas","status":"publish","type":"page","link":"https:\/\/beky.eu\/de\/firma\/","title":{"rendered":"Firma"},"content":{"rendered":"<h1><\/h1>\n<h1><\/h1>\n<h1><\/h1>\n<h1>\u00dcber uns<\/h1>\n<p>Firma <strong>Beky, a.s.<\/strong> ist seit dem Jahr 1992 auf dem Markt. Firma <strong>ist eine von dem gr\u00f6\u00dften Hartholzbearbeiter<\/strong> in dem Mitteleuropa. 95% von der Produktion wird auf dem ausl\u00e4ndischen Markt verkauft, vor allem im Deutschland, D\u00e4nemark, Norwegen, Tschechei und Polen.<\/p>\n<p>Wir sind eine Familienfirma. Auf der Leitung der Firma nimmt schon die zweite Familiengeneration teil.<br \/>\nUnsere Priorit\u00e4t ist seri\u00f6s und professional zu sein.<br \/>\nSchon \u00fcber 30 Jahren bauen wir einen guten Name der Firma. Wir sind zuverl\u00e4ssig und stabil als Partnern f\u00fcr alle unsere Kunden aus ganzer Welt. Wir nutzten alle Natur-Quellen \u00f6konomisch und \u00f6kologisch aus.<br \/>\nEs ist f\u00fcr uns sehr wichtig auch die Technologie, die wir durchgehend erneuern, wir investieren in modernen und elektiven Maschinen. In der Zukunft wollen wir in diesem Trend fortsetzen und so unsere Position auf dem Markt zu festen.<\/p>\n<p>Hauptmomente der Firma innerhalb ihrer Existenz:<\/p>\n<ul>\n<li><strong>1992<\/strong>: Gesellschaftsgr\u00fcndung. Einkauf der ersten Bundgatters\u00e4ge.<\/li>\n<li><strong>1996<\/strong>: Beitritt des Investor aus den Vereinigten Staaten von Amerika. Investition in den Trockenkammer, Einkauf der Technologie f\u00fcr Biegen und Hobeln.<\/li>\n<li><strong>1998<\/strong>: Einkauf von zweiter Anlage \u2013 Produktionsst\u00e4tte.<\/li>\n<li><strong>2000<\/strong>: Erweiterung vom Trockensystem, Einkauf den neuen Technologie f\u00fcr Rundholzbearbeitung. Produktenerweiterung \u2013 Leimware mit durchgehenden Lamellen.<\/li>\n<li><strong>2001<\/strong>: Produktenerweiterung \u2013 Leimware mit Lamellen keilverzinkt.<\/li>\n<li><strong>2010<\/strong>: Aufbau der neue Produktionshalle f\u00fcr Leimware (durchgehende Lamellen).<\/li>\n<li><strong>2012\/13<\/strong>: Aufbau der neue Produktionshalle f\u00fcr die Bearbeitung und Verwertung des Produktionsabfall \u2013 Briketten und Holzmehl.<\/li>\n<li><strong>2014<\/strong>: Aufbau der neue Administration-Geb\u00e4ude und der Halle f\u00fcr CNC-Maschinen.<\/li>\n<li><strong>2018<\/strong>: Opening of the CNC production.<\/li>\n<\/ul>\n<p>Beky a. s. bearbeitet pro Jahr ungef\u00e4hr 20 000 m<sup>3<\/sup> Buchenrundholz und weitere 40 000 m<sup>3<\/sup> Buchenschnittholz, welche bei den \u00f6rtlichen Kleinherstellern kauft. Au\u00dferdem werden beim Beky a. s. J\u00e4hrlich 2 000 m<sup>3<\/sup> Eichenrundholz und 250 m<sup>3<\/sup> Schnittholz von Schwarznuss bearbeitet.<\/p>\n<p>Holzbearbeitung beinh\u00e4lt Einschnitt, D\u00e4mpfung, Trocknen und final Arbeiten auf dem Produkt wie Hobeln, Leimen oder Biegen.<\/p>\n<p>Maximale Trockenkammerkapazit\u00e4t ist 2 600 m<sup>3<\/sup> von Schnittholz in der St\u00e4rke 32 mm.<br \/>\nMaximale Eingangskapazit\u00e4t pro Monat ist 500 m<sup>3<\/sup> von gehobelte Kantelware und 500 m<sup>3<\/sup> den Leimplatten.<\/p>\n","protected":false},"excerpt":{"rendered":"<p>\u00dcber uns Firma Beky, a.s. ist seit dem Jahr 1992 auf dem Markt. Firma ist eine von dem gr\u00f6\u00dften Hartholzbearbeiter in dem Mitteleuropa. 95% von der Produktion wird auf dem ausl\u00e4ndischen Markt verkauft, vor allem im Deutschland, D\u00e4nemark, Norwegen, Tschechei und Polen. Wir sind eine Familienfirma. Auf der Leitung der Firma nimmt schon die zweite <\/p>\n<p><a class=\"read-more\" href=\"https:\/\/beky.eu\/de\/firma\/\" itemprop=\"url\">Read More<\/a><\/p>\n","protected":false},"author":1,"featured_media":0,"parent":0,"menu_order":0,"comment_status":"closed","ping_status":"closed","template":"","meta":{"footnotes":""},"class_list":["post-23","page","type-page","status-publish","hentry","wpautop"],"_links":{"self":[{"href":"https:\/\/beky.eu\/de\/wp-json\/wp\/v2\/pages\/23","targetHints":{"allow":["GET"]}}],"collection":[{"href":"https:\/\/beky.eu\/de\/wp-json\/wp\/v2\/pages"}],"about":[{"href":"https:\/\/beky.eu\/de\/wp-json\/wp\/v2\/types\/page"}],"author":[{"embeddable":true,"href":"https:\/\/beky.eu\/de\/wp-json\/wp\/v2\/users\/1"}],"replies":[{"embeddable":true,"href":"https:\/\/beky.eu\/de\/wp-json\/wp\/v2\/comments?post=23"}],"version-history":[{"count":48,"href":"https:\/\/beky.eu\/de\/wp-json\/wp\/v2\/pages\/23\/revisions"}],"predecessor-version":[{"id":1390,"href":"https:\/\/beky.eu\/de\/wp-json\/wp\/v2\/pages\/23\/revisions\/1390"}],"wp:attachment":[{"href":"https:\/\/beky.eu\/de\/wp-json\/wp\/v2\/media?parent=23"}],"curies":[{"name":"wp","href":"https:\/\/api.w.org\/{rel}","templated":true}]}}