{"id":21,"date":"2015-05-24T21:43:18","date_gmt":"2015-05-24T20:43:18","guid":{"rendered":"http:\/\/beky.eu\/?page_id=21"},"modified":"2026-01-28T09:42:44","modified_gmt":"2026-01-28T08:42:44","slug":"ekologie","status":"publish","type":"page","link":"https:\/\/beky.eu\/de\/umweltfreundlichkeit\/","title":{"rendered":"Umweltfreundlichkeit"},"content":{"rendered":"\n<h1>Umweltfreundlichkeit<\/h1>\n<h2>Beky sch\u00fctzt die Umwelt<\/h2>\nEine von unseren Priorit\u00e4ten ist der Umweltschutz, was eigentlich, heutzutage selbstverst\u00e4ndlich ist. Wir sind \u00f6kologisch und \u00f6konomisch: wirbem\u00fchen uns um die h\u00f6chste Ausbeutung des Rohmaterials, dass die m\u00f6glich das niedrigste Abfall entsteht. Organischer Abfall, der doch bei der Produktion entsteht (Abfallschnitzel und S\u00e4gemehl) wird weiterhin in der Firma bearbeitet. So wie f\u00fcr die Produktion von Briketten und Holzmehl, ist dieser Abfall auch f\u00fcr W\u00e4rmeerzeugung f\u00fcr unsere Firma gebraucht.\n\n<div id='gallery-1' class='gallery galleryid-21 gallery-columns-3 gallery-size-thumbnail'><figure class='gallery-item'>\n\t\t\t<div class='gallery-icon landscape'>\n\t\t\t\t<a href='https:\/\/beky.eu\/wp-content\/uploads\/2015\/05\/priroda_houbicka1.jpg' title=\"\" data-rl_title=\"\" class=\"rl-gallery-link\" data-rl_caption=\"\" data-rel=\"lightbox-gallery-1\"><img loading=\"lazy\" decoding=\"async\" width=\"150\" height=\"150\" src=\"https:\/\/beky.eu\/wp-content\/uploads\/2015\/05\/priroda_houbicka1-150x150.jpg\" class=\"attachment-thumbnail size-thumbnail\" alt=\"\" \/><\/a>\n\t\t\t<\/div><\/figure><figure class='gallery-item'>\n\t\t\t<div class='gallery-icon landscape'>\n\t\t\t\t<a href='https:\/\/beky.eu\/wp-content\/uploads\/2015\/05\/priroda_zalud.jpg' title=\"\" data-rl_title=\"\" class=\"rl-gallery-link\" data-rl_caption=\"\" data-rel=\"lightbox-gallery-1\"><img loading=\"lazy\" decoding=\"async\" width=\"150\" height=\"150\" src=\"https:\/\/beky.eu\/wp-content\/uploads\/2015\/05\/priroda_zalud-150x150.jpg\" class=\"attachment-thumbnail size-thumbnail\" alt=\"\" \/><\/a>\n\t\t\t<\/div><\/figure><figure class='gallery-item'>\n\t\t\t<div class='gallery-icon landscape'>\n\t\t\t\t<a href='https:\/\/beky.eu\/wp-content\/uploads\/2015\/05\/buk_zima.jpg' title=\"\" data-rl_title=\"\" class=\"rl-gallery-link\" data-rl_caption=\"\" data-rel=\"lightbox-gallery-1\"><img loading=\"lazy\" decoding=\"async\" width=\"150\" height=\"150\" src=\"https:\/\/beky.eu\/wp-content\/uploads\/2015\/05\/buk_zima-150x150.jpg\" class=\"attachment-thumbnail size-thumbnail\" alt=\"\" \/><\/a>\n\t\t\t<\/div><\/figure>\n\t\t<\/div>\n\n<h2>Zertifikat FSC<sup>\u00ae<\/sup><\/h2>\nUnsere Firma geh\u00f6rt zu den Firmen aus der ganzen Welt, die einen FSC<sup>\u00ae<\/sup> Zertifikat besitzt. Jedes Jahr ist unsere Firma erfolgreich neu \u00fcberpr\u00fcft, was hei\u00dft, dass bei uns bearbeitete Holz aus den zertifizierten W\u00e4ldern stammen. Zertifizierte W\u00e4lder sind schonend und nach dem FSC<sup>\u00ae<\/sup> Standard bewirtschaftet. Wir haben nicht volle Produktion\u00a0mit dem\u00a0FSC<sup>\u00ae<\/sup> Zertifikat bedeckt. Eigentlich sind wir begrenzt mit der Menge von den Lieferanten, die auch FSC<sup>\u00ae<\/sup> Zertifikat haben. Wir glauben aber, dass auch diese Menge in der Zukunft wachsen wird.\n\n<div id='gallery-2' class='gallery galleryid-21 gallery-columns-3 gallery-size-thumbnail'><figure class='gallery-item'>\n\t\t\t<div class='gallery-icon landscape'>\n\t\t\t\t<a href='https:\/\/beky.eu\/wp-content\/uploads\/2015\/05\/priroda_broucek.jpg' title=\"\" data-rl_title=\"\" class=\"rl-gallery-link\" data-rl_caption=\"\" data-rel=\"lightbox-gallery-2\"><img loading=\"lazy\" decoding=\"async\" width=\"150\" height=\"150\" src=\"https:\/\/beky.eu\/wp-content\/uploads\/2015\/05\/priroda_broucek-150x150.jpg\" class=\"attachment-thumbnail size-thumbnail\" alt=\"\" \/><\/a>\n\t\t\t<\/div><\/figure><figure class='gallery-item'>\n\t\t\t<div class='gallery-icon landscape'>\n\t\t\t\t<a href='https:\/\/beky.eu\/wp-content\/uploads\/2015\/05\/priroda_houbicka2.jpg' title=\"\" data-rl_title=\"\" class=\"rl-gallery-link\" data-rl_caption=\"\" data-rel=\"lightbox-gallery-2\"><img loading=\"lazy\" decoding=\"async\" width=\"150\" height=\"150\" src=\"https:\/\/beky.eu\/wp-content\/uploads\/2015\/05\/priroda_houbicka2-150x150.jpg\" class=\"attachment-thumbnail size-thumbnail\" alt=\"\" \/><\/a>\n\t\t\t<\/div><\/figure><figure class='gallery-item'>\n\t\t\t<div class='gallery-icon landscape'>\n\t\t\t\t<a href='https:\/\/beky.eu\/wp-content\/uploads\/2015\/05\/priroda_boruvcicka.jpg' title=\"\" data-rl_title=\"\" class=\"rl-gallery-link\" data-rl_caption=\"\" data-rel=\"lightbox-gallery-2\"><img loading=\"lazy\" decoding=\"async\" width=\"150\" height=\"150\" src=\"https:\/\/beky.eu\/wp-content\/uploads\/2015\/05\/priroda_boruvcicka-150x150.jpg\" class=\"attachment-thumbnail size-thumbnail\" alt=\"\" \/><\/a>\n\t\t\t<\/div><\/figure>\n\t\t<\/div>\n\n<h2>Regulation in der Slowakei<\/h2>\nWaldpflege hat in der Slowakei hundertj\u00e4hrige Tradition. Eine fortdauern und rationelle Benutzung den W\u00e4lder m\u00f6glich ist, legt die Slowakische Republik in dem Gesetz NR SR Nr. 326\/2005 G.S. \u00fcber den W\u00e4ldern in der Fassung des Gesetztes Nr. 360\/2007 G.S. jedem Waldinhaber den Frist ein Bewirtschaftungsplan zu bearbeiten. Dieser Plan wird f\u00fcr die Dauer 10 Jahren bearbeitet. Der Plan k\u00f6nnen nur die Fachleute fertigen. Dieser Plan muss von der Staatinstitution genehmigt werden. Der Plan wird direkt vom Bezirksamt genehmigt.\n\n<div id='gallery-3' class='gallery galleryid-21 gallery-columns-3 gallery-size-thumbnail'><figure class='gallery-item'>\n\t\t\t<div class='gallery-icon landscape'>\n\t\t\t\t<a href='https:\/\/beky.eu\/wp-content\/uploads\/2015\/05\/priroda_listy.jpg' title=\"\" data-rl_title=\"\" class=\"rl-gallery-link\" data-rl_caption=\"\" data-rel=\"lightbox-gallery-3\"><img loading=\"lazy\" decoding=\"async\" width=\"150\" height=\"150\" src=\"https:\/\/beky.eu\/wp-content\/uploads\/2015\/05\/priroda_listy-150x150.jpg\" class=\"attachment-thumbnail size-thumbnail\" alt=\"\" \/><\/a>\n\t\t\t<\/div><\/figure><figure class='gallery-item'>\n\t\t\t<div class='gallery-icon landscape'>\n\t\t\t\t<a href='https:\/\/beky.eu\/wp-content\/uploads\/2015\/05\/priroda_snecek.jpg' title=\"\" data-rl_title=\"\" class=\"rl-gallery-link\" data-rl_caption=\"\" data-rel=\"lightbox-gallery-3\"><img loading=\"lazy\" decoding=\"async\" width=\"150\" height=\"150\" src=\"https:\/\/beky.eu\/wp-content\/uploads\/2015\/05\/priroda_snecek-150x150.jpg\" class=\"attachment-thumbnail size-thumbnail\" alt=\"\" \/><\/a>\n\t\t\t<\/div><\/figure><figure class='gallery-item'>\n\t\t\t<div class='gallery-icon landscape'>\n\t\t\t\t<a href='https:\/\/beky.eu\/wp-content\/uploads\/2015\/05\/priroda_houbicka3.jpg' title=\"\" data-rl_title=\"\" class=\"rl-gallery-link\" data-rl_caption=\"\" data-rel=\"lightbox-gallery-3\"><img loading=\"lazy\" decoding=\"async\" width=\"150\" height=\"150\" src=\"https:\/\/beky.eu\/wp-content\/uploads\/2015\/05\/priroda_houbicka3-150x150.jpg\" class=\"attachment-thumbnail size-thumbnail\" alt=\"\" \/><\/a>\n\t\t\t<\/div><\/figure>\n\t\t<\/div>\n\n\nAufgrund dieses Plans leitet Waldarbeiter vom Fach dann komplette Bewirtschaftung des Waldes. Er f\u00fchrt das Buch \u00fcber komplette T\u00e4tigkeiten. Es hilft bei der Kontrolle und alle entdeckte Abweichungen sind bestrafft.\n\nEs ist m\u00f6glich zu sagen, dass alle slowakische W\u00e4lder und ist egal wer der Besitzer ist, sind dauern unter dem Aufsicht und detaillierte Kontrolle.\n\n<div id='gallery-4' class='gallery galleryid-21 gallery-columns-1 gallery-size-thumbnail'><figure class='gallery-item'>\n\t\t\t<div class='gallery-icon landscape'>\n\t\t\t\t<a href='https:\/\/beky.eu\/wp-content\/uploads\/2015\/05\/buk_podzim2.jpg' title=\"\" data-rl_title=\"\" class=\"rl-gallery-link\" data-rl_caption=\"\" data-rel=\"lightbox-gallery-4\"><img loading=\"lazy\" decoding=\"async\" width=\"150\" height=\"150\" src=\"https:\/\/beky.eu\/wp-content\/uploads\/2015\/05\/buk_podzim2-150x150.jpg\" class=\"attachment-thumbnail size-thumbnail\" alt=\"\" \/><\/a>\n\t\t\t<\/div><\/figure>\n\t\t<\/div>\n\n\n","protected":false},"excerpt":{"rendered":"Umweltfreundlichkeit Beky sch\u00fctzt die Umwelt Eine von unseren Priorit\u00e4ten ist der Umweltschutz, was eigentlich, heutzutage selbstverst\u00e4ndlich ist. Wir sind \u00f6kologisch und \u00f6konomisch: wirbem\u00fchen uns um die h\u00f6chste Ausbeutung des Rohmaterials, dass die m\u00f6glich das niedrigste Abfall entsteht. Organischer Abfall, der doch bei der Produktion entsteht (Abfallschnitzel und S\u00e4gemehl) wird weiterhin in der Firma bearbeitet. So <p><a class=\"read-more\" href=\"https:\/\/beky.eu\/de\/umweltfreundlichkeit\/\" itemprop=\"url\">Read More<\/a><\/p>","protected":false},"author":2,"featured_media":0,"parent":0,"menu_order":0,"comment_status":"closed","ping_status":"closed","template":"","meta":{"footnotes":""},"class_list":["post-21","page","type-page","status-publish","hentry","no-wpautop"],"_links":{"self":[{"href":"https:\/\/beky.eu\/de\/wp-json\/wp\/v2\/pages\/21","targetHints":{"allow":["GET"]}}],"collection":[{"href":"https:\/\/beky.eu\/de\/wp-json\/wp\/v2\/pages"}],"about":[{"href":"https:\/\/beky.eu\/de\/wp-json\/wp\/v2\/types\/page"}],"author":[{"embeddable":true,"href":"https:\/\/beky.eu\/de\/wp-json\/wp\/v2\/users\/2"}],"replies":[{"embeddable":true,"href":"https:\/\/beky.eu\/de\/wp-json\/wp\/v2\/comments?post=21"}],"version-history":[{"count":66,"href":"https:\/\/beky.eu\/de\/wp-json\/wp\/v2\/pages\/21\/revisions"}],"predecessor-version":[{"id":1404,"href":"https:\/\/beky.eu\/de\/wp-json\/wp\/v2\/pages\/21\/revisions\/1404"}],"wp:attachment":[{"href":"https:\/\/beky.eu\/de\/wp-json\/wp\/v2\/media?parent=21"}],"curies":[{"name":"wp","href":"https:\/\/api.w.org\/{rel}","templated":true}]}}