{"id":180,"date":"2015-08-01T07:47:16","date_gmt":"2015-08-01T06:47:16","guid":{"rendered":"http:\/\/beky.eu\/?page_id=180"},"modified":"2021-02-15T12:15:48","modified_gmt":"2021-02-15T11:15:48","slug":"brikety","status":"publish","type":"page","link":"https:\/\/beky.eu\/de\/holzmehl-briketten\/briketten\/","title":{"rendered":"Briketten"},"content":{"rendered":"<h1>Briketten<\/h1>\r\n<p>Briketten werden aus dem S\u00e4gemehl den Hartholzarten produziert, vor allem aus der Buche. Getrocknetes S\u00e4gemehl wird unter dem hohen Druck gepresst, es wird keinen Bindungsmitteln dazu gegeben. Briketten sind 100% von Naturursprung.<\/p>\r\n\r\n<p><strong>Unsere Briketten haben kein FSC<sup>\u00ae<\/sup> Zertifikat.<\/strong><\/p>\r\n\r\n<p>Briketten haben eine hohe Heizkraft: minimal 18 MJ\/kg; Aschengehalt maximal 0,8%; Dichte ist minimal 1,05 kg\/dm3. Diese Werte waren durch Stroj\u00edrensk\u00fd zku\u0161ebn\u00ed \u00fastav (Testinstitut) in Brno \u00fcberpr\u00fcft.<\/p>\r\n\r\n<p>Ein Brikett hat der Ausma\u00df 24,5&#215;8,5&#215;9,5 cm und der Gewicht ab 1,7 bis 2 kg (nach der verwendete Partikelgro\u00dfe, d. h. Brikettdichte). Brikettform gew\u00e4hrt ein gleichm\u00e4\u00dfiges Brennen innerhalb der ganzen Brikettfl\u00e4che. Briketten sind f\u00fcr alle Kaminen und Heizk\u00f6rper geeignet.<\/p>\r\n\r\n<p>Briketten k\u00f6nnen wir in 10kg Packung oder auf den Paletten freigelegt liefern.\r\nAuf einer Palette ist der Standard 960 kg den Briketten zu verpacken. Briketten sind auf der Palette mit eine Stretchfolie fixieret.<\/br>\r\nIn dem Fall von voll LKWs Abnahme, k\u00f6nnen wir den Transport organisieren.<\/p>\r\n\r\n<div id='gallery-1' class='gallery galleryid-180 gallery-columns-3 gallery-size-thumbnail'><figure class='gallery-item'>\n\t\t\t<div class='gallery-icon landscape'>\n\t\t\t\t<a href='https:\/\/beky.eu\/wp-content\/uploads\/2015\/08\/brikety01.jpg' title=\"\" data-rl_title=\"\" class=\"rl-gallery-link\" data-rl_caption=\"\" data-rel=\"lightbox-gallery-1\"><img loading=\"lazy\" decoding=\"async\" width=\"150\" height=\"150\" src=\"https:\/\/beky.eu\/wp-content\/uploads\/2015\/08\/brikety01-150x150.jpg\" class=\"attachment-thumbnail size-thumbnail\" alt=\"\" \/><\/a>\n\t\t\t<\/div><\/figure><figure class='gallery-item'>\n\t\t\t<div class='gallery-icon landscape'>\n\t\t\t\t<a href='https:\/\/beky.eu\/wp-content\/uploads\/2015\/08\/brikety02.jpg' title=\"\" data-rl_title=\"\" class=\"rl-gallery-link\" data-rl_caption=\"\" data-rel=\"lightbox-gallery-1\"><img loading=\"lazy\" decoding=\"async\" width=\"150\" height=\"150\" src=\"https:\/\/beky.eu\/wp-content\/uploads\/2015\/08\/brikety02-150x150.jpg\" class=\"attachment-thumbnail size-thumbnail\" alt=\"\" \/><\/a>\n\t\t\t<\/div><\/figure><figure class='gallery-item'>\n\t\t\t<div class='gallery-icon landscape'>\n\t\t\t\t<a href='https:\/\/beky.eu\/wp-content\/uploads\/2015\/08\/brikety04.jpg' title=\"\" data-rl_title=\"\" class=\"rl-gallery-link\" data-rl_caption=\"\" data-rel=\"lightbox-gallery-1\"><img loading=\"lazy\" decoding=\"async\" width=\"150\" height=\"150\" src=\"https:\/\/beky.eu\/wp-content\/uploads\/2015\/08\/brikety04-150x150.jpg\" class=\"attachment-thumbnail size-thumbnail\" alt=\"\" \/><\/a>\n\t\t\t<\/div><\/figure>\n\t\t<\/div>\n","protected":false},"excerpt":{"rendered":"Briketten Briketten werden aus dem S\u00e4gemehl den Hartholzarten produziert, vor allem aus der Buche. Getrocknetes S\u00e4gemehl wird unter dem hohen Druck gepresst, es wird keinen Bindungsmitteln dazu gegeben. Briketten sind 100% von Naturursprung. Unsere Briketten haben kein FSC\u00ae Zertifikat. Briketten haben eine hohe Heizkraft: minimal 18 MJ\/kg; Aschengehalt maximal 0,8%; Dichte ist minimal 1,05 kg\/dm3. <p><a class=\"read-more\" href=\"https:\/\/beky.eu\/de\/holzmehl-briketten\/briketten\/\" itemprop=\"url\">Read More<\/a><\/p>","protected":false},"author":2,"featured_media":0,"parent":19,"menu_order":0,"comment_status":"closed","ping_status":"closed","template":"","meta":{"footnotes":""},"class_list":["post-180","page","type-page","status-publish","hentry","no-wpautop"],"_links":{"self":[{"href":"https:\/\/beky.eu\/de\/wp-json\/wp\/v2\/pages\/180","targetHints":{"allow":["GET"]}}],"collection":[{"href":"https:\/\/beky.eu\/de\/wp-json\/wp\/v2\/pages"}],"about":[{"href":"https:\/\/beky.eu\/de\/wp-json\/wp\/v2\/types\/page"}],"author":[{"embeddable":true,"href":"https:\/\/beky.eu\/de\/wp-json\/wp\/v2\/users\/2"}],"replies":[{"embeddable":true,"href":"https:\/\/beky.eu\/de\/wp-json\/wp\/v2\/comments?post=180"}],"version-history":[{"count":39,"href":"https:\/\/beky.eu\/de\/wp-json\/wp\/v2\/pages\/180\/revisions"}],"predecessor-version":[{"id":1275,"href":"https:\/\/beky.eu\/de\/wp-json\/wp\/v2\/pages\/180\/revisions\/1275"}],"up":[{"embeddable":true,"href":"https:\/\/beky.eu\/de\/wp-json\/wp\/v2\/pages\/19"}],"wp:attachment":[{"href":"https:\/\/beky.eu\/de\/wp-json\/wp\/v2\/media?parent=180"}],"curies":[{"name":"wp","href":"https:\/\/api.w.org\/{rel}","templated":true}]}}