{"id":178,"date":"2015-08-01T07:46:33","date_gmt":"2015-08-01T06:46:33","guid":{"rendered":"http:\/\/beky.eu\/?page_id=178"},"modified":"2021-02-15T12:02:40","modified_gmt":"2021-02-15T11:02:40","slug":"drevni-moucka","status":"publish","type":"page","link":"https:\/\/beky.eu\/de\/holzmehl-briketten\/holzmehl\/","title":{"rendered":"Holzmehl"},"content":{"rendered":"<h1>Holzmehl<\/h1>\r\n<p>Holzmehl-Produktion hat viele M\u00f6glichkeiten der Verwendung. In der Gegenwart ist unser Holzmehl als Rohmaterial f\u00fcr Holzkunstoff (Komposite), bei der Pelzindustrie als die Ausgerbung und in Viehwirtschaft als das L\u00e4germaterial verwendet.<\/p>\r\n<p><strong>Unsere Holzmehl ist nicht FSC<sup>\u00ae<\/sup> zertifiziert.<\/strong><\/p>\r\n<p>Das Holzmehl wird aus Buche-S\u00e4gemehl hergestellt. S\u00e4gemehl wird  bei der Temperatur von 500\u2013550 \u00b0C getrocknet (diese Temperatur stellt sicher eine Desinfektion des Eingangsmaterials, vor allem wegen der Viehwirtschaft). Das material wird innerhalb Produktionsprozess nach Partikelgr\u00f6\u00dfe sortieret. Zu gro\u00dfe Partikel werden in spezielle M\u00fchle zermahlt, zu kleine Partikel (Staubpartikel) werden weg abgef\u00fchrt. Resultierendes Produkt wird durch ein Siebsystem in einzelne Fraktionen verteilt. Dieses Holzmehl wird in den Silo gelagert und dann zum Verpackungsband weitergeleitet. Nach dem Kundenwunsch k\u00f6nnen wir einzelne Fraktionen vermischen, dass ein Produkt mit gew\u00fcnschten Dicken hergestellte wird. Holzmehl wird in doppelschichtige  Papiers\u00e4cke mit dem Gewicht 20 kg oder in den Big Bag mit dem Gewicht 400 kg verpacken.<\/p>\r\n\r\n<div id='gallery-1' class='gallery galleryid-178 gallery-columns-2 gallery-size-thumbnail'><figure class='gallery-item'>\n\t\t\t<div class='gallery-icon portrait'>\n\t\t\t\t<a href='https:\/\/beky.eu\/wp-content\/uploads\/2015\/10\/Moucka_02.jpg' title=\"\" data-rl_title=\"\" class=\"rl-gallery-link\" data-rl_caption=\"\" data-rel=\"lightbox-gallery-1\"><img loading=\"lazy\" decoding=\"async\" width=\"150\" height=\"150\" src=\"https:\/\/beky.eu\/wp-content\/uploads\/2015\/10\/Moucka_02-150x150.jpg\" class=\"attachment-thumbnail size-thumbnail\" alt=\"\" \/><\/a>\n\t\t\t<\/div><\/figure><figure class='gallery-item'>\n\t\t\t<div class='gallery-icon landscape'>\n\t\t\t\t<a href='https:\/\/beky.eu\/wp-content\/uploads\/2015\/10\/Moucka_01.jpg' title=\"\" data-rl_title=\"\" class=\"rl-gallery-link\" data-rl_caption=\"\" data-rel=\"lightbox-gallery-1\"><img loading=\"lazy\" decoding=\"async\" width=\"150\" height=\"150\" src=\"https:\/\/beky.eu\/wp-content\/uploads\/2015\/10\/Moucka_01-150x150.jpg\" class=\"attachment-thumbnail size-thumbnail\" alt=\"\" \/><\/a>\n\t\t\t<\/div><\/figure>\n\t\t<\/div>\n","protected":false},"excerpt":{"rendered":"Holzmehl Holzmehl-Produktion hat viele M\u00f6glichkeiten der Verwendung. In der Gegenwart ist unser Holzmehl als Rohmaterial f\u00fcr Holzkunstoff (Komposite), bei der Pelzindustrie als die Ausgerbung und in Viehwirtschaft als das L\u00e4germaterial verwendet. Unsere Holzmehl ist nicht FSC\u00ae zertifiziert. Das Holzmehl wird aus Buche-S\u00e4gemehl hergestellt. S\u00e4gemehl wird bei der Temperatur von 500\u2013550 \u00b0C getrocknet (diese Temperatur stellt <p><a class=\"read-more\" href=\"https:\/\/beky.eu\/de\/holzmehl-briketten\/holzmehl\/\" itemprop=\"url\">Read More<\/a><\/p>","protected":false},"author":2,"featured_media":0,"parent":19,"menu_order":0,"comment_status":"closed","ping_status":"closed","template":"","meta":{"footnotes":""},"class_list":["post-178","page","type-page","status-publish","hentry","no-wpautop"],"_links":{"self":[{"href":"https:\/\/beky.eu\/de\/wp-json\/wp\/v2\/pages\/178","targetHints":{"allow":["GET"]}}],"collection":[{"href":"https:\/\/beky.eu\/de\/wp-json\/wp\/v2\/pages"}],"about":[{"href":"https:\/\/beky.eu\/de\/wp-json\/wp\/v2\/types\/page"}],"author":[{"embeddable":true,"href":"https:\/\/beky.eu\/de\/wp-json\/wp\/v2\/users\/2"}],"replies":[{"embeddable":true,"href":"https:\/\/beky.eu\/de\/wp-json\/wp\/v2\/comments?post=178"}],"version-history":[{"count":29,"href":"https:\/\/beky.eu\/de\/wp-json\/wp\/v2\/pages\/178\/revisions"}],"predecessor-version":[{"id":1271,"href":"https:\/\/beky.eu\/de\/wp-json\/wp\/v2\/pages\/178\/revisions\/1271"}],"up":[{"embeddable":true,"href":"https:\/\/beky.eu\/de\/wp-json\/wp\/v2\/pages\/19"}],"wp:attachment":[{"href":"https:\/\/beky.eu\/de\/wp-json\/wp\/v2\/media?parent=178"}],"curies":[{"name":"wp","href":"https:\/\/api.w.org\/{rel}","templated":true}]}}