{"id":174,"date":"2015-08-01T07:44:04","date_gmt":"2015-08-01T06:44:04","guid":{"rendered":"http:\/\/beky.eu\/?page_id=174"},"modified":"2026-04-28T09:14:26","modified_gmt":"2026-04-28T08:14:26","slug":"lepene-desky","status":"publish","type":"page","link":"https:\/\/beky.eu\/de\/mobel-halbprodukten\/leimplatten\/","title":{"rendered":"Leimplatten"},"content":{"rendered":"\n<h1>Leimplatten<\/h1>\n<h2>Leimware keilverzinkt<\/h2>\n<ul>\n \t<li>Feuchte 8%, plus minus 2%<\/li>\n \t<li>Leim D3, nach Kundenwunsch auch D4<\/li>\n \t<li>Fl\u00e4che geschliffen, Kern 120<\/li>\n \t<li>Abmessung von Leimplatten: St\u00e4rke 16-40 mm, Breite max. 1300 mm, L\u00e4nge max. 6000 mm<\/li>\n \t<li>Lamelle 40 \u2013 50 mm, in der Platte immer gleich<\/li>\n \t<li>Das Formatierung in der L\u00e4nge<\/li>\n \t<li>Auf Kundenwunsch\n<ul>\n \t<li>Tischplatten in der Qualit\u00e4t A\/B und A\/C mit zwei Kantenlamellen in der Qualit\u00e4t A (4 Seitig Fehlerfrei)<\/li>\n \t<li>Eckenradius: 1 oder 2 Kanten, Einseitig oder Beidseitig<\/li>\n \t<li>\u00d6len<\/li>\n \t<li>Soloverpackung den Platten<\/li>\n<\/ul>\n<\/li>\n \t<li>Die Fertigungsvariante:\n<ul>\n \t<li><strong>STANDARD:<\/strong> Lamellenbreite 40-50 mm (in der Platten immer gleich), Lamellenl\u00e4nge 150-600 (beil\u00e4ufig)<\/li>\n \t<li><strong>\u00d6KONOMIK:<\/strong> Lamellenbreite 0-39 mm (in der Platte immer gleich), Lamellenbreite 150-500 (beil\u00e4ufig)<\/li>\n<\/ul>\n<\/li>\n \t<li>Spezielle Variante:\n<ul>\n \t<li><strong>\u201eAmerikanische Platte\u201c:<\/strong> Schmale Lamellenformat &#8211; Lamellen auf der Kante geleimt, St\u00e4rke maximal 60 mm, Lamellenbreite max. 20 mm, Lamellenl\u00e4nge 200-500 mm (beil\u00e4ufig)<\/li>\n \t<li><strong>Leim-Kantel:<\/strong> Maximale Profil 150&#215;150 mm, L\u00e4nge 300-6000 mm<\/li>\n<\/ul>\n<\/li>\n<\/ul>\n<div id='gallery-1' class='gallery galleryid-174 gallery-columns-4 gallery-size-thumbnail'><figure class='gallery-item'>\n\t\t\t<div class='gallery-icon landscape'>\n\t\t\t\t<a href='https:\/\/beky.eu\/wp-content\/uploads\/2015\/08\/buk_cinkA.jpg' title=\"\" data-rl_title=\"\" class=\"rl-gallery-link\" data-rl_caption=\"\" data-rel=\"lightbox-gallery-1\"><img loading=\"lazy\" decoding=\"async\" width=\"150\" height=\"150\" src=\"https:\/\/beky.eu\/wp-content\/uploads\/2015\/08\/buk_cinkA-150x150.jpg\" class=\"attachment-thumbnail size-thumbnail\" alt=\"\" \/><\/a>\n\t\t\t<\/div><\/figure><figure class='gallery-item'>\n\t\t\t<div class='gallery-icon landscape'>\n\t\t\t\t<a href='https:\/\/beky.eu\/wp-content\/uploads\/2015\/08\/buk_cinkB.jpg' title=\"\" data-rl_title=\"\" class=\"rl-gallery-link\" data-rl_caption=\"\" data-rel=\"lightbox-gallery-1\"><img loading=\"lazy\" decoding=\"async\" width=\"150\" height=\"150\" src=\"https:\/\/beky.eu\/wp-content\/uploads\/2015\/08\/buk_cinkB-150x150.jpg\" class=\"attachment-thumbnail size-thumbnail\" alt=\"\" \/><\/a>\n\t\t\t<\/div><\/figure><figure class='gallery-item'>\n\t\t\t<div class='gallery-icon landscape'>\n\t\t\t\t<a href='https:\/\/beky.eu\/wp-content\/uploads\/2015\/08\/dub_cinkA.jpg' title=\"\" data-rl_title=\"\" class=\"rl-gallery-link\" data-rl_caption=\"\" data-rel=\"lightbox-gallery-1\"><img loading=\"lazy\" decoding=\"async\" width=\"150\" height=\"150\" src=\"https:\/\/beky.eu\/wp-content\/uploads\/2015\/08\/dub_cinkA-150x150.jpg\" class=\"attachment-thumbnail size-thumbnail\" alt=\"\" \/><\/a>\n\t\t\t<\/div><\/figure><figure class='gallery-item'>\n\t\t\t<div class='gallery-icon landscape'>\n\t\t\t\t<a href='https:\/\/beky.eu\/wp-content\/uploads\/2015\/08\/dub_cinkB.jpg' title=\"\" data-rl_title=\"\" class=\"rl-gallery-link\" data-rl_caption=\"\" data-rel=\"lightbox-gallery-1\"><img loading=\"lazy\" decoding=\"async\" width=\"150\" height=\"150\" src=\"https:\/\/beky.eu\/wp-content\/uploads\/2015\/08\/dub_cinkB-150x150.jpg\" class=\"attachment-thumbnail size-thumbnail\" alt=\"\" \/><\/a>\n\t\t\t<\/div><\/figure>\n\t\t<\/div>\n\n<ul class=\"wood-quality\">\n \t<li>\n<h2 id=\"quality\">Qualit\u00e4tskategorien des Holzes<\/h2>\nKlicken Sie hier, um die Qualit\u00e4ts\u00fcbersicht des Holzes f\u00fcr Kantelproduktion anzuzeigen.\n<div id=\"quality-content\">\n<h3>BUCHE<\/h3>\n<ul>\n \t<li><strong>A (4 Seitig Fehlerfrei)<\/strong>: Fehlerfrei, ohne Kern, ohne \u00c4ste, ohne Farbunterschiede<div id='gallery-2' class='gallery galleryid-174 gallery-columns-1 gallery-size-thumbnail'><figure class='gallery-item'>\n\t\t\t<div class='gallery-icon landscape'>\n\t\t\t\t<a href='https:\/\/beky.eu\/wp-content\/uploads\/2015\/08\/buk_cinkA.jpg' title=\"\" data-rl_title=\"\" class=\"rl-gallery-link\" data-rl_caption=\"\" data-rel=\"lightbox-gallery-2\"><img loading=\"lazy\" decoding=\"async\" width=\"150\" height=\"150\" src=\"https:\/\/beky.eu\/wp-content\/uploads\/2015\/08\/buk_cinkA-150x150.jpg\" class=\"attachment-thumbnail size-thumbnail\" alt=\"\" \/><\/a>\n\t\t\t<\/div><\/figure>\n\t\t<\/div>\n<\/li>\n \t<li><strong>B<\/strong>: Ohne \u00c4ste und Verstockung, in der Fl\u00e4che maximal 25% von Rotkern, einzelne schwarze Klein\u00e4ste bis 4 mm<div id='gallery-3' class='gallery galleryid-174 gallery-columns-1 gallery-size-thumbnail'><figure class='gallery-item'>\n\t\t\t<div class='gallery-icon landscape'>\n\t\t\t\t<a href='https:\/\/beky.eu\/wp-content\/uploads\/2015\/08\/buk_cinkB.jpg' title=\"\" data-rl_title=\"\" class=\"rl-gallery-link\" data-rl_caption=\"\" data-rel=\"lightbox-gallery-3\"><img loading=\"lazy\" decoding=\"async\" width=\"150\" height=\"150\" src=\"https:\/\/beky.eu\/wp-content\/uploads\/2015\/08\/buk_cinkB-150x150.jpg\" class=\"attachment-thumbnail size-thumbnail\" alt=\"\" \/><\/a>\n\t\t\t<\/div><\/figure>\n\t\t<\/div>\n<\/li>\n \t<li><strong>A\/B (1 Seitig Fehlerfrei)<\/strong>: Eine Kombination von A und B, 1 Seite Fehlerfrei in der Qualit\u00e4t A und zweite Seite B mit den Einl\u00e4ufen von Rotkern<\/li>\n \t<li><strong>C \u201eRustikal\u201c<\/strong>: Ohne F\u00e4ule, ohne Insektenbesch\u00e4digung, ohne Rissen, Rotkern und schwarzes Kern unbegrenzt, schwarze Klein\u00e4ste bis 8 mm unbegrenzt<\/li>\n<\/ul>\n<h3>EICHE<\/h3>\n<ul>\n \t<li><strong>A<\/strong>: Splintfrei, ohne \u00c4ste und Rissen, ohne schwarze Klein\u00e4ste<div id='gallery-4' class='gallery galleryid-174 gallery-columns-1 gallery-size-thumbnail'><figure class='gallery-item'>\n\t\t\t<div class='gallery-icon landscape'>\n\t\t\t\t<a href='https:\/\/beky.eu\/wp-content\/uploads\/2015\/08\/dub_cinkA.jpg' title=\"\" data-rl_title=\"\" class=\"rl-gallery-link\" data-rl_caption=\"\" data-rel=\"lightbox-gallery-4\"><img loading=\"lazy\" decoding=\"async\" width=\"150\" height=\"150\" src=\"https:\/\/beky.eu\/wp-content\/uploads\/2015\/08\/dub_cinkA-150x150.jpg\" class=\"attachment-thumbnail size-thumbnail\" alt=\"\" \/><\/a>\n\t\t\t<\/div><\/figure>\n\t\t<\/div>\n<\/li>\n \t<li><strong>B<\/strong>: Splint bis 10% der Fl\u00e4che, schwarze Klein\u00e4ste bis \u00d8 5 mm erlaubt<div id='gallery-5' class='gallery galleryid-174 gallery-columns-1 gallery-size-thumbnail'><figure class='gallery-item'>\n\t\t\t<div class='gallery-icon landscape'>\n\t\t\t\t<a href='https:\/\/beky.eu\/wp-content\/uploads\/2015\/08\/dub_cinkB.jpg' title=\"\" data-rl_title=\"\" class=\"rl-gallery-link\" data-rl_caption=\"\" data-rel=\"lightbox-gallery-5\"><img loading=\"lazy\" decoding=\"async\" width=\"150\" height=\"150\" src=\"https:\/\/beky.eu\/wp-content\/uploads\/2015\/08\/dub_cinkB-150x150.jpg\" class=\"attachment-thumbnail size-thumbnail\" alt=\"\" \/><\/a>\n\t\t\t<\/div><\/figure>\n\t\t<\/div>\n<\/li>\n \t<li><strong>C &#8220;wild eiche&#8221;<\/strong>: Splint erlaubt unbegrenzt, \u00c4ste bis \u00d8 20 mm erlaubt<\/li>\n<\/ul>\n<h3>NUSS<\/h3>\n<ul>\n \t<li><strong>A<\/strong>: Splintfrei, ohne \u00c4ste, ohne F\u00e4ule, kleine Menge von schwarzen Klein\u00e4sten erlaubt<\/li>\n \t<li><strong>B<\/strong>: Splint bis 10% der Fl\u00e4che, schwarze Klein\u00e4ste bis \u00d8 10 mm erlaubt, L\u00f6cher nach den \u00c4sten mit schwarzen Kitt reparieret<\/li>\n \t<li><strong>C<\/strong>: Splint und \u00c4ste erlaubt unbegrenzt, L\u00f6cher nach den \u00c4sten mit schwarzen Kitt reparieret<\/li>\n<\/ul>\n<\/div><\/li>\n<\/ul>\n<h2>Leimware mit durchgehende Lamellen<\/h2>\n<ul>\n \t<li>Feuchte 8%, plus minus 2%<\/li>\n \t<li>Leim D3, nach Kundenwunsch auch D4<\/li>\n \t<li>Fl\u00e4che geschliffen, Kern 120<\/li>\n \t<li>Abmessung von Leimplatten: St\u00e4rke 16\u201340 mm, Breite max. 1300 mm, L\u00e4nge max. 2500 mm<\/li>\n \t<li>Lamelle 40\u201350 mm, in der Platte immer gleich<\/li>\n \t<li>Das Formatierung in der L\u00e4nge<\/li>\n \t<li>Auf Kundenwunsch:\n<ul>\n \t<li>Tischplatten in der Qualit\u00e4t A\/B und A\/C mit zwei Kantenlamellen in der Qualit\u00e4t A (4 Seitig Fehlerfrei)<\/li>\n \t<li>Eckenradius: 1 oder 2 Kanten, Einseitig oder Beidseitig<\/li>\n \t<li>\u00d6len<\/li>\n \t<li>Soloverpackung den Platten<\/li>\n<\/ul>\n<\/li>\n \t<li>Spezielle Variante:\n<ul>\n \t<li><strong>\u201eAmerikanische Platte\u201c:<\/strong> Schmale Lamellenformat &#8211; Lamellen auf der Kante geleimt, St\u00e4rke maximal 60 mm, Lamellenbreite max. 20 mm<\/li>\n \t<li><strong>\u00d6KONOMIK:<\/strong> Lamellenbreite 30-39 mm (in der Platte immer gleich)<\/li>\n \t<li><strong>Leim-Kantel:<\/strong> Maximale Profil 150&#215;150 mm, L\u00e4nge300-6000 mm<\/li>\n<\/ul>\n<\/li>\n<\/ul>\n<div id='gallery-6' class='gallery galleryid-174 gallery-columns-4 gallery-size-thumbnail'><figure class='gallery-item'>\n\t\t\t<div class='gallery-icon landscape'>\n\t\t\t\t<a href='https:\/\/beky.eu\/wp-content\/uploads\/2015\/08\/buk_prubezkaA.jpg' title=\"\" data-rl_title=\"\" class=\"rl-gallery-link\" data-rl_caption=\"\" data-rel=\"lightbox-gallery-6\"><img loading=\"lazy\" decoding=\"async\" width=\"150\" height=\"150\" src=\"https:\/\/beky.eu\/wp-content\/uploads\/2015\/08\/buk_prubezkaA-150x150.jpg\" class=\"attachment-thumbnail size-thumbnail\" alt=\"\" \/><\/a>\n\t\t\t<\/div><\/figure><figure class='gallery-item'>\n\t\t\t<div class='gallery-icon landscape'>\n\t\t\t\t<a href='https:\/\/beky.eu\/wp-content\/uploads\/2015\/08\/buk_prubezkaB.jpg' title=\"\" data-rl_title=\"\" class=\"rl-gallery-link\" data-rl_caption=\"\" data-rel=\"lightbox-gallery-6\"><img loading=\"lazy\" decoding=\"async\" width=\"150\" height=\"150\" src=\"https:\/\/beky.eu\/wp-content\/uploads\/2015\/08\/buk_prubezkaB-150x150.jpg\" class=\"attachment-thumbnail size-thumbnail\" alt=\"\" \/><\/a>\n\t\t\t<\/div><\/figure><figure class='gallery-item'>\n\t\t\t<div class='gallery-icon landscape'>\n\t\t\t\t<a href='https:\/\/beky.eu\/wp-content\/uploads\/2015\/08\/dub_prubezkaA.jpg' title=\"\" data-rl_title=\"\" class=\"rl-gallery-link\" data-rl_caption=\"\" data-rel=\"lightbox-gallery-6\"><img loading=\"lazy\" decoding=\"async\" width=\"150\" height=\"150\" src=\"https:\/\/beky.eu\/wp-content\/uploads\/2015\/08\/dub_prubezkaA-150x150.jpg\" class=\"attachment-thumbnail size-thumbnail\" alt=\"\" \/><\/a>\n\t\t\t<\/div><\/figure><figure class='gallery-item'>\n\t\t\t<div class='gallery-icon landscape'>\n\t\t\t\t<a href='https:\/\/beky.eu\/wp-content\/uploads\/2015\/08\/dub_prubezkakaB.jpg' title=\"\" data-rl_title=\"\" class=\"rl-gallery-link\" data-rl_caption=\"\" data-rel=\"lightbox-gallery-6\"><img loading=\"lazy\" decoding=\"async\" width=\"150\" height=\"150\" src=\"https:\/\/beky.eu\/wp-content\/uploads\/2015\/08\/dub_prubezkakaB-150x150.jpg\" class=\"attachment-thumbnail size-thumbnail\" alt=\"\" \/><\/a>\n\t\t\t<\/div><\/figure><figure class='gallery-item'>\n\t\t\t<div class='gallery-icon landscape'>\n\t\t\t\t<a href='https:\/\/beky.eu\/wp-content\/uploads\/2015\/08\/orech_prubezkaA.jpg' title=\"\" data-rl_title=\"\" class=\"rl-gallery-link\" data-rl_caption=\"\" data-rel=\"lightbox-gallery-6\"><img loading=\"lazy\" decoding=\"async\" width=\"150\" height=\"150\" src=\"https:\/\/beky.eu\/wp-content\/uploads\/2015\/08\/orech_prubezkaA-150x150.jpg\" class=\"attachment-thumbnail size-thumbnail\" alt=\"\" \/><\/a>\n\t\t\t<\/div><\/figure><figure class='gallery-item'>\n\t\t\t<div class='gallery-icon landscape'>\n\t\t\t\t<a href='https:\/\/beky.eu\/wp-content\/uploads\/2015\/08\/orech_prubezkaB.jpg' title=\"\" data-rl_title=\"\" class=\"rl-gallery-link\" data-rl_caption=\"\" data-rel=\"lightbox-gallery-6\"><img loading=\"lazy\" decoding=\"async\" width=\"150\" height=\"150\" src=\"https:\/\/beky.eu\/wp-content\/uploads\/2015\/08\/orech_prubezkaB-150x150.jpg\" class=\"attachment-thumbnail size-thumbnail\" alt=\"\" \/><\/a>\n\t\t\t<\/div><\/figure>\n\t\t<\/div>\n\n<ul class=\"wood-quality\">\n \t<li>\n<h2 id=\"quality\">Qualit\u00e4tskategorien des Holzes<\/h2>\nKlicken Sie hier, um die Qualit\u00e4ts\u00fcbersicht des Holzes f\u00fcr Kantelproduktion anzuzeigen.\n<div id=\"quality-content\">\n<h3>BUCHE<\/h3>\n<ul>\n \t<li><strong>A (4 Seitig Fehlerfrei)<\/strong>: Fehlerfrei, ohne Kern, ohne \u00c4ste, ohne Farbunterschiede<div id='gallery-7' class='gallery galleryid-174 gallery-columns-1 gallery-size-thumbnail'><figure class='gallery-item'>\n\t\t\t<div class='gallery-icon landscape'>\n\t\t\t\t<a href='https:\/\/beky.eu\/wp-content\/uploads\/2015\/08\/buk_cinkA.jpg' title=\"\" data-rl_title=\"\" class=\"rl-gallery-link\" data-rl_caption=\"\" data-rel=\"lightbox-gallery-7\"><img loading=\"lazy\" decoding=\"async\" width=\"150\" height=\"150\" src=\"https:\/\/beky.eu\/wp-content\/uploads\/2015\/08\/buk_cinkA-150x150.jpg\" class=\"attachment-thumbnail size-thumbnail\" alt=\"\" \/><\/a>\n\t\t\t<\/div><\/figure>\n\t\t<\/div>\n<\/li>\n \t<li><strong>B<\/strong>: Ohne \u00c4ste und Verstockung, in der Fl\u00e4che maximal 25% von Rotkern, einzelne schwarze Klein\u00e4ste bis 4 mm<div id='gallery-8' class='gallery galleryid-174 gallery-columns-1 gallery-size-thumbnail'><figure class='gallery-item'>\n\t\t\t<div class='gallery-icon landscape'>\n\t\t\t\t<a href='https:\/\/beky.eu\/wp-content\/uploads\/2015\/08\/buk_cinkB.jpg' title=\"\" data-rl_title=\"\" class=\"rl-gallery-link\" data-rl_caption=\"\" data-rel=\"lightbox-gallery-8\"><img loading=\"lazy\" decoding=\"async\" width=\"150\" height=\"150\" src=\"https:\/\/beky.eu\/wp-content\/uploads\/2015\/08\/buk_cinkB-150x150.jpg\" class=\"attachment-thumbnail size-thumbnail\" alt=\"\" \/><\/a>\n\t\t\t<\/div><\/figure>\n\t\t<\/div>\n<\/li>\n \t<li><strong>A\/B (1 Seitig Fehlerfrei)<\/strong>: Eine Kombination von A und B, 1 Seite Fehlerfrei in der Qualit\u00e4t A und zweite Seite B mit den Einl\u00e4ufen von Rotkern<\/li>\n \t<li><strong>C \u201eRustikal\u201c<\/strong>: Ohne F\u00e4ule, ohne Insektenbesch\u00e4digung, ohne Rissen, Rotkern und schwarzes Kern unbegrenzt, schwarze Klein\u00e4ste bis 8 mm unbegrenzt<\/li>\n<\/ul>\n<h3>EICHE<\/h3>\n<ul>\n \t<li><strong>A<\/strong>: Splintfrei, ohne \u00c4ste und Rissen, ohne schwarze Klein\u00e4ste<div id='gallery-9' class='gallery galleryid-174 gallery-columns-1 gallery-size-thumbnail'><figure class='gallery-item'>\n\t\t\t<div class='gallery-icon landscape'>\n\t\t\t\t<a href='https:\/\/beky.eu\/wp-content\/uploads\/2015\/08\/dub_cinkA.jpg' title=\"\" data-rl_title=\"\" class=\"rl-gallery-link\" data-rl_caption=\"\" data-rel=\"lightbox-gallery-9\"><img loading=\"lazy\" decoding=\"async\" width=\"150\" height=\"150\" src=\"https:\/\/beky.eu\/wp-content\/uploads\/2015\/08\/dub_cinkA-150x150.jpg\" class=\"attachment-thumbnail size-thumbnail\" alt=\"\" \/><\/a>\n\t\t\t<\/div><\/figure>\n\t\t<\/div>\n<\/li>\n \t<li><strong>B<\/strong>: Splint bis 10% der Fl\u00e4che, schwarze Klein\u00e4ste bis \u00d8 5 mm erlaubt<div id='gallery-10' class='gallery galleryid-174 gallery-columns-1 gallery-size-thumbnail'><figure class='gallery-item'>\n\t\t\t<div class='gallery-icon landscape'>\n\t\t\t\t<a href='https:\/\/beky.eu\/wp-content\/uploads\/2015\/08\/dub_cinkB.jpg' title=\"\" data-rl_title=\"\" class=\"rl-gallery-link\" data-rl_caption=\"\" data-rel=\"lightbox-gallery-10\"><img loading=\"lazy\" decoding=\"async\" width=\"150\" height=\"150\" src=\"https:\/\/beky.eu\/wp-content\/uploads\/2015\/08\/dub_cinkB-150x150.jpg\" class=\"attachment-thumbnail size-thumbnail\" alt=\"\" \/><\/a>\n\t\t\t<\/div><\/figure>\n\t\t<\/div>\n<\/li>\n \t<li><strong>C &#8220;wild eiche&#8221;<\/strong>: Splint erlaubt unbegrenzt, \u00c4ste bis \u00d8 20 mm erlaubt<\/li>\n<\/ul>\n<h3>NUSS<\/h3>\n<ul>\n \t<li><strong>A<\/strong>: Splintfrei, ohne \u00c4ste, ohne F\u00e4ule, kleine Menge von schwarzen Klein\u00e4sten erlaubt<\/li>\n \t<li><strong>B<\/strong>: Splint bis 10% der Fl\u00e4che, schwarze Klein\u00e4ste bis \u00d8 10 mm erlaubt, L\u00f6cher nach den \u00c4sten mit schwarzen Kitt reparieret<\/li>\n \t<li><strong>C<\/strong>: Splint und \u00c4ste erlaubt unbegrenzt, L\u00f6cher nach den \u00c4sten mit schwarzen Kitt reparieret<\/li>\n<\/ul>\n<\/div><\/li>\n<\/ul>\n","protected":false},"excerpt":{"rendered":"Leimplatten Leimware keilverzinkt Feuchte 8%, plus minus 2% Leim D3, nach Kundenwunsch auch D4 Fl\u00e4che geschliffen, Kern 120 Abmessung von Leimplatten: St\u00e4rke 16-40 mm, Breite max. 1300 mm, L\u00e4nge max. 6000 mm Lamelle 40 \u2013 50 mm, in der Platte immer gleich Das Formatierung in der L\u00e4nge Auf Kundenwunsch Tischplatten in der Qualit\u00e4t A\/B und <p><a class=\"read-more\" href=\"https:\/\/beky.eu\/de\/mobel-halbprodukten\/leimplatten\/\" itemprop=\"url\">Read More<\/a><\/p>","protected":false},"author":2,"featured_media":0,"parent":17,"menu_order":0,"comment_status":"closed","ping_status":"closed","template":"","meta":{"footnotes":""},"class_list":["post-174","page","type-page","status-publish","hentry","no-wpautop"],"_links":{"self":[{"href":"https:\/\/beky.eu\/de\/wp-json\/wp\/v2\/pages\/174","targetHints":{"allow":["GET"]}}],"collection":[{"href":"https:\/\/beky.eu\/de\/wp-json\/wp\/v2\/pages"}],"about":[{"href":"https:\/\/beky.eu\/de\/wp-json\/wp\/v2\/types\/page"}],"author":[{"embeddable":true,"href":"https:\/\/beky.eu\/de\/wp-json\/wp\/v2\/users\/2"}],"replies":[{"embeddable":true,"href":"https:\/\/beky.eu\/de\/wp-json\/wp\/v2\/comments?post=174"}],"version-history":[{"count":105,"href":"https:\/\/beky.eu\/de\/wp-json\/wp\/v2\/pages\/174\/revisions"}],"predecessor-version":[{"id":1408,"href":"https:\/\/beky.eu\/de\/wp-json\/wp\/v2\/pages\/174\/revisions\/1408"}],"up":[{"embeddable":true,"href":"https:\/\/beky.eu\/de\/wp-json\/wp\/v2\/pages\/17"}],"wp:attachment":[{"href":"https:\/\/beky.eu\/de\/wp-json\/wp\/v2\/media?parent=174"}],"curies":[{"name":"wp","href":"https:\/\/api.w.org\/{rel}","templated":true}]}}