{"id":172,"date":"2015-08-01T07:42:20","date_gmt":"2015-08-01T06:42:20","guid":{"rendered":"http:\/\/beky.eu\/?page_id=172"},"modified":"2021-03-17T14:59:47","modified_gmt":"2021-03-17T13:59:47","slug":"hranoly","status":"publish","type":"page","link":"https:\/\/beky.eu\/de\/mobel-halbprodukten\/kantel\/","title":{"rendered":"Kantel"},"content":{"rendered":"<h1>Kantel<\/h1>\r\n<ul>\r\n\t<li>Kantel stellen wir nur aus Buche-Schnittholz her<\/li>\r\n\t<li>Feuchte: Trocken (8%) oder Lufttrocken (20-25%) <\/li>\r\n\t<li>Ungehobelt \/ vorgehobelt \/ gehobelt<\/li>\r\n\t<li>Dimension Maximal: St\u00e4rke bis 60 mm, Breite bis 110 mm, L\u00e4nge bis 3 m<\/li>\r\n\t<li>Abma\u00df Standard bis 2 mm f\u00fcr 1 Meter L\u00e4nge, oder nach der Eingabe von Kunde<\/li>\r\n\t<li>Spezielle Hobeln: Radius (Kantenbruch), Maximal 4xR5<\/li>\r\n\t<li>Biegung: Hochfrequenzpresse<\/li>\r\n<\/ul>\r\n<div id='gallery-1' class='gallery galleryid-172 gallery-columns-3 gallery-size-thumbnail'><figure class='gallery-item'>\n\t\t\t<div class='gallery-icon portrait'>\n\t\t\t\t<a href='https:\/\/beky.eu\/wp-content\/uploads\/2015\/10\/Hranoly_podelne.jpg' title=\"\" data-rl_title=\"\" class=\"rl-gallery-link\" data-rl_caption=\"\" data-rel=\"lightbox-gallery-1\"><img loading=\"lazy\" decoding=\"async\" width=\"150\" height=\"150\" src=\"https:\/\/beky.eu\/wp-content\/uploads\/2015\/10\/Hranoly_podelne-150x150.jpg\" class=\"attachment-thumbnail size-thumbnail\" alt=\"\" \/><\/a>\n\t\t\t<\/div><\/figure><figure class='gallery-item'>\n\t\t\t<div class='gallery-icon landscape'>\n\t\t\t\t<a href='https:\/\/beky.eu\/wp-content\/uploads\/2015\/10\/Hranoly_obyc.jpg' title=\"\" data-rl_title=\"\" class=\"rl-gallery-link\" data-rl_caption=\"\" data-rel=\"lightbox-gallery-1\"><img loading=\"lazy\" decoding=\"async\" width=\"150\" height=\"150\" src=\"https:\/\/beky.eu\/wp-content\/uploads\/2015\/10\/Hranoly_obyc-150x150.jpg\" class=\"attachment-thumbnail size-thumbnail\" alt=\"\" \/><\/a>\n\t\t\t<\/div><\/figure><figure class='gallery-item'>\n\t\t\t<div class='gallery-icon landscape'>\n\t\t\t\t<a href='https:\/\/beky.eu\/wp-content\/uploads\/2015\/10\/Hranoly_zkosene.jpg' title=\"\" data-rl_title=\"\" class=\"rl-gallery-link\" data-rl_caption=\"\" data-rel=\"lightbox-gallery-1\"><img loading=\"lazy\" decoding=\"async\" width=\"150\" height=\"150\" src=\"https:\/\/beky.eu\/wp-content\/uploads\/2015\/10\/Hranoly_zkosene-150x150.jpg\" class=\"attachment-thumbnail size-thumbnail\" alt=\"\" \/><\/a>\n\t\t\t<\/div><\/figure>\n\t\t<\/div>\n\r\n<ul class=\"wood-quality\">\r\n\t<li>\r\n<h2 id=\"quality\">Qualit\u00e4tskategorien des Holzes <span class=\"genericon genericon-expand\"><\/span><\/h2>\r\n<p>Klicken Sie hier, um die Qualit\u00e4ts\u00fcbersicht des Holzes f\u00fcr Kantelproduktion anzuzeigen.<\/p>\r\n<div id=\"quality-content\">\r\n<h3>BUCHE<\/h3>\r\n<ul>\r\n\t<li><strong>A (4 Seitig Fehlerfrei)<\/strong>: Fehlerfrei, ohne Kern, ohne \u00c4ste, ohne Farbunterschiede<\/li>\r\n\t<li><strong>B<\/strong>: Ohne \u00c4ste und Verstockung, in der Fl\u00e4che maximal 25% von Rotkern, einzelne schwarze Klein\u00e4ste bis 4 mm<\/li>\r\n\t<li><strong>A\/B (1 Seitig Fehlerfrei)<\/strong>: Eine Kombination von A und B, 1 Seite Fehlerfrei in der Qualit\u00e4t A und zweite Seite B mit den Einl\u00e4ufen von Rotkern<\/li>\r\n\t<li><strong>C \u201eRustikal\u201c<\/strong>: Ohne F\u00e4ule, ohne Insektenbesch\u00e4digung, ohne Rissen, Rotkern und schwarzes Kern unbegrenzt, schwarze Klein\u00e4ste bis 8 mm unbegrenzt<\/li>\r\n<\/ul>\r\n<\/div><\/li>\r\n<\/ul>","protected":false},"excerpt":{"rendered":"Kantel Kantel stellen wir nur aus Buche-Schnittholz her Feuchte: Trocken (8%) oder Lufttrocken (20-25%) Ungehobelt \/ vorgehobelt \/ gehobelt Dimension Maximal: St\u00e4rke bis 60 mm, Breite bis 110 mm, L\u00e4nge bis 3 m Abma\u00df Standard bis 2 mm f\u00fcr 1 Meter L\u00e4nge, oder nach der Eingabe von Kunde Spezielle Hobeln: Radius (Kantenbruch), Maximal 4xR5 Biegung: <p><a class=\"read-more\" href=\"https:\/\/beky.eu\/de\/mobel-halbprodukten\/kantel\/\" itemprop=\"url\">Read More<\/a><\/p>","protected":false},"author":2,"featured_media":0,"parent":17,"menu_order":0,"comment_status":"closed","ping_status":"closed","template":"","meta":{"footnotes":""},"class_list":["post-172","page","type-page","status-publish","hentry","no-wpautop"],"_links":{"self":[{"href":"https:\/\/beky.eu\/de\/wp-json\/wp\/v2\/pages\/172","targetHints":{"allow":["GET"]}}],"collection":[{"href":"https:\/\/beky.eu\/de\/wp-json\/wp\/v2\/pages"}],"about":[{"href":"https:\/\/beky.eu\/de\/wp-json\/wp\/v2\/types\/page"}],"author":[{"embeddable":true,"href":"https:\/\/beky.eu\/de\/wp-json\/wp\/v2\/users\/2"}],"replies":[{"embeddable":true,"href":"https:\/\/beky.eu\/de\/wp-json\/wp\/v2\/comments?post=172"}],"version-history":[{"count":57,"href":"https:\/\/beky.eu\/de\/wp-json\/wp\/v2\/pages\/172\/revisions"}],"predecessor-version":[{"id":1312,"href":"https:\/\/beky.eu\/de\/wp-json\/wp\/v2\/pages\/172\/revisions\/1312"}],"up":[{"embeddable":true,"href":"https:\/\/beky.eu\/de\/wp-json\/wp\/v2\/pages\/17"}],"wp:attachment":[{"href":"https:\/\/beky.eu\/de\/wp-json\/wp\/v2\/media?parent=172"}],"curies":[{"name":"wp","href":"https:\/\/api.w.org\/{rel}","templated":true}]}}