{"id":1118,"date":"2019-07-16T14:21:31","date_gmt":"2019-07-16T13:21:31","guid":{"rendered":"http:\/\/beky.eu\/?page_id=1118"},"modified":"2021-02-15T11:56:16","modified_gmt":"2021-02-15T10:56:16","slug":"cnc","status":"publish","type":"page","link":"https:\/\/beky.eu\/de\/mobel-halbprodukten\/cnc\/","title":{"rendered":"CNC"},"content":{"rendered":"<h1>CNC \u2013 Maschinenpark<\/h1>\r\n<h2>Wir bieten Halbware-Bearbeitung auf folgenden Maschinen an:<\/h2>\r\n<ul>\r\n\t<li>5-Achsen fl\u00e4chige CNC Morbidelli M200 (<b><a href=\"https:\/\/www.youtube.com\/watch?v=M4iS3rsxpUQ\" data-rel=\"lightbox-video-0\">Video<\/a><\/b>). Produktion von Flachteilen, Betten, T\u00fcren, Tischplatten und Flachausschnitten bis in der L\u00e4nge 3,10m<\/li>\r\n\t<li>5-Achsen fl\u00e4chige CNC Morbidelli M800 (<b><a href=\"https:\/\/www.youtube.com\/watch?v=lMjVq7VkP3I\" data-rel=\"lightbox-video-1\">Video<\/a><\/b>). Produktion von Flachteilen, Betten, T\u00fcren, Tischplatten und Flachausschnitten bis in der L\u00e4nge 6,30m<\/li>\r\n\t<li>Drechsel-Kopierer Bacci T4M-O (<a href=\"https:\/\/www.youtube.com\/watch?v=FJJESeqhgfY&amp;feature=youtu.be&amp;t=7&amp;ab_channel=BACCI\" data-rel=\"lightbox-video-2\" target=\"_blank\"><b>Video<\/b><\/a>). Produktion von Bettf\u00fcssen, Stuhlf\u00fcssen, Werkzeugstiels und Sportteilen bis 1m lang<\/li>\r\n\t<li>3-Achsen \u2013 Zentrum vom Schneideinrichtung und Bohr-Fr\u00e4szentrum Comec MD Top L (<b><a href=\"https:\/\/www.youtube.com\/watch?v=DCJ7n_6wVxU\" data-rel=\"lightbox-video-3\">Video<\/a><\/b>). Produktion von l\u00e4ngeren Teilen (Zarge, Stuhlf\u00fcssen, Schrankteile \u2026) bis 3,30m lang<\/li>\r\n\t<li>CNC Drechselbank Locatelli Multimatik 1600 CNC V.1 (<b><a href=\"https:\/\/www.youtube.com\/watch?v=_KJsUfuvAqE\" data-rel=\"lightbox-video-4\">Video<\/a><\/b>). Produktion von M\u00f6belf\u00fcssen \u2013 bis in der L\u00e4nge 1,60m<\/li>\r\n\t<li>Gravier-Laser Sei Laser Flexi 600 (<b><a href=\"https:\/\/www.youtube.com\/watch?v=UzCTv67bSBY\" data-rel=\"lightbox-video-5\">Video<\/a><\/b>). Schneiden, Markierung, Radierung<\/li>\r\n<\/ul>\r\nWeitere Videos aus der Produktion finden Sie <a href=\"https:\/\/www.youtube.com\/channel\/UCvtmY9PLRmRKBnz_6qB5SqQ\/videos\">hier<\/a>.\u00a0Sie finden unsere Produkte unter der Marke &#8220;Made by Beky&#8221;.\r\n\r\n<div id='gallery-1' class='gallery galleryid-1118 gallery-columns-4 gallery-size-thumbnail'><figure class='gallery-item'>\n\t\t\t<div class='gallery-icon portrait'>\n\t\t\t\t<a href='https:\/\/beky.eu\/wp-content\/uploads\/2019\/06\/20190417_145213.jpg' title=\"\" data-rl_title=\"\" class=\"rl-gallery-link\" data-rl_caption=\"\" data-rel=\"lightbox-gallery-1\"><img loading=\"lazy\" decoding=\"async\" width=\"150\" height=\"150\" src=\"https:\/\/beky.eu\/wp-content\/uploads\/2019\/06\/20190417_145213-150x150.jpg\" class=\"attachment-thumbnail size-thumbnail\" alt=\"\" \/><\/a>\n\t\t\t<\/div><\/figure><figure class='gallery-item'>\n\t\t\t<div class='gallery-icon landscape'>\n\t\t\t\t<a href='https:\/\/beky.eu\/wp-content\/uploads\/2019\/06\/20190621_144655.jpg' title=\"\" data-rl_title=\"\" class=\"rl-gallery-link\" data-rl_caption=\"\" data-rel=\"lightbox-gallery-1\"><img loading=\"lazy\" decoding=\"async\" width=\"150\" height=\"150\" src=\"https:\/\/beky.eu\/wp-content\/uploads\/2019\/06\/20190621_144655-150x150.jpg\" class=\"attachment-thumbnail size-thumbnail\" alt=\"Made by Beky\" \/><\/a>\n\t\t\t<\/div><\/figure><figure class='gallery-item'>\n\t\t\t<div class='gallery-icon portrait'>\n\t\t\t\t<a href='https:\/\/beky.eu\/wp-content\/uploads\/2019\/06\/cribframes1.jpg' title=\"\" data-rl_title=\"\" class=\"rl-gallery-link\" data-rl_caption=\"\" data-rel=\"lightbox-gallery-1\"><img loading=\"lazy\" decoding=\"async\" width=\"150\" height=\"150\" src=\"https:\/\/beky.eu\/wp-content\/uploads\/2019\/06\/cribframes1-150x150.jpg\" class=\"attachment-thumbnail size-thumbnail\" alt=\"\" \/><\/a>\n\t\t\t<\/div><\/figure><figure class='gallery-item'>\n\t\t\t<div class='gallery-icon landscape'>\n\t\t\t\t<a href='https:\/\/beky.eu\/wp-content\/uploads\/2019\/06\/chair1.jpg' title=\"\" data-rl_title=\"\" class=\"rl-gallery-link\" data-rl_caption=\"\" data-rel=\"lightbox-gallery-1\"><img loading=\"lazy\" decoding=\"async\" width=\"150\" height=\"150\" src=\"https:\/\/beky.eu\/wp-content\/uploads\/2019\/06\/chair1-150x150.jpg\" class=\"attachment-thumbnail size-thumbnail\" alt=\"\" \/><\/a>\n\t\t\t<\/div><\/figure><figure class='gallery-item'>\n\t\t\t<div class='gallery-icon landscape'>\n\t\t\t\t<a href='https:\/\/beky.eu\/wp-content\/uploads\/2019\/07\/20190711_112603x.jpg' title=\"\" data-rl_title=\"\" class=\"rl-gallery-link\" data-rl_caption=\"\" data-rel=\"lightbox-gallery-1\"><img loading=\"lazy\" decoding=\"async\" width=\"150\" height=\"150\" src=\"https:\/\/beky.eu\/wp-content\/uploads\/2019\/07\/20190711_112603x-150x150.jpg\" class=\"attachment-thumbnail size-thumbnail\" alt=\"\" \/><\/a>\n\t\t\t<\/div><\/figure><figure class='gallery-item'>\n\t\t\t<div class='gallery-icon landscape'>\n\t\t\t\t<a href='https:\/\/beky.eu\/wp-content\/uploads\/2019\/07\/20190711_112705x.jpg' title=\"\" data-rl_title=\"\" class=\"rl-gallery-link\" data-rl_caption=\"\" data-rel=\"lightbox-gallery-1\"><img loading=\"lazy\" decoding=\"async\" width=\"150\" height=\"150\" src=\"https:\/\/beky.eu\/wp-content\/uploads\/2019\/07\/20190711_112705x-150x150.jpg\" class=\"attachment-thumbnail size-thumbnail\" alt=\"\" \/><\/a>\n\t\t\t<\/div><\/figure><figure class='gallery-item'>\n\t\t\t<div class='gallery-icon landscape'>\n\t\t\t\t<a href='https:\/\/beky.eu\/wp-content\/uploads\/2019\/07\/20190611_062601x.jpg' title=\"\" data-rl_title=\"\" class=\"rl-gallery-link\" data-rl_caption=\"\" data-rel=\"lightbox-gallery-1\"><img loading=\"lazy\" decoding=\"async\" width=\"150\" height=\"150\" src=\"https:\/\/beky.eu\/wp-content\/uploads\/2019\/07\/20190611_062601x-150x150.jpg\" class=\"attachment-thumbnail size-thumbnail\" alt=\"Made by Beky\" \/><\/a>\n\t\t\t<\/div><\/figure><figure class='gallery-item'>\n\t\t\t<div class='gallery-icon landscape'>\n\t\t\t\t<a href='https:\/\/beky.eu\/wp-content\/uploads\/2019\/07\/20190708_152351x.jpg' title=\"\" data-rl_title=\"\" class=\"rl-gallery-link\" data-rl_caption=\"\" data-rel=\"lightbox-gallery-1\"><img loading=\"lazy\" decoding=\"async\" width=\"150\" height=\"150\" src=\"https:\/\/beky.eu\/wp-content\/uploads\/2019\/07\/20190708_152351x-150x150.jpg\" class=\"attachment-thumbnail size-thumbnail\" alt=\"\" \/><\/a>\n\t\t\t<\/div><\/figure>\n\t\t<\/div>\n\r\n<a href=\"\/de\/firma\/galerie\/#show-gallery7\">Mehr fotos &gt;&gt;&gt; <\/a>\r\n<h2>Im Fall, dass Sie sich f\u00fcr diese Produkte interessieren, bearbeiten wir Ihnen gerne ein Angebot. Daf\u00fcr sind folgende Informationen n\u00f6tig:<\/h2>\r\n<ul>\r\n\t<li>Holzart (Buche, Eiche)<\/li>\r\n\t<li>Eingangsmaterial (Kantel, Leimware keilverzinkt oder mit durchgehenden Lamellen)<\/li>\r\n\t<li>Qualit\u00e4tsbeschreibung, Bearbeitung<\/li>\r\n\t<li>Detailzeichnung, Fotos<\/li>\r\n\t<li>Anzahl der Menge<\/li>\r\n<\/ul>\r\n<h4>Wir werden umgehend ein Preisangebot bearbeiten und ein Musterteil zu Ihnen per Post senden.<\/h4>","protected":false},"excerpt":{"rendered":"CNC \u2013 Maschinenpark Wir bieten Halbware-Bearbeitung auf folgenden Maschinen an: 5-Achsen fl\u00e4chige CNC Morbidelli M200 (Video). Produktion von Flachteilen, Betten, T\u00fcren, Tischplatten und Flachausschnitten bis in der L\u00e4nge 3,10m 5-Achsen fl\u00e4chige CNC Morbidelli M800 (Video). Produktion von Flachteilen, Betten, T\u00fcren, Tischplatten und Flachausschnitten bis in der L\u00e4nge 6,30m Drechsel-Kopierer Bacci T4M-O (Video). Produktion von Bettf\u00fcssen, <p><a class=\"read-more\" href=\"https:\/\/beky.eu\/de\/mobel-halbprodukten\/cnc\/\" itemprop=\"url\">Read More<\/a><\/p>","protected":false},"author":1,"featured_media":0,"parent":17,"menu_order":3,"comment_status":"closed","ping_status":"closed","template":"","meta":{"footnotes":""},"class_list":["post-1118","page","type-page","status-publish","hentry","no-wpautop"],"_links":{"self":[{"href":"https:\/\/beky.eu\/de\/wp-json\/wp\/v2\/pages\/1118","targetHints":{"allow":["GET"]}}],"collection":[{"href":"https:\/\/beky.eu\/de\/wp-json\/wp\/v2\/pages"}],"about":[{"href":"https:\/\/beky.eu\/de\/wp-json\/wp\/v2\/types\/page"}],"author":[{"embeddable":true,"href":"https:\/\/beky.eu\/de\/wp-json\/wp\/v2\/users\/1"}],"replies":[{"embeddable":true,"href":"https:\/\/beky.eu\/de\/wp-json\/wp\/v2\/comments?post=1118"}],"version-history":[{"count":60,"href":"https:\/\/beky.eu\/de\/wp-json\/wp\/v2\/pages\/1118\/revisions"}],"predecessor-version":[{"id":1270,"href":"https:\/\/beky.eu\/de\/wp-json\/wp\/v2\/pages\/1118\/revisions\/1270"}],"up":[{"embeddable":true,"href":"https:\/\/beky.eu\/de\/wp-json\/wp\/v2\/pages\/17"}],"wp:attachment":[{"href":"https:\/\/beky.eu\/de\/wp-json\/wp\/v2\/media?parent=1118"}],"curies":[{"name":"wp","href":"https:\/\/api.w.org\/{rel}","templated":true}]}}