{"id":9,"date":"2015-05-24T21:23:43","date_gmt":"2015-05-24T20:23:43","guid":{"rendered":"http:\/\/beky.eu\/?page_id=9"},"modified":"2021-02-15T11:36:31","modified_gmt":"2021-02-15T10:36:31","slug":"uvod","status":"publish","type":"page","link":"https:\/\/beky.eu\/cs\/","title":{"rendered":"\u00davod"},"content":{"rendered":"<h1>V\u00edt\u00e1me v\u00e1s!<\/h1>\r\n<div id=\"front-page\" class=\"cms-page\">\r\n\r\n<a href=\"\/wp-content\/uploads\/2015\/05\/hlavni-budova-beky.jpg\" data-rel=\"lightbox-image-0\" data-rl_title=\"\" data-rl_caption=\"\" title=\"\"><img loading=\"lazy\" decoding=\"async\" class=\"left-side img-inside-cms alignnone size-medium wp-image-187\" src=\"\/wp-content\/uploads\/2015\/05\/hlavni-budova-beky-300x200.jpg\" alt=\"hlavni-budova-beky\" width=\"300\" height=\"200\" srcset=\"https:\/\/beky.eu\/wp-content\/uploads\/2015\/05\/hlavni-budova-beky-300x200.jpg 300w, https:\/\/beky.eu\/wp-content\/uploads\/2015\/05\/hlavni-budova-beky-1024x682.jpg 1024w, https:\/\/beky.eu\/wp-content\/uploads\/2015\/05\/hlavni-budova-beky.jpg 1920w\" sizes=\"auto, (max-width: 300px) 100vw, 300px\" \/><\/a>\r\n<p class=\"right-side\">V\u00edtejte na na\u0161ich str\u00e1nk\u00e1ch. Jsme slovensk\u00e1 rodinn\u00e1 firma zab\u00fdvaj\u00edc\u00ed se v\u00fdrobou n\u00e1bytk\u00e1\u0159sk\u00fdch polotovar\u016f. Na trhu p\u016fsob\u00edme ji\u017e od roku 1992.<\/p>\r\n<p class=\"right-side\">Zpracov\u00e1v\u00e1me p\u0159edev\u0161\u00edm bukovou kulatinu, v men\u0161\u00ed m\u00ed\u0159e vyr\u00e1b\u00edme produkty tak\u00e9 z dubu a americk\u00e9ho o\u0159echu. Krom\u011b hranol\u016f vyr\u00e1b\u00edme lepen\u00e9 desky, a to s d\u00e9lkov\u011b napojovanou lamelou a s pr\u016fb\u011b\u017enou lamelou.<\/p>\r\n<br class=\"cleaner\" \/>\r\nV\u011bnujeme se tak\u00e9 v\u00fdrob\u011b briket za 100% tvrd\u00e9ho d\u0159eva a speci\u00e1ln\u00ed d\u0159evn\u00ed mou\u010dky.\r\n\r\n<div id='gallery-1' class='gallery galleryid-9 gallery-columns-3 gallery-size-thumbnail'><figure class='gallery-item'>\n\t\t\t<div class='gallery-icon landscape'>\n\t\t\t\t<a href='https:\/\/beky.eu\/wp-content\/uploads\/2015\/05\/rezivo.jpg' title=\"\" data-rl_title=\"\" class=\"rl-gallery-link\" data-rl_caption=\"\" data-rel=\"lightbox-gallery-1\"><img loading=\"lazy\" decoding=\"async\" width=\"150\" height=\"150\" src=\"https:\/\/beky.eu\/wp-content\/uploads\/2015\/05\/rezivo-150x150.jpg\" class=\"attachment-thumbnail size-thumbnail\" alt=\"\" \/><\/a>\n\t\t\t<\/div><\/figure><figure class='gallery-item'>\n\t\t\t<div class='gallery-icon portrait'>\n\t\t\t\t<a href='https:\/\/beky.eu\/wp-content\/uploads\/2015\/10\/Buk_rezivo_A.jpg' title=\"\" data-rl_title=\"\" class=\"rl-gallery-link\" data-rl_caption=\"\" data-rel=\"lightbox-gallery-1\"><img loading=\"lazy\" decoding=\"async\" width=\"150\" height=\"150\" src=\"https:\/\/beky.eu\/wp-content\/uploads\/2015\/10\/Buk_rezivo_A-150x150.jpg\" class=\"attachment-thumbnail size-thumbnail\" alt=\"\" \/><\/a>\n\t\t\t<\/div><\/figure><figure class='gallery-item'>\n\t\t\t<div class='gallery-icon landscape'>\n\t\t\t\t<a href='https:\/\/beky.eu\/wp-content\/uploads\/2015\/10\/Hranoly_male.jpg' title=\"\" data-rl_title=\"\" class=\"rl-gallery-link\" data-rl_caption=\"\" data-rel=\"lightbox-gallery-1\"><img loading=\"lazy\" decoding=\"async\" width=\"150\" height=\"150\" src=\"https:\/\/beky.eu\/wp-content\/uploads\/2015\/10\/Hranoly_male-150x150.jpg\" class=\"attachment-thumbnail size-thumbnail\" alt=\"\" \/><\/a>\n\t\t\t<\/div><\/figure>\n\t\t<\/div>\n\r\n\r\n<\/div>","protected":false},"excerpt":{"rendered":"V\u00edt\u00e1me v\u00e1s! V\u00edtejte na na\u0161ich str\u00e1nk\u00e1ch. Jsme slovensk\u00e1 rodinn\u00e1 firma zab\u00fdvaj\u00edc\u00ed se v\u00fdrobou n\u00e1bytk\u00e1\u0159sk\u00fdch polotovar\u016f. Na trhu p\u016fsob\u00edme ji\u017e od roku 1992. Zpracov\u00e1v\u00e1me p\u0159edev\u0161\u00edm bukovou kulatinu, v men\u0161\u00ed m\u00ed\u0159e vyr\u00e1b\u00edme produkty tak\u00e9 z dubu a americk\u00e9ho o\u0159echu. Krom\u011b hranol\u016f vyr\u00e1b\u00edme lepen\u00e9 desky, a to s d\u00e9lkov\u011b napojovanou lamelou a s pr\u016fb\u011b\u017enou lamelou. V\u011bnujeme se tak\u00e9 <p><a class=\"read-more\" href=\"https:\/\/beky.eu\/cs\/\" itemprop=\"url\">Read More<\/a><\/p>","protected":false},"author":2,"featured_media":0,"parent":0,"menu_order":0,"comment_status":"closed","ping_status":"closed","template":"","meta":{"footnotes":""},"class_list":["post-9","page","type-page","status-publish","hentry","no-wpautop"],"_links":{"self":[{"href":"https:\/\/beky.eu\/cs\/wp-json\/wp\/v2\/pages\/9","targetHints":{"allow":["GET"]}}],"collection":[{"href":"https:\/\/beky.eu\/cs\/wp-json\/wp\/v2\/pages"}],"about":[{"href":"https:\/\/beky.eu\/cs\/wp-json\/wp\/v2\/types\/page"}],"author":[{"embeddable":true,"href":"https:\/\/beky.eu\/cs\/wp-json\/wp\/v2\/users\/2"}],"replies":[{"embeddable":true,"href":"https:\/\/beky.eu\/cs\/wp-json\/wp\/v2\/comments?post=9"}],"version-history":[{"count":79,"href":"https:\/\/beky.eu\/cs\/wp-json\/wp\/v2\/pages\/9\/revisions"}],"predecessor-version":[{"id":1264,"href":"https:\/\/beky.eu\/cs\/wp-json\/wp\/v2\/pages\/9\/revisions\/1264"}],"wp:attachment":[{"href":"https:\/\/beky.eu\/cs\/wp-json\/wp\/v2\/media?parent=9"}],"curies":[{"name":"wp","href":"https:\/\/api.w.org\/{rel}","templated":true}]}}