{"id":442,"date":"2015-08-04T23:41:36","date_gmt":"2015-08-04T22:41:36","guid":{"rendered":"http:\/\/beky.eu\/?page_id=442"},"modified":"2022-09-15T08:55:46","modified_gmt":"2022-09-15T07:55:46","slug":"kontaktni-formular","status":"publish","type":"page","link":"https:\/\/beky.eu\/cs\/kontaktni-formular\/","title":{"rendered":"Kontaktn\u00ed formul\u00e1\u0159"},"content":{"rendered":"\n<h1>Kontaktn\u00ed formul\u00e1\u0159<\/h1>\nV p\u0159\u00edpad\u011b jak\u00e9hokoliv dotazu n\u00e1s nev\u00e1hejte kontaktovat prost\u0159ednictv\u00edm tohoto formul\u00e1\u0159e. Klepnut\u00edm na tla\u010d\u00edtko &#8222;Odeslat&#8220; berete na v\u011bdom\u00ed, \u017ee zpracov\u00e1n\u00ed Va\u0161ich osobn\u00edch \u00fadaj\u016f uveden\u00fdch v kontaktn\u00edm formul\u00e1\u0159i je opr\u00e1vn\u011bn\u00fdm z\u00e1jmem Beky, a.s. pro \u00fa\u010dely \u0159\u00e1dn\u00e9ho vy\u0159\u00edzen\u00ed Va\u0161\u00ed \u017e\u00e1dosti.\n\n<form class=\"contact-form\" action=\"\/cs\/odeslani-formulare\/\" method=\"POST\"><input class=\"name\" name=\"name\" required=\"\" type=\"text\" placeholder=\"Jm\u00e9no a p\u0159\u00edjmen\u00ed\" \/>\n<input name=\"company\" type=\"text\" placeholder=\"N\u00e1zev spole\u010dnosti\" \/>\n<input class=\"email\" name=\"email\" required=\"\" type=\"email\" placeholder=\"E-mail\" \/>\n<input name=\"phone\" type=\"text\" placeholder=\"Telefonn\u00ed \u010d\u00edslo\" \/>\n<textarea name=\"message\" required=\"\" placeholder=\"Va\u0161e zpr\u00e1va\"><\/textarea>\n<div class=\"g-recaptcha\" data-sitekey=\"6LfgkwsTAAAAADW81XwSKjcEtN37GRIHRb8E-AMi\" data-size=\"compact\"><\/div>\n<input class=\"submit-btn\" type=\"submit\" value=\"Odeslat\" \/>\n<div style=\"position: relative !important; height: 0px !important; width: 0px !important; float: left !important;\" data-lastpass-icon-root=\"true\"><\/div>\n<\/form>","protected":false},"excerpt":{"rendered":"Kontaktn\u00ed formul\u00e1\u0159 V p\u0159\u00edpad\u011b jak\u00e9hokoliv dotazu n\u00e1s nev\u00e1hejte kontaktovat prost\u0159ednictv\u00edm tohoto formul\u00e1\u0159e. Klepnut\u00edm na tla\u010d\u00edtko &#8222;Odeslat&#8220; berete na v\u011bdom\u00ed, \u017ee zpracov\u00e1n\u00ed Va\u0161ich osobn\u00edch \u00fadaj\u016f uveden\u00fdch v kontaktn\u00edm formul\u00e1\u0159i je opr\u00e1vn\u011bn\u00fdm z\u00e1jmem Beky, a.s. pro \u00fa\u010dely \u0159\u00e1dn\u00e9ho vy\u0159\u00edzen\u00ed Va\u0161\u00ed \u017e\u00e1dosti.","protected":false},"author":3,"featured_media":0,"parent":0,"menu_order":0,"comment_status":"closed","ping_status":"closed","template":"","meta":{"footnotes":""},"class_list":["post-442","page","type-page","status-publish","hentry","no-wpautop"],"_links":{"self":[{"href":"https:\/\/beky.eu\/cs\/wp-json\/wp\/v2\/pages\/442","targetHints":{"allow":["GET"]}}],"collection":[{"href":"https:\/\/beky.eu\/cs\/wp-json\/wp\/v2\/pages"}],"about":[{"href":"https:\/\/beky.eu\/cs\/wp-json\/wp\/v2\/types\/page"}],"author":[{"embeddable":true,"href":"https:\/\/beky.eu\/cs\/wp-json\/wp\/v2\/users\/3"}],"replies":[{"embeddable":true,"href":"https:\/\/beky.eu\/cs\/wp-json\/wp\/v2\/comments?post=442"}],"version-history":[{"count":67,"href":"https:\/\/beky.eu\/cs\/wp-json\/wp\/v2\/pages\/442\/revisions"}],"predecessor-version":[{"id":1391,"href":"https:\/\/beky.eu\/cs\/wp-json\/wp\/v2\/pages\/442\/revisions\/1391"}],"wp:attachment":[{"href":"https:\/\/beky.eu\/cs\/wp-json\/wp\/v2\/media?parent=442"}],"curies":[{"name":"wp","href":"https:\/\/api.w.org\/{rel}","templated":true}]}}