{"id":34,"date":"2015-05-24T21:49:40","date_gmt":"2015-05-24T20:49:40","guid":{"rendered":"http:\/\/beky.eu\/?page_id=34"},"modified":"2021-02-15T11:41:41","modified_gmt":"2021-02-15T10:41:41","slug":"americky-orech-juglans-nigra","status":"publish","type":"page","link":"https:\/\/beky.eu\/cs\/nase-dreviny\/oresak-cerny-juglans-nigra\/","title":{"rendered":"O\u0159e\u0161\u00e1k \u010dern\u00fd (Juglans nigra)"},"content":{"rendered":"<h1>O\u0159e\u0161\u00e1k \u010dern\u00fd\u00a0<span class=\"smaller\">(Juglans nigra)<\/span><\/h1>\r\n<p>O\u0159e\u0161\u00e1k \u010dern\u00fd (americk\u00fd o\u0159ech) se p\u0159irozen\u011b vyskytuje v\u00a0severn\u00ed Americe.<\/p>\r\n<p>Na\u0161e firma nakupuje \u0159ezivo ze Spojen\u00fdch st\u00e1t\u016f americk\u00fdch, kter\u00e9 zde u n\u00e1s dosu\u0161ujeme a zpracov\u00e1v\u00e1me na hranoly. Such\u00e9 hranoly se pot\u00e9 hobluj\u00ed a lep\u00ed do desek.<\/p>\r\n\r\n<div id='gallery-1' class='gallery galleryid-34 gallery-columns-1 gallery-size-thumbnail'><figure class='gallery-item'>\n\t\t\t<div class='gallery-icon landscape'>\n\t\t\t\t<a href='https:\/\/beky.eu\/wp-content\/uploads\/2015\/05\/orech01.jpg' title=\"\" data-rl_title=\"\" class=\"rl-gallery-link\" data-rl_caption=\"\" data-rel=\"lightbox-gallery-1\"><img loading=\"lazy\" decoding=\"async\" width=\"150\" height=\"150\" src=\"https:\/\/beky.eu\/wp-content\/uploads\/2015\/05\/orech01-150x150.jpg\" class=\"attachment-thumbnail size-thumbnail\" alt=\"\" \/><\/a>\n\t\t\t<\/div><\/figure>\n\t\t<\/div>\n","protected":false},"excerpt":{"rendered":"O\u0159e\u0161\u00e1k \u010dern\u00fd\u00a0(Juglans nigra) O\u0159e\u0161\u00e1k \u010dern\u00fd (americk\u00fd o\u0159ech) se p\u0159irozen\u011b vyskytuje v\u00a0severn\u00ed Americe. Na\u0161e firma nakupuje \u0159ezivo ze Spojen\u00fdch st\u00e1t\u016f americk\u00fdch, kter\u00e9 zde u n\u00e1s dosu\u0161ujeme a zpracov\u00e1v\u00e1me na hranoly. Such\u00e9 hranoly se pot\u00e9 hobluj\u00ed a lep\u00ed do desek.","protected":false},"author":2,"featured_media":0,"parent":11,"menu_order":0,"comment_status":"closed","ping_status":"closed","template":"","meta":{"footnotes":""},"class_list":["post-34","page","type-page","status-publish","hentry","no-wpautop"],"_links":{"self":[{"href":"https:\/\/beky.eu\/cs\/wp-json\/wp\/v2\/pages\/34","targetHints":{"allow":["GET"]}}],"collection":[{"href":"https:\/\/beky.eu\/cs\/wp-json\/wp\/v2\/pages"}],"about":[{"href":"https:\/\/beky.eu\/cs\/wp-json\/wp\/v2\/types\/page"}],"author":[{"embeddable":true,"href":"https:\/\/beky.eu\/cs\/wp-json\/wp\/v2\/users\/2"}],"replies":[{"embeddable":true,"href":"https:\/\/beky.eu\/cs\/wp-json\/wp\/v2\/comments?post=34"}],"version-history":[{"count":21,"href":"https:\/\/beky.eu\/cs\/wp-json\/wp\/v2\/pages\/34\/revisions"}],"predecessor-version":[{"id":1266,"href":"https:\/\/beky.eu\/cs\/wp-json\/wp\/v2\/pages\/34\/revisions\/1266"}],"up":[{"embeddable":true,"href":"https:\/\/beky.eu\/cs\/wp-json\/wp\/v2\/pages\/11"}],"wp:attachment":[{"href":"https:\/\/beky.eu\/cs\/wp-json\/wp\/v2\/media?parent=34"}],"curies":[{"name":"wp","href":"https:\/\/api.w.org\/{rel}","templated":true}]}}