{"id":32,"date":"2015-05-24T21:49:07","date_gmt":"2015-05-24T20:49:07","guid":{"rendered":"http:\/\/beky.eu\/?page_id=32"},"modified":"2020-11-26T00:30:17","modified_gmt":"2020-11-25T23:30:17","slug":"dub-evropsky-quercus-robur","status":"publish","type":"page","link":"https:\/\/beky.eu\/cs\/nase-dreviny\/dub-evropsky-quercus-robur\/","title":{"rendered":"Dub evropsk\u00fd (Quercus robur)"},"content":{"rendered":"<h1>Dub evropsk\u00fd <span class=\"smaller\">(Quercus robur)<\/span><\/h1>\r\nNa \u00fazem\u00ed Slovenska je dub oproti buku vz\u00e1cn\u011bj\u0161\u00ed.\r\n\r\n<div id='gallery-1' class='gallery galleryid-32 gallery-columns-1 gallery-size-thumbnail'><figure class='gallery-item'>\n\t\t\t<div class='gallery-icon landscape'>\n\t\t\t\t<a href='https:\/\/beky.eu\/wp-content\/uploads\/2015\/05\/dub011.jpg' title=\"\" data-rl_title=\"\" class=\"rl-gallery-link\" data-rl_caption=\"\" data-rel=\"lightbox-gallery-1\"><img loading=\"lazy\" decoding=\"async\" width=\"150\" height=\"150\" src=\"https:\/\/beky.eu\/wp-content\/uploads\/2015\/05\/dub011-150x150.jpg\" class=\"attachment-thumbnail size-thumbnail\" alt=\"\" \/><\/a>\n\t\t\t<\/div><\/figure>\n\t\t<\/div>\n\r\n\r\n<p>Zpracov\u00e1n\u00ed dubov\u00e9ho \u0159eziva je v\u00a0na\u0161\u00ed spole\u010dnosti podobn\u00e9 jako v\u00a0p\u0159\u00edpad\u011b buku, pouze je zde n\u011bkolik odli\u0161nost\u00ed:<\/p>\r\n<ul>\r\n\t<li>Kmen s\u00a0vlhkost\u00ed 40-50% je zpracov\u00e1n na \u0159ezivo, to se ov\u0161em nenapa\u0159uje (dub takovou \u00fapravu nepot\u0159ebuje).<\/li>\r\n\t<li>Z\u00a0\u0159eziva se vyr\u00e1b\u00ed hranoly, kter\u00e9 se v\u00a0su\u0161\u00e1rensk\u00fdch komor\u00e1ch nech\u00e1vaj\u00ed schnout; schnut\u00ed v\u00a0p\u0159\u00edpad\u011b dubu trv\u00e1 30 a\u017e 100 dn\u00ed. V\u00fdsledn\u00e1 vlhkost je rovn\u011b\u017e v\u00a0rozmez\u00ed od 8 do 10%.<\/li>\r\n\t<li>Vysu\u0161en\u00e9 hranoly se hobluj\u00ed a n\u00e1sledn\u011b slepuj\u00ed do desek.<\/li>\r\n<\/ul>","protected":false},"excerpt":{"rendered":"Dub evropsk\u00fd (Quercus robur) Na \u00fazem\u00ed Slovenska je dub oproti buku vz\u00e1cn\u011bj\u0161\u00ed. Zpracov\u00e1n\u00ed dubov\u00e9ho \u0159eziva je v\u00a0na\u0161\u00ed spole\u010dnosti podobn\u00e9 jako v\u00a0p\u0159\u00edpad\u011b buku, pouze je zde n\u011bkolik odli\u0161nost\u00ed: Kmen s\u00a0vlhkost\u00ed 40-50% je zpracov\u00e1n na \u0159ezivo, to se ov\u0161em nenapa\u0159uje (dub takovou \u00fapravu nepot\u0159ebuje). Z\u00a0\u0159eziva se vyr\u00e1b\u00ed hranoly, kter\u00e9 se v\u00a0su\u0161\u00e1rensk\u00fdch komor\u00e1ch nech\u00e1vaj\u00ed schnout; schnut\u00ed v\u00a0p\u0159\u00edpad\u011b dubu <p><a class=\"read-more\" href=\"https:\/\/beky.eu\/cs\/nase-dreviny\/dub-evropsky-quercus-robur\/\" itemprop=\"url\">Read More<\/a><\/p>","protected":false},"author":2,"featured_media":0,"parent":11,"menu_order":0,"comment_status":"closed","ping_status":"closed","template":"","meta":{"footnotes":""},"class_list":["post-32","page","type-page","status-publish","hentry","no-wpautop"],"_links":{"self":[{"href":"https:\/\/beky.eu\/cs\/wp-json\/wp\/v2\/pages\/32","targetHints":{"allow":["GET"]}}],"collection":[{"href":"https:\/\/beky.eu\/cs\/wp-json\/wp\/v2\/pages"}],"about":[{"href":"https:\/\/beky.eu\/cs\/wp-json\/wp\/v2\/types\/page"}],"author":[{"embeddable":true,"href":"https:\/\/beky.eu\/cs\/wp-json\/wp\/v2\/users\/2"}],"replies":[{"embeddable":true,"href":"https:\/\/beky.eu\/cs\/wp-json\/wp\/v2\/comments?post=32"}],"version-history":[{"count":25,"href":"https:\/\/beky.eu\/cs\/wp-json\/wp\/v2\/pages\/32\/revisions"}],"predecessor-version":[{"id":1262,"href":"https:\/\/beky.eu\/cs\/wp-json\/wp\/v2\/pages\/32\/revisions\/1262"}],"up":[{"embeddable":true,"href":"https:\/\/beky.eu\/cs\/wp-json\/wp\/v2\/pages\/11"}],"wp:attachment":[{"href":"https:\/\/beky.eu\/cs\/wp-json\/wp\/v2\/media?parent=32"}],"curies":[{"name":"wp","href":"https:\/\/api.w.org\/{rel}","templated":true}]}}