{"id":25,"date":"2015-05-24T21:44:03","date_gmt":"2015-05-24T20:44:03","guid":{"rendered":"http:\/\/beky.eu\/?page_id=25"},"modified":"2025-03-18T12:09:51","modified_gmt":"2025-03-18T11:09:51","slug":"kontakt","status":"publish","type":"page","link":"https:\/\/beky.eu\/cs\/kontakt\/","title":{"rendered":"Kontakt"},"content":{"rendered":"\n<div class=\"wp-block-group\"><div class=\"wp-block-group__inner-container is-layout-flow wp-block-group-is-layout-flow\">\n<div class=\"wp-block-columns is-layout-flex wp-container-core-columns-is-layout-2 wp-block-columns-is-layout-flex\">\n<div class=\"wp-block-column is-layout-flow wp-block-column-is-layout-flow\" style=\"flex-basis:100%\">\n<div class=\"wp-block-group\"><div class=\"wp-block-group__inner-container is-layout-flow wp-block-group-is-layout-flow\">\n<div class=\"wp-block-columns is-layout-flex wp-container-core-columns-is-layout-1 wp-block-columns-is-layout-flex\">\n<div class=\"wp-block-column is-layout-flow wp-block-column-is-layout-flow\" style=\"flex-basis:100%\">\n<div class=\"wp-block-group\"><div class=\"wp-block-group__inner-container is-layout-flow wp-block-group-is-layout-flow\">\n<p><\/p>\n<h1>Kontakt<\/h1>\n<div class=\"billing-information\">\n<h2>Faktura\u010dn\u00ed \u00fadaje<\/h2>\n<p>Beky, a.s.<\/p>\n<p>Podrybn\u00edcka 1<\/p>\n<p>069 01 Snina, Slovensko<br \/>I\u010cO: 36464350<\/p>\n<p>I\u010c DPH: SK2020022653<\/p>\n<p>Banka: Tatra banka<\/p>\n<p>IBAN: SK91 1100 0000 0029 2155 0014<\/p>\n<p>GLN: 8589000086143<\/p>\n<\/div>\n<div class=\"contact-info\">\n<h2>Kancel\u00e1\u0159e &amp; provozovna \u010d. 1<\/h2>\n<p>Stak\u010d\u00ednska 757<br \/>069 01 Snina, Slovensko<\/p>\n<\/div>\n<div class=\"map\"><iframe loading=\"lazy\" style=\"border: 0;\" tabindex=\"0\" src=\"https:\/\/www.google.com\/maps\/embed?pb=!1m18!1m12!1m3!1d2618.465585350247!2d22.175395130850603!3d48.98269661566359!2m3!1f0!2f0!3f0!3m2!1i1024!2i768!4f13.1!3m3!1m2!1s0x0%3A0x75f59ff474bfa22a!2zQmVreSwgYS5zLiAtIEthbmNlbMOhcmllICYgcHJldsOhZHprYSDEjS4gMQ!5e0!3m2!1scs!2ssk!4v1613402003496!5m2!1scs!2ssk\" width=\"400\" height=\"300\" frameborder=\"0\" allowfullscreen=\"allowfullscreen\" aria-hidden=\"false\"><\/iframe><\/div>\n<div class=\"contact-info\">\n<h2>Provozovna \u010d. 2<\/h2>\n<p>Podrybn\u00edcka 1<br \/>069 01 Snina, Slovensko<\/p>\n<\/div>\n<div class=\"map\"><iframe loading=\"lazy\" style=\"border: 0;\" tabindex=\"0\" src=\"https:\/\/www.google.com\/maps\/embed?pb=!1m18!1m12!1m3!1d2618.5114592090017!2d22.16636145088844!3d48.981823499860745!2m3!1f0!2f0!3f0!3m2!1i1024!2i768!4f13.1!3m3!1m2!1s0x47394f5ab7ecd527%3A0x6729aa885ecddadd!2sBeky%2C%20Inc.%20-%20Production%20site%20%232!5e0!3m2!1scs!2ssk!4v1613401696722!5m2!1scs!2ssk\" width=\"400\" height=\"300\" frameborder=\"0\" allowfullscreen=\"allowfullscreen\" aria-hidden=\"false\"><\/iframe><\/div>\n<div class=\"contact-number\">\n<h3>Telefon<\/h3>\n<p>00421 57 768 5446<br \/>00421 57 779 5783<\/p>\n<\/div>\n<div class=\"contact-number\">\n<h3>Fax<\/h3>\n<p>00421 57 768 2297<\/p>\n<\/div>\n<div class=\"our-team\">\n<h2>N\u00e1\u0161 t\u00fdm<\/h2>\n<h3>Veden\u00ed<\/h3>\n<div class=\"team-member\">\n<p><img decoding=\"async\" src=\"\/wp-content\/uploads\/2015\/05\/profile.jpg\" alt=\"profile\" \/><\/p>\n<h3>Peter Bre\u010dka<img decoding=\"async\" class=\"language\" src=\"\/wp-content\/plugins\/qtranslate-xp\/flags\/gb.png\" alt=\"\" \/><img decoding=\"async\" src=\"\/wp-content\/plugins\/qtranslate-xp\/flags\/ru.png\" alt=\"\" \/><\/h3>\n<p>Jednatel, \u0159editel v\u00fdroby a obchodu<br \/>00421 903 735 159<br \/><a href=\"mailto:brecka@beky.sk\">brecka@beky.sk<\/a><\/p>\n<\/div>\n<div id=\"team-hr\"><hr \/><\/div>\n<h3>Administrativa<\/h3>\n<div class=\"team-member\">\n<p><img decoding=\"async\" src=\"\/wp-content\/uploads\/2015\/05\/profile.jpg\" alt=\"profile\" \/><\/p>\n<h3>Jaroslava Kubisov\u00e1<img decoding=\"async\" src=\"\/wp-content\/plugins\/qtranslate-xp\/flags\/de.png\" alt=\"\" \/><\/h3>\n<p>Sekretari\u00e1t<br \/>00421 903 611 147<br \/><a href=\"mailto:marketing@beky.sk\">marketing@beky.sk<\/a><\/p>\n<\/div>\n<div class=\"team-member\">\n<p><img decoding=\"async\" src=\"\/wp-content\/uploads\/2015\/05\/profile.jpg\" alt=\"profile\" \/><\/p>\n<h3>Magdal\u00e9na Smo\u013eakov\u00e1<\/h3>\n<p>Finan\u010dn\u00ed a \u00fa\u010detn\u00ed odd\u011blen\u00ed<br \/>00421 903 611 142<br \/><a href=\"mailto:uctaren@beky.sk\">uctaren@beky.sk<\/a><\/p>\n<\/div>\n<div class=\"team-member\">\n<p><img decoding=\"async\" src=\"\/wp-content\/uploads\/2015\/05\/profile.jpg\" alt=\"profile\" \/><\/p>\n<h3>M\u00e1ria Cenknerov\u00e1<img decoding=\"async\" src=\"\/wp-content\/plugins\/qtranslate-xp\/flags\/de.png\" alt=\"\" \/><\/h3>\n<p>\u017divotn\u00ed prost\u0159ed\u00ed &amp; odpadov\u00e9 hospod\u00e1\u0159stv\u00ed<br \/>00421 577 685 446<br \/><a href=\"mailto:buk@beky.sk\">buk@beky.sk<\/a><\/p>\n<\/div>\n<div class=\"team-member\">\n<p><img decoding=\"async\" src=\"\/wp-content\/uploads\/2015\/05\/profile.jpg\" alt=\"profile\" \/><\/p>\n<h3>Monika Vajdov\u00e1<\/h3>\n<p>Person\u00e1ln\u00ed odd\u011blen\u00ed<br \/>00421 577 685 446<br \/><a href=\"mailto:mzdy@beky.sk\">mzdy@beky.sk<\/a><\/p>\n<\/div>\n<div class=\"team-member\">\n<p><img decoding=\"async\" src=\"\/wp-content\/uploads\/2015\/05\/profile.jpg\" alt=\"profile\" \/><\/p>\n<h3>Jana Smo\u013eakov\u00e1<\/h3>\n<p>Asistentka<br \/>00421 577 682 621<br \/><a href=\"mailto:beky1@beky.sk\">beky1@beky.sk<\/a><\/p>\n<\/div>\n<div id=\"team-hr\"><hr \/><\/div>\n<h3 id=\"show-members\">V\u00fdroba<\/h3>\n<div id=\"our-team-hidden\">\n<div class=\"team-member\">\n<p><img decoding=\"async\" src=\"\/wp-content\/uploads\/2015\/05\/profile.jpg\" alt=\"profile\" \/><\/p>\n<h3>Peter Di\u0148a<\/h3>\n<p>Mokr\u00e1 v\u00fdroba<br \/>00421 903 611 144<br \/><a href=\"mailto:beky1@beky.sk\">beky1@beky.sk<\/a><\/p>\n<\/div>\n<div class=\"team-member\">\n<p><img decoding=\"async\" src=\"\/wp-content\/uploads\/2015\/05\/profile.jpg\" alt=\"profile\" \/><\/p>\n<h3>Milan Demjan<\/h3>\n<p>V\u00fdroba hranol\u016f a oh\u00fdban\u00fdch produkt\u016f<br \/>00421 903 651 142<br \/><a href=\"mailto:beky1@beky.sk\">beky1@beky.sk<\/a><\/p>\n<\/div>\n<div class=\"team-member\">\n<p><img decoding=\"async\" src=\"\/wp-content\/uploads\/2015\/05\/profile.jpg\" alt=\"profile\" \/><\/p>\n<h3>Peter Ferjak<\/h3>\n<p>V\u00fdroba lepen\u00e9ho d\u0159eva<br \/>00421 948 611 145<br \/><a href=\"mailto:beky@beky.sk\">beky@beky.sk<\/a><\/p>\n<\/div>\n<div class=\"team-member\">\n<p><img decoding=\"async\" src=\"\/wp-content\/uploads\/2015\/05\/profile.jpg\" alt=\"profile\" \/><\/p>\n<h3>Pavol Burda<\/h3>\n<p>V\u00fdroba briket a d\u0159evn\u00ed mou\u010dky<br \/>00421 948 044 645<br \/><a href=\"mailto:beky1@beky.sk\">beky1@beky.sk<\/a><\/p>\n<\/div>\n<div class=\"team-member\">\n<p><img decoding=\"async\" src=\"\/wp-content\/uploads\/2015\/05\/profile.jpg\" alt=\"profile\" \/><\/p>\n<h3>Milo\u0161 Bre\u010dka<img decoding=\"async\" class=\"language\" src=\"\/wp-content\/plugins\/qtranslate-xp\/flags\/gb.png\" alt=\"\" \/><img decoding=\"async\" src=\"\/wp-content\/plugins\/qtranslate-xp\/flags\/it.png\" alt=\"\" \/><\/h3>\n<p>CNC<br \/>00421 577 685 446<br \/><a href=\"mailto:milos.brecka@beky.sk\">milos.brecka@beky.sk<\/a><\/p>\n<\/div>\n<div class=\"team-member\">\n<p><img decoding=\"async\" src=\"\/wp-content\/uploads\/2015\/05\/profile.jpg\" alt=\"profile\" \/><\/p>\n<h3>Rastislav Kru\u013e<\/h3>\n<p>N\u00e1kup d\u0159evn\u00ed suroviny<br \/>00421 903 641 722<br \/><a href=\"mailto:beky@beky.sk\">beky@beky.sk<\/a><\/p>\n<\/div>\n<div class=\"team-member\">\n<p><img decoding=\"async\" src=\"\/wp-content\/uploads\/2015\/05\/profile.jpg\" alt=\"profile\" \/><\/p>\n<h3>J\u00e1n Bocan<\/h3>\n<p>Spr\u00e1va elektrotechniky a s\u00edt\u00ed<br \/>00421 902 911 900<br \/><a href=\"mailto:beky@beky.sk\">beky@beky.sk<\/a><\/p>\n<\/div>\n<div id=\"team-hr\"><hr \/><\/div>\n<\/div>\n<\/div>\n<p><\/p>\n<\/div><\/div>\n<\/div>\n<\/div>\n<\/div><\/div>\n<\/div>\n<\/div>\n<\/div><\/div>\n","protected":false},"excerpt":{"rendered":"Kontakt Faktura\u010dn\u00ed \u00fadaje Beky, a.s. Podrybn\u00edcka 1 069 01 Snina, SlovenskoI\u010cO: 36464350 I\u010c DPH: SK2020022653 Banka: Tatra banka IBAN: SK91 1100 0000 0029 2155 0014 GLN: 8589000086143 Kancel\u00e1\u0159e &amp; provozovna \u010d. 1 Stak\u010d\u00ednska 757069 01 Snina, Slovensko Provozovna \u010d. 2 Podrybn\u00edcka 1069 01 Snina, Slovensko Telefon 00421 57 768 544600421 57 779 5783 Fax 00421 <p><a class=\"read-more\" href=\"https:\/\/beky.eu\/cs\/kontakt\/\" itemprop=\"url\">Read More<\/a><\/p>","protected":false},"author":2,"featured_media":0,"parent":0,"menu_order":0,"comment_status":"closed","ping_status":"closed","template":"","meta":{"footnotes":""},"class_list":["post-25","page","type-page","status-publish","hentry","no-wpautop"],"_links":{"self":[{"href":"https:\/\/beky.eu\/cs\/wp-json\/wp\/v2\/pages\/25","targetHints":{"allow":["GET"]}}],"collection":[{"href":"https:\/\/beky.eu\/cs\/wp-json\/wp\/v2\/pages"}],"about":[{"href":"https:\/\/beky.eu\/cs\/wp-json\/wp\/v2\/types\/page"}],"author":[{"embeddable":true,"href":"https:\/\/beky.eu\/cs\/wp-json\/wp\/v2\/users\/2"}],"replies":[{"embeddable":true,"href":"https:\/\/beky.eu\/cs\/wp-json\/wp\/v2\/comments?post=25"}],"version-history":[{"count":207,"href":"https:\/\/beky.eu\/cs\/wp-json\/wp\/v2\/pages\/25\/revisions"}],"predecessor-version":[{"id":1393,"href":"https:\/\/beky.eu\/cs\/wp-json\/wp\/v2\/pages\/25\/revisions\/1393"}],"wp:attachment":[{"href":"https:\/\/beky.eu\/cs\/wp-json\/wp\/v2\/media?parent=25"}],"curies":[{"name":"wp","href":"https:\/\/api.w.org\/{rel}","templated":true}]}}