{"id":23,"date":"2015-05-24T21:43:38","date_gmt":"2015-05-24T20:43:38","guid":{"rendered":"http:\/\/beky.eu\/?page_id=23"},"modified":"2023-11-23T11:00:43","modified_gmt":"2023-11-23T10:00:43","slug":"o-nas","status":"publish","type":"page","link":"https:\/\/beky.eu\/cs\/o-nas\/","title":{"rendered":"O n\u00e1s"},"content":{"rendered":"<h1>O n\u00e1s<\/h1>\n<p>Firma <strong>Beky, a.s.<\/strong>, je na trhu od roku 1992 a je jedn\u00edm z <strong>nejv\u011bt\u0161\u00edch zpracovatel\u016f tvrd\u00e9ho d\u0159eva<\/strong> ve st\u0159edn\u00ed Evrop\u011b. 95% produkce putuje na zahrani\u010dn\u00ed trhy, p\u0159edev\u0161\u00edm do N\u011bmecka, D\u00e1nska, Norska, \u010cesk\u00e9 republiky a Polska.<\/p>\n<p>Jsme rodinn\u00e1 firma, na \u0159\u00edzen\u00ed spole\u010dnosti se pod\u00edl\u00ed ji\u017e druh\u00e1 generace \u010dlen\u016f rodiny. Na\u0161imi prioritami jsou seri\u00f3znost a profesionalita, ji\u017e v\u00edce ne\u017e 30 let budujeme dobr\u00e9 jm\u00e9no firmy a jsme spolehliv\u00fdm a stabiln\u00edm partnerem pro na\u0161e klienty z cel\u00e9ho sv\u011bta. Db\u00e1me na udr\u017eitelnost, vyu\u017e\u00edv\u00e1me p\u0159\u00edrodn\u00ed zdroje ekonomicky a ekologicky. Klademe d\u016fraz na rozv\u00edjen\u00ed technologick\u00e9ho z\u00e1zem\u00ed, vybaven\u00ed pr\u016fb\u011b\u017en\u011b obnovujeme, investujeme do modern\u00edch stroj\u016f. V budoucnu v tomto trendu chceme pokra\u010dovat a upev\u0148ovat si tak svou pozici na trhu.<\/p>\n<p>V pr\u016fb\u011bhu sv\u00e9 existence se firma pr\u016fb\u011b\u017en\u011b rozv\u00edj\u00ed, zde jsou n\u011bkter\u00e9 d\u016fle\u017eit\u00e9 miln\u00edky:<\/p>\n<ul>\n<li><strong>1992<\/strong>: Zalo\u017een\u00ed spole\u010dnosti s ru\u010den\u00edm omezen\u00fdm zakoupen\u00ed prvn\u00ed r\u00e1mov\u00e9 pily<\/li>\n<li><strong>1996<\/strong>: Vstup investora ze Spojen\u00fdch st\u00e1t\u016f americk\u00fdch, investice do su\u0161\u00e1rensk\u00fdch technologi\u00ed, zakoupen\u00ed technologie na oh\u00fdb\u00e1n\u00ed a hoblov\u00e1n\u00ed<\/li>\n<li><strong>1998<\/strong>: N\u00e1kup druh\u00e9ho provozn\u00edho are\u00e1lu<\/li>\n<li><strong>2000<\/strong>: Roz\u0161\u00ed\u0159en\u00ed su\u0161\u00e1ren, n\u00e1kup nov\u00fdch technologi\u00ed pro zpracov\u00e1n\u00ed kulatiny, roz\u0161\u00ed\u0159en\u00ed produktov\u00e9ho portfolia o pr\u016fb\u011b\u017enou sp\u00e1rovku<\/li>\n<li><strong>2001<\/strong>: Roz\u0161\u00ed\u0159en\u00ed produktov\u00e9ho portfolia o d\u00e9lkov\u011b napojovanou sp\u00e1rovku<\/li>\n<li><strong>2010<\/strong>: V\u00fdstavba nov\u00e9 haly pro lepen\u00ed pr\u016fb\u011b\u017en\u00e9 sp\u00e1rovky<\/li>\n<li><strong>2012\/13<\/strong>: V\u00fdstavba nov\u00e9 haly pro zpracov\u00e1n\u00ed a zhodnocen\u00ed odpadu z v\u00fdroby, tj. pro v\u00fdrobu briket a d\u0159evn\u00ed mou\u010dky<\/li>\n<li><strong>2014<\/strong>: V\u00fdstavba nov\u00e9 administrativn\u00ed budovy a haly pro CNC obr\u00e1b\u011bc\u00ed stroje.<\/li>\n<li><strong>2018<\/strong>: Spu\u0161t\u011bn\u00ed CNC technologie.<\/li>\n<\/ul>\n<p>Beky a.s. ro\u010dn\u011b zpracov\u00e1v\u00e1 p\u0159ibli\u017en\u011b 20 000 m<sup>3<\/sup> bukov\u00e9 kulatiny a dal\u0161\u00edch 40 000 m<sup>3<\/sup> bukov\u00e9ho \u0159eziva, kter\u00e9 nakupuje u m\u00edstn\u00edch mal\u00fdch v\u00fdrobc\u016f. Krom\u011b toho ro\u010dn\u011b zpracov\u00e1v\u00e1 2 000 m<sup>3<\/sup> dubov\u00e9 kulatiny a 250 m<sup>3<\/sup> \u0159eziva z americk\u00e9ho o\u0159echu.<\/p>\n<p>Zpracov\u00e1n\u00ed obn\u00e1\u0161\u00ed po\u0159ez, napa\u0159ov\u00e1n\u00ed, su\u0161en\u00ed a finalizaci produktu, tedy hoblov\u00e1n\u00ed, p\u0159\u00edpadn\u011b lepen\u00ed, vy\u0159ez\u00e1v\u00e1n\u00ed nebo oh\u00fdb\u00e1n\u00ed.<\/p>\n<p>Maxim\u00e1ln\u00ed m\u011bs\u00ed\u010dn\u00ed kapacita su\u0161i\u010dek je 2 600 m<sup>3<\/sup> \u0159eziva o tlou\u0161\u0165ce 32 mm.<br \/>\nMaxim\u00e1ln\u00ed v\u00fdstupn\u00ed kapacita je 500 m<sup>3<\/sup> hoblovan\u00fdch hranol\u016f a 500 m<sup>3<\/sup> lepen\u00fdch desek m\u011bs\u00ed\u010dn\u011b.<\/p>\n","protected":false},"excerpt":{"rendered":"<p>O n\u00e1s Firma Beky, a.s., je na trhu od roku 1992 a je jedn\u00edm z nejv\u011bt\u0161\u00edch zpracovatel\u016f tvrd\u00e9ho d\u0159eva ve st\u0159edn\u00ed Evrop\u011b. 95% produkce putuje na zahrani\u010dn\u00ed trhy, p\u0159edev\u0161\u00edm do N\u011bmecka, D\u00e1nska, Norska, \u010cesk\u00e9 republiky a Polska. Jsme rodinn\u00e1 firma, na \u0159\u00edzen\u00ed spole\u010dnosti se pod\u00edl\u00ed ji\u017e druh\u00e1 generace \u010dlen\u016f rodiny. Na\u0161imi prioritami jsou seri\u00f3znost a <\/p>\n<p><a class=\"read-more\" href=\"https:\/\/beky.eu\/cs\/o-nas\/\" itemprop=\"url\">Read More<\/a><\/p>\n","protected":false},"author":1,"featured_media":0,"parent":0,"menu_order":0,"comment_status":"closed","ping_status":"closed","template":"","meta":{"footnotes":""},"class_list":["post-23","page","type-page","status-publish","hentry","wpautop"],"_links":{"self":[{"href":"https:\/\/beky.eu\/cs\/wp-json\/wp\/v2\/pages\/23","targetHints":{"allow":["GET"]}}],"collection":[{"href":"https:\/\/beky.eu\/cs\/wp-json\/wp\/v2\/pages"}],"about":[{"href":"https:\/\/beky.eu\/cs\/wp-json\/wp\/v2\/types\/page"}],"author":[{"embeddable":true,"href":"https:\/\/beky.eu\/cs\/wp-json\/wp\/v2\/users\/1"}],"replies":[{"embeddable":true,"href":"https:\/\/beky.eu\/cs\/wp-json\/wp\/v2\/comments?post=23"}],"version-history":[{"count":48,"href":"https:\/\/beky.eu\/cs\/wp-json\/wp\/v2\/pages\/23\/revisions"}],"predecessor-version":[{"id":1390,"href":"https:\/\/beky.eu\/cs\/wp-json\/wp\/v2\/pages\/23\/revisions\/1390"}],"wp:attachment":[{"href":"https:\/\/beky.eu\/cs\/wp-json\/wp\/v2\/media?parent=23"}],"curies":[{"name":"wp","href":"https:\/\/api.w.org\/{rel}","templated":true}]}}