{"id":180,"date":"2015-08-01T07:47:16","date_gmt":"2015-08-01T06:47:16","guid":{"rendered":"http:\/\/beky.eu\/?page_id=180"},"modified":"2021-02-15T12:15:48","modified_gmt":"2021-02-15T11:15:48","slug":"brikety","status":"publish","type":"page","link":"https:\/\/beky.eu\/cs\/drevni-moucka-brikety\/brikety\/","title":{"rendered":"Brikety"},"content":{"rendered":"<h1>Brikety<\/h1>\r\n<p>Brikety vyr\u00e1b\u00edme z pilin tvrd\u00fdch d\u0159evin, zejm\u00e9na bukov\u00fdch. Vysu\u0161en\u00e9 piliny se pod vysok\u00fdm tlakem lisuj\u00ed, nen\u00ed k nim p\u0159id\u00e1v\u00e1no \u017e\u00e1dn\u00e9 pojivo, jsou tedy stoprocentn\u011b p\u0159\u00edrodn\u00edho p\u016fvodu.\r\nBrikety maj\u00ed vysokou v\u00fdh\u0159evnost: min. 18 MJ\/kg; obsah popelu max. 0,8%; hustota min. 1,05kg\/dm3. Tyto hodnoty byly ov\u011b\u0159eny Stroj\u00edrensk\u00fdm zku\u0161ebn\u00edm \u00fastavem Brno.<\/p>\r\n\r\n<p><strong>Na\u0161e brikety nemaj\u00ed certifik\u00e1t FSC<sup>\u00ae<\/sup>.<\/strong><\/p>\r\n\r\n<p>Jedna briketa m\u00e1 rozm\u011br 24,5&#215;8,5&#215;9,5 cm a v\u00e1\u017e\u00ed od 1,7 do 2 kg (podle velikosti \u010d\u00e1stic pou\u017eit\u00fdch pilin, tedy hustoty brikety). Tvar briket zaru\u010duje rovnom\u011brn\u00e9 ho\u0159en\u00ed po cel\u00e9 plo\u0161e. Jsou vhodn\u00e9 do v\u0161ech typ\u016f krb\u016f, kotl\u016f, krbov\u00fdch vlo\u017eek, pec\u00ed.<\/p>\r\n\r\n<p>Brikety mohou b\u00fdt baleny po 10 kilogramech, nebo voln\u011b lo\u017een\u00e9 na palet\u011b. Na jedn\u00e9 palet\u011b je standardn\u011b 960 kilogram\u016f. Brikety na palet\u011b jsou fixov\u00e1ny stre\u010dovou f\u00f3li\u00ed.<\/br>\r\nV p\u0159\u00edpad\u011b celokamionov\u00fdch odb\u011br\u016f jsme schopni zajistit dopravu.<\/p>\r\n\r\n<div id='gallery-1' class='gallery galleryid-180 gallery-columns-3 gallery-size-thumbnail'><figure class='gallery-item'>\n\t\t\t<div class='gallery-icon landscape'>\n\t\t\t\t<a href='https:\/\/beky.eu\/wp-content\/uploads\/2015\/08\/brikety01.jpg' title=\"\" data-rl_title=\"\" class=\"rl-gallery-link\" data-rl_caption=\"\" data-rel=\"lightbox-gallery-1\"><img loading=\"lazy\" decoding=\"async\" width=\"150\" height=\"150\" src=\"https:\/\/beky.eu\/wp-content\/uploads\/2015\/08\/brikety01-150x150.jpg\" class=\"attachment-thumbnail size-thumbnail\" alt=\"\" \/><\/a>\n\t\t\t<\/div><\/figure><figure class='gallery-item'>\n\t\t\t<div class='gallery-icon landscape'>\n\t\t\t\t<a href='https:\/\/beky.eu\/wp-content\/uploads\/2015\/08\/brikety02.jpg' title=\"\" data-rl_title=\"\" class=\"rl-gallery-link\" data-rl_caption=\"\" data-rel=\"lightbox-gallery-1\"><img loading=\"lazy\" decoding=\"async\" width=\"150\" height=\"150\" src=\"https:\/\/beky.eu\/wp-content\/uploads\/2015\/08\/brikety02-150x150.jpg\" class=\"attachment-thumbnail size-thumbnail\" alt=\"\" \/><\/a>\n\t\t\t<\/div><\/figure><figure class='gallery-item'>\n\t\t\t<div class='gallery-icon landscape'>\n\t\t\t\t<a href='https:\/\/beky.eu\/wp-content\/uploads\/2015\/08\/brikety04.jpg' title=\"\" data-rl_title=\"\" class=\"rl-gallery-link\" data-rl_caption=\"\" data-rel=\"lightbox-gallery-1\"><img loading=\"lazy\" decoding=\"async\" width=\"150\" height=\"150\" src=\"https:\/\/beky.eu\/wp-content\/uploads\/2015\/08\/brikety04-150x150.jpg\" class=\"attachment-thumbnail size-thumbnail\" alt=\"\" \/><\/a>\n\t\t\t<\/div><\/figure>\n\t\t<\/div>\n","protected":false},"excerpt":{"rendered":"Brikety Brikety vyr\u00e1b\u00edme z pilin tvrd\u00fdch d\u0159evin, zejm\u00e9na bukov\u00fdch. Vysu\u0161en\u00e9 piliny se pod vysok\u00fdm tlakem lisuj\u00ed, nen\u00ed k nim p\u0159id\u00e1v\u00e1no \u017e\u00e1dn\u00e9 pojivo, jsou tedy stoprocentn\u011b p\u0159\u00edrodn\u00edho p\u016fvodu. Brikety maj\u00ed vysokou v\u00fdh\u0159evnost: min. 18 MJ\/kg; obsah popelu max. 0,8%; hustota min. 1,05kg\/dm3. Tyto hodnoty byly ov\u011b\u0159eny Stroj\u00edrensk\u00fdm zku\u0161ebn\u00edm \u00fastavem Brno. Na\u0161e brikety nemaj\u00ed certifik\u00e1t FSC\u00ae. Jedna <p><a class=\"read-more\" href=\"https:\/\/beky.eu\/cs\/drevni-moucka-brikety\/brikety\/\" itemprop=\"url\">Read More<\/a><\/p>","protected":false},"author":2,"featured_media":0,"parent":19,"menu_order":0,"comment_status":"closed","ping_status":"closed","template":"","meta":{"footnotes":""},"class_list":["post-180","page","type-page","status-publish","hentry","no-wpautop"],"_links":{"self":[{"href":"https:\/\/beky.eu\/cs\/wp-json\/wp\/v2\/pages\/180","targetHints":{"allow":["GET"]}}],"collection":[{"href":"https:\/\/beky.eu\/cs\/wp-json\/wp\/v2\/pages"}],"about":[{"href":"https:\/\/beky.eu\/cs\/wp-json\/wp\/v2\/types\/page"}],"author":[{"embeddable":true,"href":"https:\/\/beky.eu\/cs\/wp-json\/wp\/v2\/users\/2"}],"replies":[{"embeddable":true,"href":"https:\/\/beky.eu\/cs\/wp-json\/wp\/v2\/comments?post=180"}],"version-history":[{"count":39,"href":"https:\/\/beky.eu\/cs\/wp-json\/wp\/v2\/pages\/180\/revisions"}],"predecessor-version":[{"id":1275,"href":"https:\/\/beky.eu\/cs\/wp-json\/wp\/v2\/pages\/180\/revisions\/1275"}],"up":[{"embeddable":true,"href":"https:\/\/beky.eu\/cs\/wp-json\/wp\/v2\/pages\/19"}],"wp:attachment":[{"href":"https:\/\/beky.eu\/cs\/wp-json\/wp\/v2\/media?parent=180"}],"curies":[{"name":"wp","href":"https:\/\/api.w.org\/{rel}","templated":true}]}}