{"id":174,"date":"2015-08-01T07:44:04","date_gmt":"2015-08-01T06:44:04","guid":{"rendered":"http:\/\/beky.eu\/?page_id=174"},"modified":"2026-04-28T09:14:26","modified_gmt":"2026-04-28T08:14:26","slug":"lepene-desky","status":"publish","type":"page","link":"https:\/\/beky.eu\/cs\/nabytkarske-polotovary\/lepene-desky\/","title":{"rendered":"Lepen\u00e9 desky"},"content":{"rendered":"\n<h1>Lepen\u00e9 desky<\/h1>\n<h2>Sp\u00e1rovka cinkovan\u00e1 (d\u00e9lkov\u011b napojovan\u00e1)<\/h2>\n<ul>\n \t<li>Vlhkost 8%, plus minus 2%<\/li>\n \t<li>Lepidlo D3, na p\u0159\u00e1n\u00ed z\u00e1kazn\u00edka D4<\/li>\n \t<li>Brou\u0161en\u00fd povrch, zrno 120<\/li>\n \t<li>Rozm\u011bry lepen\u00fdch desek: tlou\u0161\u0165ka 16 \u2013 40 mm, \u0161\u00ed\u0159ka max. 1300 mm, d\u00e9lka max. 6000 mm<\/li>\n \t<li>Lamela 40 \u2013 50 mm, v desce v\u017edy stejn\u00fd rozm\u011br<\/li>\n \t<li>D\u00e9lkov\u00e9 form\u00e1tov\u00e1n\u00ed<\/li>\n \t<li>Na p\u0159\u00e1n\u00ed z\u00e1kazn\u00edka:\n<ul>\n \t<li>Stolov\u00e9 desky v kvalit\u011b A\/B a A\/C s dv\u011bma krajn\u00edmi lamelami kvality A (\u010dty\u0159strann\u011b \u010dist\u00fdmi)<\/li>\n \t<li>Zaoblen\u00ed hran: 1 nebo 2 hrany, jednostrann\u011b\/oboustrann\u011b<\/li>\n \t<li>Olejov\u00e1n\u00ed<\/li>\n \t<li>S\u00f3lo balen\u00ed desek<\/li>\n<\/ul>\n<\/li>\n \t<li>Varianty proveden\u00ed:\n<ul>\n \t<li><strong>STANDARD:<\/strong> \u0161\u00ed\u0159ka lamel 40-50 mm (v desce v\u017edy stejn\u00e1), d\u00e9lka lamel 150-600 (n\u00e1hodn\u011b)<\/li>\n \t<li><strong>EKONOMIK:<\/strong> \u0161\u00ed\u0159ka lamel 0-39 mm (v desce v\u017edy stejn\u00e1), d\u00e9lka lamel 150-500 (n\u00e1hodn\u011b)<\/li>\n<\/ul>\n<\/li>\n \t<li>Speci\u00e1ln\u00ed proveden\u00ed\n<ul>\n \t<li><strong>\u201eAMERICK\u00c1 DESKA\u201c:<\/strong> \u00fazk\u00fd form\u00e1t lamel &#8211; lamely lepen\u00e9 na hranu, tlou\u0161\u0165ka max. 60 mm, \u0161\u00ed\u0159ka lamely max. 20 mm, d\u00e9lka lamely 200-500 mm (n\u00e1hodn\u011b)<\/li>\n \t<li><strong>Lepen\u00e9 hranoly:<\/strong> maxim\u00e1ln\u00ed profil 150&#215;150 mm, d\u00e9lka 300-6000 mm<\/li>\n<\/ul>\n<\/li>\n<\/ul>\n<div id='gallery-1' class='gallery galleryid-174 gallery-columns-4 gallery-size-thumbnail'><figure class='gallery-item'>\n\t\t\t<div class='gallery-icon landscape'>\n\t\t\t\t<a href='https:\/\/beky.eu\/wp-content\/uploads\/2015\/08\/buk_cinkA.jpg' title=\"\" data-rl_title=\"\" class=\"rl-gallery-link\" data-rl_caption=\"\" data-rel=\"lightbox-gallery-1\"><img loading=\"lazy\" decoding=\"async\" width=\"150\" height=\"150\" src=\"https:\/\/beky.eu\/wp-content\/uploads\/2015\/08\/buk_cinkA-150x150.jpg\" class=\"attachment-thumbnail size-thumbnail\" alt=\"\" \/><\/a>\n\t\t\t<\/div><\/figure><figure class='gallery-item'>\n\t\t\t<div class='gallery-icon landscape'>\n\t\t\t\t<a href='https:\/\/beky.eu\/wp-content\/uploads\/2015\/08\/buk_cinkB.jpg' title=\"\" data-rl_title=\"\" class=\"rl-gallery-link\" data-rl_caption=\"\" data-rel=\"lightbox-gallery-1\"><img loading=\"lazy\" decoding=\"async\" width=\"150\" height=\"150\" src=\"https:\/\/beky.eu\/wp-content\/uploads\/2015\/08\/buk_cinkB-150x150.jpg\" class=\"attachment-thumbnail size-thumbnail\" alt=\"\" \/><\/a>\n\t\t\t<\/div><\/figure><figure class='gallery-item'>\n\t\t\t<div class='gallery-icon landscape'>\n\t\t\t\t<a href='https:\/\/beky.eu\/wp-content\/uploads\/2015\/08\/dub_cinkA.jpg' title=\"\" data-rl_title=\"\" class=\"rl-gallery-link\" data-rl_caption=\"\" data-rel=\"lightbox-gallery-1\"><img loading=\"lazy\" decoding=\"async\" width=\"150\" height=\"150\" src=\"https:\/\/beky.eu\/wp-content\/uploads\/2015\/08\/dub_cinkA-150x150.jpg\" class=\"attachment-thumbnail size-thumbnail\" alt=\"\" \/><\/a>\n\t\t\t<\/div><\/figure><figure class='gallery-item'>\n\t\t\t<div class='gallery-icon landscape'>\n\t\t\t\t<a href='https:\/\/beky.eu\/wp-content\/uploads\/2015\/08\/dub_cinkB.jpg' title=\"\" data-rl_title=\"\" class=\"rl-gallery-link\" data-rl_caption=\"\" data-rel=\"lightbox-gallery-1\"><img loading=\"lazy\" decoding=\"async\" width=\"150\" height=\"150\" src=\"https:\/\/beky.eu\/wp-content\/uploads\/2015\/08\/dub_cinkB-150x150.jpg\" class=\"attachment-thumbnail size-thumbnail\" alt=\"\" \/><\/a>\n\t\t\t<\/div><\/figure>\n\t\t<\/div>\n\n<ul class=\"wood-quality\">\n \t<li>\n<h2 id=\"quality\">Kategorie kvality d\u0159eva<\/h2>\nPro zobrazen\u00ed p\u0159ehledu kvalit d\u0159eva, ze kter\u00e9ho vyr\u00e1b\u00edme cinkovan\u00e9 sp\u00e1rovky, klikn\u011bte v\u00fd\u0161e.\n<div id=\"quality-content\">\n<h3>BUK<\/h3>\n<ul>\n \t<li><strong>A (\u010dty\u0159strann\u011b \u010dist\u00e9)<\/strong>: bez chyb, bez j\u00e1dra, bez suk\u016f, bez barevn\u00fdch odli\u0161nost\u00ed<div id='gallery-2' class='gallery galleryid-174 gallery-columns-1 gallery-size-thumbnail'><figure class='gallery-item'>\n\t\t\t<div class='gallery-icon landscape'>\n\t\t\t\t<a href='https:\/\/beky.eu\/wp-content\/uploads\/2015\/08\/buk_cinkA.jpg' title=\"\" data-rl_title=\"\" class=\"rl-gallery-link\" data-rl_caption=\"\" data-rel=\"lightbox-gallery-2\"><img loading=\"lazy\" decoding=\"async\" width=\"150\" height=\"150\" src=\"https:\/\/beky.eu\/wp-content\/uploads\/2015\/08\/buk_cinkA-150x150.jpg\" class=\"attachment-thumbnail size-thumbnail\" alt=\"\" \/><\/a>\n\t\t\t<\/div><\/figure>\n\t\t<\/div>\n<\/li>\n \t<li><strong>B<\/strong>: bez suk\u016f a zapa\u0159en\u00ed, v plo\u0161e max. 25% \u010derven\u00e9ho j\u00e1dra, ojedin\u011ble \u010dern\u00e1 o\u010dka do 4 mm<div id='gallery-3' class='gallery galleryid-174 gallery-columns-1 gallery-size-thumbnail'><figure class='gallery-item'>\n\t\t\t<div class='gallery-icon landscape'>\n\t\t\t\t<a href='https:\/\/beky.eu\/wp-content\/uploads\/2015\/08\/buk_cinkB.jpg' title=\"\" data-rl_title=\"\" class=\"rl-gallery-link\" data-rl_caption=\"\" data-rel=\"lightbox-gallery-3\"><img loading=\"lazy\" decoding=\"async\" width=\"150\" height=\"150\" src=\"https:\/\/beky.eu\/wp-content\/uploads\/2015\/08\/buk_cinkB-150x150.jpg\" class=\"attachment-thumbnail size-thumbnail\" alt=\"\" \/><\/a>\n\t\t\t<\/div><\/figure>\n\t\t<\/div>\n<\/li>\n \t<li><strong>A\/B (jednostrann\u011b \u010dist\u00e9)<\/strong>: kombinace A a B, jedna strana \u010dist\u00e1 v kvalit\u011b A, druh\u00e1 B strana se z\u00e1b\u011bhy \u010derven\u00e9ho j\u00e1dra<\/li>\n \t<li><strong>C \u201erustik\u201c<\/strong>: bez hniloby, bez po\u0161kozen\u00ed hmyzem, bez trhlin, \u010derven\u00e9 a \u010dern\u00e9 j\u00e1dro bez omezen\u00ed, \u010dern\u00e1 o\u010dka do 8 mm neomezen\u011b FOTO(nutno dodat)<\/li>\n<\/ul>\n<h3>DUB<\/h3>\n<ul>\n \t<li><strong>A<\/strong>: bez b\u011ble, bez suk\u016f a trhlin, bez \u010dern\u00fdch o\u010dek<div id='gallery-4' class='gallery galleryid-174 gallery-columns-1 gallery-size-thumbnail'><figure class='gallery-item'>\n\t\t\t<div class='gallery-icon landscape'>\n\t\t\t\t<a href='https:\/\/beky.eu\/wp-content\/uploads\/2015\/08\/dub_cinkA.jpg' title=\"\" data-rl_title=\"\" class=\"rl-gallery-link\" data-rl_caption=\"\" data-rel=\"lightbox-gallery-4\"><img loading=\"lazy\" decoding=\"async\" width=\"150\" height=\"150\" src=\"https:\/\/beky.eu\/wp-content\/uploads\/2015\/08\/dub_cinkA-150x150.jpg\" class=\"attachment-thumbnail size-thumbnail\" alt=\"\" \/><\/a>\n\t\t\t<\/div><\/figure>\n\t\t<\/div>\n<\/li>\n \t<li><strong>B<\/strong>: b\u011bl do 10% plochy, \u010dern\u00e1 o\u010dka do pr\u016fm\u011bru 5 mm povolena<div id='gallery-5' class='gallery galleryid-174 gallery-columns-1 gallery-size-thumbnail'><figure class='gallery-item'>\n\t\t\t<div class='gallery-icon landscape'>\n\t\t\t\t<a href='https:\/\/beky.eu\/wp-content\/uploads\/2015\/08\/dub_cinkB.jpg' title=\"\" data-rl_title=\"\" class=\"rl-gallery-link\" data-rl_caption=\"\" data-rel=\"lightbox-gallery-5\"><img loading=\"lazy\" decoding=\"async\" width=\"150\" height=\"150\" src=\"https:\/\/beky.eu\/wp-content\/uploads\/2015\/08\/dub_cinkB-150x150.jpg\" class=\"attachment-thumbnail size-thumbnail\" alt=\"\" \/><\/a>\n\t\t\t<\/div><\/figure>\n\t\t<\/div>\n<\/li>\n \t<li><strong>C<\/strong>: b\u011bl povolena neomezen\u011b, suky do pr\u016fm\u011bru 20 mm povoleny FOTO (nutno dodat)<\/li>\n<\/ul>\n<h3>O\u0158ECH<\/h3>\n<ul>\n \t<li><strong>A<\/strong>: bez b\u011ble, bez suk\u016f, bez hniloby. Mal\u00e9 mno\u017estv\u00ed mal\u00fdch \u010dern\u00fdch o\u010dek povoleno FOTO (nutno dodat)<\/li>\n \t<li><strong>B<\/strong>: b\u011bl do 10% plochy, suky do pr\u016fm\u011bru 10 mm povoleny, otvory po suc\u00edch vypln\u011bny \u010dern\u00fdm tmelem FOTO (nutno dodat)<\/li>\n \t<li><strong>C<\/strong>: b\u011bl a suky povoleny neomezen\u011b, otvory vypln\u011bny \u010dern\u00fdm tmelem FOTO (nutno dodat)<\/li>\n<\/ul>\n<\/div><\/li>\n<\/ul>\n<h2>Sp\u00e1rovka pr\u016fb\u011b\u017en\u00e1<\/h2>\n<ul>\n \t<li>Vlhkost 8%, plus minus 2%<\/li>\n \t<li>Lepidlo D3, na p\u0159\u00e1n\u00ed z\u00e1kazn\u00edka D4<\/li>\n \t<li>Brou\u0161en\u00e9, zrno 120<\/li>\n \t<li>Rozm\u011bry lepen\u00fdch desek: tlou\u0161\u0165ka 16 \u2013 40 mm, \u0161\u00ed\u0159ka max. 1300 mm, d\u00e9lka max. 2500 mm<\/li>\n \t<li>Lamela 40 \u2013 50 mm, v desce v\u017edy stejn\u00fd rozm\u011br<\/li>\n \t<li>D\u00e9lkov\u00e9 form\u00e1tov\u00e1n\u00ed<\/li>\n \t<li>Na p\u0159\u00e1n\u00ed z\u00e1kazn\u00edka:\n<ul>\n \t<li>Stolov\u00e9 desky v kvalit\u011b A\/B a A\/C s dv\u011bma krajn\u00edmi lamelami kvality A (\u010dty\u0159strann\u011b \u010dist\u00fdmi)<\/li>\n \t<li>Zaoblen\u00ed hran: 1 nebo 2 hrany, jednostrann\u011b\/oboustrann\u011b<\/li>\n \t<li>Olejov\u00e1n\u00ed<\/li>\n \t<li>S\u00f3lo balen\u00ed desek<\/li>\n<\/ul>\n<\/li>\n \t<li>Speci\u00e1ln\u00ed proveden\u00ed:\n<ul>\n \t<li><strong>\u201eAMERICK\u00c1 DESKA\u201c:<\/strong> \u00fazk\u00fd form\u00e1t lamel &#8211; lamely lepen\u00e9 na hranu, tlou\u0161\u0165ka max. 60 mm, \u0161\u00ed\u0159ka lamely max. 20 mm<\/li>\n \t<li><strong>EKONOMIK:<\/strong> \u0161\u00ed\u0159ka lamel 30-39 mm (v desce v\u017edy stejn\u00e1)<\/li>\n \t<li><strong>Lepen\u00e9 hranoly:<\/strong> maxim\u00e1ln\u00ed profil 150&#215;150 mm, d\u00e9lka 300-6000 mm<\/li>\n<\/ul>\n<\/li>\n<\/ul>\n<div id='gallery-6' class='gallery galleryid-174 gallery-columns-4 gallery-size-thumbnail'><figure class='gallery-item'>\n\t\t\t<div class='gallery-icon landscape'>\n\t\t\t\t<a href='https:\/\/beky.eu\/wp-content\/uploads\/2015\/08\/buk_prubezkaA.jpg' title=\"\" data-rl_title=\"\" class=\"rl-gallery-link\" data-rl_caption=\"\" data-rel=\"lightbox-gallery-6\"><img loading=\"lazy\" decoding=\"async\" width=\"150\" height=\"150\" src=\"https:\/\/beky.eu\/wp-content\/uploads\/2015\/08\/buk_prubezkaA-150x150.jpg\" class=\"attachment-thumbnail size-thumbnail\" alt=\"\" \/><\/a>\n\t\t\t<\/div><\/figure><figure class='gallery-item'>\n\t\t\t<div class='gallery-icon landscape'>\n\t\t\t\t<a href='https:\/\/beky.eu\/wp-content\/uploads\/2015\/08\/buk_prubezkaB.jpg' title=\"\" data-rl_title=\"\" class=\"rl-gallery-link\" data-rl_caption=\"\" data-rel=\"lightbox-gallery-6\"><img loading=\"lazy\" decoding=\"async\" width=\"150\" height=\"150\" src=\"https:\/\/beky.eu\/wp-content\/uploads\/2015\/08\/buk_prubezkaB-150x150.jpg\" class=\"attachment-thumbnail size-thumbnail\" alt=\"\" \/><\/a>\n\t\t\t<\/div><\/figure><figure class='gallery-item'>\n\t\t\t<div class='gallery-icon landscape'>\n\t\t\t\t<a href='https:\/\/beky.eu\/wp-content\/uploads\/2015\/08\/dub_prubezkaA.jpg' title=\"\" data-rl_title=\"\" class=\"rl-gallery-link\" data-rl_caption=\"\" data-rel=\"lightbox-gallery-6\"><img loading=\"lazy\" decoding=\"async\" width=\"150\" height=\"150\" src=\"https:\/\/beky.eu\/wp-content\/uploads\/2015\/08\/dub_prubezkaA-150x150.jpg\" class=\"attachment-thumbnail size-thumbnail\" alt=\"\" \/><\/a>\n\t\t\t<\/div><\/figure><figure class='gallery-item'>\n\t\t\t<div class='gallery-icon landscape'>\n\t\t\t\t<a href='https:\/\/beky.eu\/wp-content\/uploads\/2015\/08\/dub_prubezkakaB.jpg' title=\"\" data-rl_title=\"\" class=\"rl-gallery-link\" data-rl_caption=\"\" data-rel=\"lightbox-gallery-6\"><img loading=\"lazy\" decoding=\"async\" width=\"150\" height=\"150\" src=\"https:\/\/beky.eu\/wp-content\/uploads\/2015\/08\/dub_prubezkakaB-150x150.jpg\" class=\"attachment-thumbnail size-thumbnail\" alt=\"\" \/><\/a>\n\t\t\t<\/div><\/figure><figure class='gallery-item'>\n\t\t\t<div class='gallery-icon landscape'>\n\t\t\t\t<a href='https:\/\/beky.eu\/wp-content\/uploads\/2015\/08\/orech_prubezkaA.jpg' title=\"\" data-rl_title=\"\" class=\"rl-gallery-link\" data-rl_caption=\"\" data-rel=\"lightbox-gallery-6\"><img loading=\"lazy\" decoding=\"async\" width=\"150\" height=\"150\" src=\"https:\/\/beky.eu\/wp-content\/uploads\/2015\/08\/orech_prubezkaA-150x150.jpg\" class=\"attachment-thumbnail size-thumbnail\" alt=\"\" \/><\/a>\n\t\t\t<\/div><\/figure><figure class='gallery-item'>\n\t\t\t<div class='gallery-icon landscape'>\n\t\t\t\t<a href='https:\/\/beky.eu\/wp-content\/uploads\/2015\/08\/orech_prubezkaB.jpg' title=\"\" data-rl_title=\"\" class=\"rl-gallery-link\" data-rl_caption=\"\" data-rel=\"lightbox-gallery-6\"><img loading=\"lazy\" decoding=\"async\" width=\"150\" height=\"150\" src=\"https:\/\/beky.eu\/wp-content\/uploads\/2015\/08\/orech_prubezkaB-150x150.jpg\" class=\"attachment-thumbnail size-thumbnail\" alt=\"\" \/><\/a>\n\t\t\t<\/div><\/figure>\n\t\t<\/div>\n\n<ul class=\"wood-quality\">\n \t<li>\n<h2 id=\"quality2\">Kategorie kvality d\u0159eva<\/h2>\nPro zobrazen\u00ed p\u0159ehledu kvalit d\u0159eva, ze kter\u00e9ho vyr\u00e1b\u00edme pr\u016fb\u011b\u017en\u00e9 sp\u00e1rovky, klikn\u011bte v\u00fd\u0161e.\n<div id=\"quality-content2\">\n<h3>BUK<\/h3>\n<ul>\n \t<li><strong>A (\u010dty\u0159strann\u011b \u010dist\u00e9)<\/strong>: bez chyb, bez j\u00e1dra, bez suk\u016f, bez barevn\u00fdch odli\u0161nost\u00ed<div id='gallery-7' class='gallery galleryid-174 gallery-columns-1 gallery-size-thumbnail'><figure class='gallery-item'>\n\t\t\t<div class='gallery-icon landscape'>\n\t\t\t\t<a href='https:\/\/beky.eu\/wp-content\/uploads\/2015\/08\/buk_cinkA.jpg' title=\"\" data-rl_title=\"\" class=\"rl-gallery-link\" data-rl_caption=\"\" data-rel=\"lightbox-gallery-7\"><img loading=\"lazy\" decoding=\"async\" width=\"150\" height=\"150\" src=\"https:\/\/beky.eu\/wp-content\/uploads\/2015\/08\/buk_cinkA-150x150.jpg\" class=\"attachment-thumbnail size-thumbnail\" alt=\"\" \/><\/a>\n\t\t\t<\/div><\/figure>\n\t\t<\/div>\n<\/li>\n \t<li><strong>B<\/strong>: bez suk\u016f a zapa\u0159en\u00ed, v plo\u0161e max. 25% \u010derven\u00e9ho j\u00e1dra, ojedin\u011ble \u010dern\u00e1 o\u010dka do 4 mm<div id='gallery-8' class='gallery galleryid-174 gallery-columns-4 gallery-size-thumbnail'><figure class='gallery-item'>\n\t\t\t<div class='gallery-icon landscape'>\n\t\t\t\t<a href='https:\/\/beky.eu\/wp-content\/uploads\/2015\/08\/buk_prubezkaB.jpg' title=\"\" data-rl_title=\"\" class=\"rl-gallery-link\" data-rl_caption=\"\" data-rel=\"lightbox-gallery-8\"><img loading=\"lazy\" decoding=\"async\" width=\"150\" height=\"150\" src=\"https:\/\/beky.eu\/wp-content\/uploads\/2015\/08\/buk_prubezkaB-150x150.jpg\" class=\"attachment-thumbnail size-thumbnail\" alt=\"\" \/><\/a>\n\t\t\t<\/div><\/figure>\n\t\t<\/div>\n<\/li>\n \t<li><strong>A\/B (jednostrann\u011b \u010dist\u00e9)<\/strong>: kombinace A a B, jedna strana \u010dist\u00e1 v kvalit\u011b A, druh\u00e1 B strana se z\u00e1b\u011bhy \u010derven\u00e9ho j\u00e1dra<\/li>\n \t<li><strong>C \u201erustik\u201c<\/strong>: bez hniloby, bez po\u0161kozen\u00ed hmyzem, bez trhlin, \u010derven\u00e9 a \u010dern\u00e9 j\u00e1dro bez omezen\u00ed, \u010dern\u00e1 o\u010dka do 8 mm neomezen\u011b FOTO(nutno dodat)<\/li>\n<\/ul>\n<h3>Kvalita DUB<\/h3>\n<ul>\n \t<li><strong>A<\/strong>: bez b\u011ble, bez suk\u016f a trhlin, bez \u010dern\u00fdch o\u010dek<div id='gallery-9' class='gallery galleryid-174 gallery-columns-1 gallery-size-thumbnail'><figure class='gallery-item'>\n\t\t\t<div class='gallery-icon landscape'>\n\t\t\t\t<a href='https:\/\/beky.eu\/wp-content\/uploads\/2015\/08\/dub_prubezkaA.jpg' title=\"\" data-rl_title=\"\" class=\"rl-gallery-link\" data-rl_caption=\"\" data-rel=\"lightbox-gallery-9\"><img loading=\"lazy\" decoding=\"async\" width=\"150\" height=\"150\" src=\"https:\/\/beky.eu\/wp-content\/uploads\/2015\/08\/dub_prubezkaA-150x150.jpg\" class=\"attachment-thumbnail size-thumbnail\" alt=\"\" \/><\/a>\n\t\t\t<\/div><\/figure>\n\t\t<\/div>\n<\/li>\n \t<li><strong>B<\/strong>: b\u011bl do 10% plochy, \u010dern\u00e1 o\u010dka do pr\u016fm\u011bru 5 mm povolena<div id='gallery-10' class='gallery galleryid-174 gallery-columns-1 gallery-size-thumbnail'><figure class='gallery-item'>\n\t\t\t<div class='gallery-icon landscape'>\n\t\t\t\t<a href='https:\/\/beky.eu\/wp-content\/uploads\/2015\/08\/dub_prubezkakaB.jpg' title=\"\" data-rl_title=\"\" class=\"rl-gallery-link\" data-rl_caption=\"\" data-rel=\"lightbox-gallery-10\"><img loading=\"lazy\" decoding=\"async\" width=\"150\" height=\"150\" src=\"https:\/\/beky.eu\/wp-content\/uploads\/2015\/08\/dub_prubezkakaB-150x150.jpg\" class=\"attachment-thumbnail size-thumbnail\" alt=\"\" \/><\/a>\n\t\t\t<\/div><\/figure>\n\t\t<\/div>\n<\/li>\n \t<li><strong>C<\/strong>: b\u011bl povolena neomezen\u011b, suky do pr\u016fm\u011bru 20 mm povoleny FOTO (nutno dodat)<\/li>\n<\/ul>\n<h3>Kvalita O\u0158ECH<\/h3>\n<ul>\n \t<li><strong>A<\/strong>: bez b\u011ble, bez suk\u016f, bez hniloby. Mal\u00e9 mno\u017estv\u00ed mal\u00fdch \u010dern\u00fdch o\u010dek povoleno<div id='gallery-11' class='gallery galleryid-174 gallery-columns-4 gallery-size-thumbnail'><figure class='gallery-item'>\n\t\t\t<div class='gallery-icon landscape'>\n\t\t\t\t<a href='https:\/\/beky.eu\/wp-content\/uploads\/2015\/08\/orech_prubezkaA.jpg' title=\"\" data-rl_title=\"\" class=\"rl-gallery-link\" data-rl_caption=\"\" data-rel=\"lightbox-gallery-11\"><img loading=\"lazy\" decoding=\"async\" width=\"150\" height=\"150\" src=\"https:\/\/beky.eu\/wp-content\/uploads\/2015\/08\/orech_prubezkaA-150x150.jpg\" class=\"attachment-thumbnail size-thumbnail\" alt=\"\" \/><\/a>\n\t\t\t<\/div><\/figure>\n\t\t<\/div>\n<\/li>\n \t<li><strong>B<\/strong>: b\u011bl do 10% plochy, suky do pr\u016fm\u011bru 10 mm povoleny, otvory po suc\u00edch vypln\u011bny \u010dern\u00fdm tmelem<div id='gallery-12' class='gallery galleryid-174 gallery-columns-1 gallery-size-thumbnail'><figure class='gallery-item'>\n\t\t\t<div class='gallery-icon landscape'>\n\t\t\t\t<a href='https:\/\/beky.eu\/wp-content\/uploads\/2015\/08\/orech_prubezkaB.jpg' title=\"\" data-rl_title=\"\" class=\"rl-gallery-link\" data-rl_caption=\"\" data-rel=\"lightbox-gallery-12\"><img loading=\"lazy\" decoding=\"async\" width=\"150\" height=\"150\" src=\"https:\/\/beky.eu\/wp-content\/uploads\/2015\/08\/orech_prubezkaB-150x150.jpg\" class=\"attachment-thumbnail size-thumbnail\" alt=\"\" \/><\/a>\n\t\t\t<\/div><\/figure>\n\t\t<\/div>\n<\/li>\n \t<li><strong>C<\/strong>: b\u011bl a suky povoleny neomezen\u011b, otvory vypln\u011bny \u010dern\u00fdm tmelem FOTO (nutno dodat)<\/li>\n<\/ul>\n<\/div><\/li>\n<\/ul>\n","protected":false},"excerpt":{"rendered":"Lepen\u00e9 desky Sp\u00e1rovka cinkovan\u00e1 (d\u00e9lkov\u011b napojovan\u00e1) Vlhkost 8%, plus minus 2% Lepidlo D3, na p\u0159\u00e1n\u00ed z\u00e1kazn\u00edka D4 Brou\u0161en\u00fd povrch, zrno 120 Rozm\u011bry lepen\u00fdch desek: tlou\u0161\u0165ka 16 \u2013 40 mm, \u0161\u00ed\u0159ka max. 1300 mm, d\u00e9lka max. 6000 mm Lamela 40 \u2013 50 mm, v desce v\u017edy stejn\u00fd rozm\u011br D\u00e9lkov\u00e9 form\u00e1tov\u00e1n\u00ed Na p\u0159\u00e1n\u00ed z\u00e1kazn\u00edka: Stolov\u00e9 desky v <p><a class=\"read-more\" href=\"https:\/\/beky.eu\/cs\/nabytkarske-polotovary\/lepene-desky\/\" itemprop=\"url\">Read More<\/a><\/p>","protected":false},"author":2,"featured_media":0,"parent":17,"menu_order":0,"comment_status":"closed","ping_status":"closed","template":"","meta":{"footnotes":""},"class_list":["post-174","page","type-page","status-publish","hentry","no-wpautop"],"_links":{"self":[{"href":"https:\/\/beky.eu\/cs\/wp-json\/wp\/v2\/pages\/174","targetHints":{"allow":["GET"]}}],"collection":[{"href":"https:\/\/beky.eu\/cs\/wp-json\/wp\/v2\/pages"}],"about":[{"href":"https:\/\/beky.eu\/cs\/wp-json\/wp\/v2\/types\/page"}],"author":[{"embeddable":true,"href":"https:\/\/beky.eu\/cs\/wp-json\/wp\/v2\/users\/2"}],"replies":[{"embeddable":true,"href":"https:\/\/beky.eu\/cs\/wp-json\/wp\/v2\/comments?post=174"}],"version-history":[{"count":105,"href":"https:\/\/beky.eu\/cs\/wp-json\/wp\/v2\/pages\/174\/revisions"}],"predecessor-version":[{"id":1408,"href":"https:\/\/beky.eu\/cs\/wp-json\/wp\/v2\/pages\/174\/revisions\/1408"}],"up":[{"embeddable":true,"href":"https:\/\/beky.eu\/cs\/wp-json\/wp\/v2\/pages\/17"}],"wp:attachment":[{"href":"https:\/\/beky.eu\/cs\/wp-json\/wp\/v2\/media?parent=174"}],"curies":[{"name":"wp","href":"https:\/\/api.w.org\/{rel}","templated":true}]}}