{"id":172,"date":"2015-08-01T07:42:20","date_gmt":"2015-08-01T06:42:20","guid":{"rendered":"http:\/\/beky.eu\/?page_id=172"},"modified":"2021-03-17T14:59:47","modified_gmt":"2021-03-17T13:59:47","slug":"hranoly","status":"publish","type":"page","link":"https:\/\/beky.eu\/cs\/nabytkarske-polotovary\/hranoly\/","title":{"rendered":"Hranoly"},"content":{"rendered":"<h1>Hranoly<\/h1>\r\n<ul>\r\n\t<li>Hranoly vyr\u00e1b\u00edme pouze z bukov\u00e9ho \u0159eziva<\/li>\r\n\t<li>Vlhkost: vzduchosuch\u00e9 (20-25%) nebo such\u00e9 (8%)<\/li>\r\n\t<li>Nehoblovan\u00e9 \/ p\u0159edhoblovan\u00e9 \/ hoblovan\u00e9<\/li>\r\n\t<li>Maxim\u00e1ln\u00ed rozm\u011bry: Tlou\u0161\u0165ka do 60 mm, \u0161\u00ed\u0159ka do 110 mm, d\u00e9lka do 3 m<\/li>\r\n\t<li>Standardn\u00ed odchylka do 2 mm na metr d\u00e9lky, nebo dle zad\u00e1n\u00ed od z\u00e1kazn\u00edka<\/li>\r\n\t<li>Speci\u00e1ln\u00ed hoblov\u00e1n\u00ed: r\u00e1dius (sr\u00e1\u017een\u00ed hran), maxim\u00e1ln\u011b 4xR5<\/li>\r\n\t<li>Oh\u00fdb\u00e1n\u00ed: na vysokofrekven\u010dn\u00edm lisu<\/li>\r\n<\/ul>\r\n<div id='gallery-1' class='gallery galleryid-172 gallery-columns-3 gallery-size-thumbnail'><figure class='gallery-item'>\n\t\t\t<div class='gallery-icon portrait'>\n\t\t\t\t<a href='https:\/\/beky.eu\/wp-content\/uploads\/2015\/10\/Hranoly_podelne.jpg' title=\"\" data-rl_title=\"\" class=\"rl-gallery-link\" data-rl_caption=\"\" data-rel=\"lightbox-gallery-1\"><img loading=\"lazy\" decoding=\"async\" width=\"150\" height=\"150\" src=\"https:\/\/beky.eu\/wp-content\/uploads\/2015\/10\/Hranoly_podelne-150x150.jpg\" class=\"attachment-thumbnail size-thumbnail\" alt=\"\" \/><\/a>\n\t\t\t<\/div><\/figure><figure class='gallery-item'>\n\t\t\t<div class='gallery-icon landscape'>\n\t\t\t\t<a href='https:\/\/beky.eu\/wp-content\/uploads\/2015\/10\/Hranoly_obyc.jpg' title=\"\" data-rl_title=\"\" class=\"rl-gallery-link\" data-rl_caption=\"\" data-rel=\"lightbox-gallery-1\"><img loading=\"lazy\" decoding=\"async\" width=\"150\" height=\"150\" src=\"https:\/\/beky.eu\/wp-content\/uploads\/2015\/10\/Hranoly_obyc-150x150.jpg\" class=\"attachment-thumbnail size-thumbnail\" alt=\"\" \/><\/a>\n\t\t\t<\/div><\/figure><figure class='gallery-item'>\n\t\t\t<div class='gallery-icon landscape'>\n\t\t\t\t<a href='https:\/\/beky.eu\/wp-content\/uploads\/2015\/10\/Hranoly_zkosene.jpg' title=\"\" data-rl_title=\"\" class=\"rl-gallery-link\" data-rl_caption=\"\" data-rel=\"lightbox-gallery-1\"><img loading=\"lazy\" decoding=\"async\" width=\"150\" height=\"150\" src=\"https:\/\/beky.eu\/wp-content\/uploads\/2015\/10\/Hranoly_zkosene-150x150.jpg\" class=\"attachment-thumbnail size-thumbnail\" alt=\"\" \/><\/a>\n\t\t\t<\/div><\/figure>\n\t\t<\/div>\n\r\n<ul class=\"wood-quality\">\r\n\t<li>\r\n<h2 id=\"quality\">Kategorie kvality d\u0159eva <span class=\"genericon genericon-expand\"><\/span><\/h2>\r\n<p>Pro zobrazen\u00ed p\u0159ehledu kvalit d\u0159eva, ze kter\u00e9ho vyr\u00e1b\u00edme hranoly, klikn\u011bte v\u00fd\u0161e.<\/p>\r\n<div id=\"quality-content\">\r\n<h3>Kvalita BUK<\/h3>\r\n<ul>\r\n\t<li><strong>A (\u010dty\u0159strann\u011b \u010dist\u00e9)<\/strong>: bez chyb, bez j\u00e1dra, bez suk\u016f, bez barevn\u00fdch odli\u0161nost\u00ed<\/li>\r\n\t<li><strong>B<\/strong>: bez suk\u016f a zapa\u0159en\u00ed, v plo\u0161e max. 25% \u010derven\u00e9ho j\u00e1dra, ojedin\u011ble \u010dern\u00e1 o\u010dka do 4 mm<\/li>\r\n\t<li><strong>A\/B (jednostrann\u011b \u010dist\u00e9)<\/strong>: kombinace A a B, jedna strana \u010dist\u00e1 v kvalit\u011b A, druh\u00e1 B strana se z\u00e1b\u011bhy \u010derven\u00e9ho j\u00e1dra<\/li>\r\n\t<li><strong>C \u201erustik\u201c<\/strong>: bez hniloby, bez po\u0161kozen\u00ed hmyzem, bez trhlin, \u010derven\u00e9 a \u010dern\u00e9 j\u00e1dro bez omezen\u00ed, \u010dern\u00e1 o\u010dka do 8 mm neomezen\u011b<\/li>\r\n<\/ul>\r\n<\/div><\/li>\r\n<\/ul>","protected":false},"excerpt":{"rendered":"Hranoly Hranoly vyr\u00e1b\u00edme pouze z bukov\u00e9ho \u0159eziva Vlhkost: vzduchosuch\u00e9 (20-25%) nebo such\u00e9 (8%) Nehoblovan\u00e9 \/ p\u0159edhoblovan\u00e9 \/ hoblovan\u00e9 Maxim\u00e1ln\u00ed rozm\u011bry: Tlou\u0161\u0165ka do 60 mm, \u0161\u00ed\u0159ka do 110 mm, d\u00e9lka do 3 m Standardn\u00ed odchylka do 2 mm na metr d\u00e9lky, nebo dle zad\u00e1n\u00ed od z\u00e1kazn\u00edka Speci\u00e1ln\u00ed hoblov\u00e1n\u00ed: r\u00e1dius (sr\u00e1\u017een\u00ed hran), maxim\u00e1ln\u011b 4xR5 Oh\u00fdb\u00e1n\u00ed: na vysokofrekven\u010dn\u00edm <p><a class=\"read-more\" href=\"https:\/\/beky.eu\/cs\/nabytkarske-polotovary\/hranoly\/\" itemprop=\"url\">Read More<\/a><\/p>","protected":false},"author":2,"featured_media":0,"parent":17,"menu_order":0,"comment_status":"closed","ping_status":"closed","template":"","meta":{"footnotes":""},"class_list":["post-172","page","type-page","status-publish","hentry","no-wpautop"],"_links":{"self":[{"href":"https:\/\/beky.eu\/cs\/wp-json\/wp\/v2\/pages\/172","targetHints":{"allow":["GET"]}}],"collection":[{"href":"https:\/\/beky.eu\/cs\/wp-json\/wp\/v2\/pages"}],"about":[{"href":"https:\/\/beky.eu\/cs\/wp-json\/wp\/v2\/types\/page"}],"author":[{"embeddable":true,"href":"https:\/\/beky.eu\/cs\/wp-json\/wp\/v2\/users\/2"}],"replies":[{"embeddable":true,"href":"https:\/\/beky.eu\/cs\/wp-json\/wp\/v2\/comments?post=172"}],"version-history":[{"count":57,"href":"https:\/\/beky.eu\/cs\/wp-json\/wp\/v2\/pages\/172\/revisions"}],"predecessor-version":[{"id":1312,"href":"https:\/\/beky.eu\/cs\/wp-json\/wp\/v2\/pages\/172\/revisions\/1312"}],"up":[{"embeddable":true,"href":"https:\/\/beky.eu\/cs\/wp-json\/wp\/v2\/pages\/17"}],"wp:attachment":[{"href":"https:\/\/beky.eu\/cs\/wp-json\/wp\/v2\/media?parent=172"}],"curies":[{"name":"wp","href":"https:\/\/api.w.org\/{rel}","templated":true}]}}