{"id":1118,"date":"2019-07-16T14:21:31","date_gmt":"2019-07-16T13:21:31","guid":{"rendered":"http:\/\/beky.eu\/?page_id=1118"},"modified":"2021-02-15T11:56:16","modified_gmt":"2021-02-15T10:56:16","slug":"cnc","status":"publish","type":"page","link":"https:\/\/beky.eu\/cs\/nabytkarske-polotovary\/cnc\/","title":{"rendered":"CNC"},"content":{"rendered":"<h1>CNC n\u00e1strojov\u00e9 vybaven\u00ed<\/h1>\r\n<h2>Nab\u00edz\u00edme v\u00fdrobu produkt\u016f a polotovar\u016f na \u0161irok\u00e9m spektru n\u00e1stroj\u016f:<\/h2>\r\n<ul>\r\n\t<li>5-os\u00e9 plo\u0161n\u00e9 CNC Morbidelli M200 (<b><a href=\"https:\/\/www.youtube.com\/watch?v=M4iS3rsxpUQ\" data-rel=\"lightbox-video-0\">Video ZDE<\/a><\/b>). V\u00fdroba stolov\u00fdch desek, plo\u0161n\u00fdch d\u00edlc\u016f, lo\u017enic, postel\u00ed, dv\u00ed\u0159ek a ploch\u00fdch v\u00fd\u0159ez\u016f do d\u00e9lky 3,1m<\/li>\r\n\t<li>5-os\u00e9 plo\u0161n\u00e9 CNC Morbidelli M800 (<b><a href=\"https:\/\/www.youtube.com\/watch?v=lMjVq7VkP3I\" data-rel=\"lightbox-video-1\">Video ZDE<\/a><\/b>). V\u00fdroba postel\u00ed, plo\u0161n\u00fdch d\u00edlc\u016f, lo\u017enic, dv\u00ed\u0159ek, stolov\u00fdch desek a ploch\u00fdch v\u00fd\u0159ez\u016f a\u017e do d\u00e9lky 6,3m<\/li>\r\n\t<li>Soustruhov\u00e1 kop\u00edrka Bacci T4M-O (<a href=\"https:\/\/www.youtube.com\/watch?v=FJJESeqhgfY&#038;feature=youtu.be&#038;t=7&#038;ab_channel=BACCI\" data-rel=\"lightbox-video-2\" target=\"_blank\"><b>Video ZDE<\/b><\/a>). V\u00fdroba postelov\u00fdch, \u017eidlov\u00fdch a stolov\u00fdch noh, v\u00fdroba pa\u017eeb, n\u00e1strojov\u00fdch n\u00e1sad a sportovn\u00edho vybaven\u00ed do d\u00e9lky jednoho metru<\/li>\r\n\t<li>3-os\u00e9 \u0159ezac\u00ed\/vrtac\u00ed\/fr\u00e9zovac\u00ed centrum Comec MD Top L (<b><a href=\"https:\/\/www.youtube.com\/watch?v=DCJ7n_6wVxU\" data-rel=\"lightbox-video-3\">Video ZDE<\/a><\/b>). V\u00fdroba dlouh\u00fdch d\u00edl\u016f (z\u00e1rubn\u011b, dve\u0159e, \u017eidlov\u00e9 nohy, komponenty sk\u0159\u00edn\u00ed, &#8230;) do d\u00e9lky 3,3m<\/li>\r\n\t<li>CNC soustruh Locatelli Multimatik 1600 CNC V.1 (<b><a href=\"https:\/\/www.youtube.com\/watch?v=_KJsUfuvAqE\" data-rel=\"lightbox-video-4\">Video ZDE<\/a><\/b>). V\u00fdroba n\u00e1bytkov\u00fdch, stolov\u00fdch a \u017eidlov\u00fdch noh do d\u00e9lky 1,6m<\/li>\r\n\t<li>Grav\u00edrovac\u00ed Laser Sei Flexi 600 (<b><a href=\"https:\/\/www.youtube.com\/watch?v=UzCTv67bSBY\" data-rel=\"lightbox-video-5\">Video ZDE<\/a><\/b>). \u0158ez\u00e1n\u00ed, zna\u010den\u00ed a grav\u00edrov\u00e1n\u00ed<\/li>\r\n<\/ul>\r\nPreh\u013ead vide\u00ed z v\u00fdroby naleznete <a href=\"https:\/\/www.youtube.com\/channel\/UCvtmY9PLRmRKBnz_6qB5SqQ\/videos\">zde<\/a>. Na\u0161e v\u00fdrobky m\u016f\u017eete naj\u00edt pod ozna\u010den\u00edm &#8222;Made by Beky&#8220;.\r\n\r\n<div id='gallery-1' class='gallery galleryid-1118 gallery-columns-4 gallery-size-thumbnail'><figure class='gallery-item'>\n\t\t\t<div class='gallery-icon portrait'>\n\t\t\t\t<a href='https:\/\/beky.eu\/wp-content\/uploads\/2019\/06\/20190417_145213.jpg' title=\"\" data-rl_title=\"\" class=\"rl-gallery-link\" data-rl_caption=\"\" data-rel=\"lightbox-gallery-1\"><img loading=\"lazy\" decoding=\"async\" width=\"150\" height=\"150\" src=\"https:\/\/beky.eu\/wp-content\/uploads\/2019\/06\/20190417_145213-150x150.jpg\" class=\"attachment-thumbnail size-thumbnail\" alt=\"\" \/><\/a>\n\t\t\t<\/div><\/figure><figure class='gallery-item'>\n\t\t\t<div class='gallery-icon landscape'>\n\t\t\t\t<a href='https:\/\/beky.eu\/wp-content\/uploads\/2019\/06\/20190621_144655.jpg' title=\"\" data-rl_title=\"\" class=\"rl-gallery-link\" data-rl_caption=\"\" data-rel=\"lightbox-gallery-1\"><img loading=\"lazy\" decoding=\"async\" width=\"150\" height=\"150\" src=\"https:\/\/beky.eu\/wp-content\/uploads\/2019\/06\/20190621_144655-150x150.jpg\" class=\"attachment-thumbnail size-thumbnail\" alt=\"Made by Beky\" \/><\/a>\n\t\t\t<\/div><\/figure><figure class='gallery-item'>\n\t\t\t<div class='gallery-icon portrait'>\n\t\t\t\t<a href='https:\/\/beky.eu\/wp-content\/uploads\/2019\/06\/cribframes1.jpg' title=\"\" data-rl_title=\"\" class=\"rl-gallery-link\" data-rl_caption=\"\" data-rel=\"lightbox-gallery-1\"><img loading=\"lazy\" decoding=\"async\" width=\"150\" height=\"150\" src=\"https:\/\/beky.eu\/wp-content\/uploads\/2019\/06\/cribframes1-150x150.jpg\" class=\"attachment-thumbnail size-thumbnail\" alt=\"\" \/><\/a>\n\t\t\t<\/div><\/figure><figure class='gallery-item'>\n\t\t\t<div class='gallery-icon landscape'>\n\t\t\t\t<a href='https:\/\/beky.eu\/wp-content\/uploads\/2019\/06\/chair1.jpg' title=\"\" data-rl_title=\"\" class=\"rl-gallery-link\" data-rl_caption=\"\" data-rel=\"lightbox-gallery-1\"><img loading=\"lazy\" decoding=\"async\" width=\"150\" height=\"150\" src=\"https:\/\/beky.eu\/wp-content\/uploads\/2019\/06\/chair1-150x150.jpg\" class=\"attachment-thumbnail size-thumbnail\" alt=\"\" \/><\/a>\n\t\t\t<\/div><\/figure><figure class='gallery-item'>\n\t\t\t<div class='gallery-icon landscape'>\n\t\t\t\t<a href='https:\/\/beky.eu\/wp-content\/uploads\/2019\/07\/20190711_112603x.jpg' title=\"\" data-rl_title=\"\" class=\"rl-gallery-link\" data-rl_caption=\"\" data-rel=\"lightbox-gallery-1\"><img loading=\"lazy\" decoding=\"async\" width=\"150\" height=\"150\" src=\"https:\/\/beky.eu\/wp-content\/uploads\/2019\/07\/20190711_112603x-150x150.jpg\" class=\"attachment-thumbnail size-thumbnail\" alt=\"\" \/><\/a>\n\t\t\t<\/div><\/figure><figure class='gallery-item'>\n\t\t\t<div class='gallery-icon landscape'>\n\t\t\t\t<a href='https:\/\/beky.eu\/wp-content\/uploads\/2019\/07\/20190711_112705x.jpg' title=\"\" data-rl_title=\"\" class=\"rl-gallery-link\" data-rl_caption=\"\" data-rel=\"lightbox-gallery-1\"><img loading=\"lazy\" decoding=\"async\" width=\"150\" height=\"150\" src=\"https:\/\/beky.eu\/wp-content\/uploads\/2019\/07\/20190711_112705x-150x150.jpg\" class=\"attachment-thumbnail size-thumbnail\" alt=\"\" \/><\/a>\n\t\t\t<\/div><\/figure><figure class='gallery-item'>\n\t\t\t<div class='gallery-icon landscape'>\n\t\t\t\t<a href='https:\/\/beky.eu\/wp-content\/uploads\/2019\/07\/20190611_062601x.jpg' title=\"\" data-rl_title=\"\" class=\"rl-gallery-link\" data-rl_caption=\"\" data-rel=\"lightbox-gallery-1\"><img loading=\"lazy\" decoding=\"async\" width=\"150\" height=\"150\" src=\"https:\/\/beky.eu\/wp-content\/uploads\/2019\/07\/20190611_062601x-150x150.jpg\" class=\"attachment-thumbnail size-thumbnail\" alt=\"Made by Beky\" \/><\/a>\n\t\t\t<\/div><\/figure><figure class='gallery-item'>\n\t\t\t<div class='gallery-icon landscape'>\n\t\t\t\t<a href='https:\/\/beky.eu\/wp-content\/uploads\/2019\/07\/20190708_152351x.jpg' title=\"\" data-rl_title=\"\" class=\"rl-gallery-link\" data-rl_caption=\"\" data-rel=\"lightbox-gallery-1\"><img loading=\"lazy\" decoding=\"async\" width=\"150\" height=\"150\" src=\"https:\/\/beky.eu\/wp-content\/uploads\/2019\/07\/20190708_152351x-150x150.jpg\" class=\"attachment-thumbnail size-thumbnail\" alt=\"\" \/><\/a>\n\t\t\t<\/div><\/figure>\n\t\t<\/div>\n\r\n<a href=\"\/cs\/o-nas\/galerie\/#show-gallery7\">V\u00edce fotek >>> <\/a>\r\n<h2>V p\u0159\u00edpade z\u00e1jmu V\u00e1m velmi r\u00e1di vypracujeme cenovou nab\u00eddku. Budeme pot\u0159ebovat tyto informace a podklady:<\/h2>\r\n<ul>\r\n\t<li>Druh d\u0159eviny (buk, dub)<\/li>\r\n\t<li>Vstupn\u00ed materi\u00e1l (hranol, lepen\u00fd cink, lepen\u00e1 pr\u016fb\u011b\u017eka)<\/li>\r\n\t<li>Popis kvality a proveden\u00ed<\/li>\r\n\t<li>V\u00fdkresy d\u00edlc\u016f, p\u0159\u00edpadn\u011b fotky<\/li>\r\n\t<li>Po\u017eadovan\u00e9 mno\u017estv\u00ed d\u00edlc\u016f<\/li>\r\n<\/ul>\r\n<h4>My V\u00e1m obratem vypracujeme cenovou nab\u00eddku a za\u0161leme vzorku tovaru po\u0161tou.<\/h4>","protected":false},"excerpt":{"rendered":"CNC n\u00e1strojov\u00e9 vybaven\u00ed Nab\u00edz\u00edme v\u00fdrobu produkt\u016f a polotovar\u016f na \u0161irok\u00e9m spektru n\u00e1stroj\u016f: 5-os\u00e9 plo\u0161n\u00e9 CNC Morbidelli M200 (Video ZDE). V\u00fdroba stolov\u00fdch desek, plo\u0161n\u00fdch d\u00edlc\u016f, lo\u017enic, postel\u00ed, dv\u00ed\u0159ek a ploch\u00fdch v\u00fd\u0159ez\u016f do d\u00e9lky 3,1m 5-os\u00e9 plo\u0161n\u00e9 CNC Morbidelli M800 (Video ZDE). V\u00fdroba postel\u00ed, plo\u0161n\u00fdch d\u00edlc\u016f, lo\u017enic, dv\u00ed\u0159ek, stolov\u00fdch desek a ploch\u00fdch v\u00fd\u0159ez\u016f a\u017e do d\u00e9lky 6,3m <p><a class=\"read-more\" href=\"https:\/\/beky.eu\/cs\/nabytkarske-polotovary\/cnc\/\" itemprop=\"url\">Read More<\/a><\/p>","protected":false},"author":1,"featured_media":0,"parent":17,"menu_order":3,"comment_status":"closed","ping_status":"closed","template":"","meta":{"footnotes":""},"class_list":["post-1118","page","type-page","status-publish","hentry","no-wpautop"],"_links":{"self":[{"href":"https:\/\/beky.eu\/cs\/wp-json\/wp\/v2\/pages\/1118","targetHints":{"allow":["GET"]}}],"collection":[{"href":"https:\/\/beky.eu\/cs\/wp-json\/wp\/v2\/pages"}],"about":[{"href":"https:\/\/beky.eu\/cs\/wp-json\/wp\/v2\/types\/page"}],"author":[{"embeddable":true,"href":"https:\/\/beky.eu\/cs\/wp-json\/wp\/v2\/users\/1"}],"replies":[{"embeddable":true,"href":"https:\/\/beky.eu\/cs\/wp-json\/wp\/v2\/comments?post=1118"}],"version-history":[{"count":60,"href":"https:\/\/beky.eu\/cs\/wp-json\/wp\/v2\/pages\/1118\/revisions"}],"predecessor-version":[{"id":1270,"href":"https:\/\/beky.eu\/cs\/wp-json\/wp\/v2\/pages\/1118\/revisions\/1270"}],"up":[{"embeddable":true,"href":"https:\/\/beky.eu\/cs\/wp-json\/wp\/v2\/pages\/17"}],"wp:attachment":[{"href":"https:\/\/beky.eu\/cs\/wp-json\/wp\/v2\/media?parent=1118"}],"curies":[{"name":"wp","href":"https:\/\/api.w.org\/{rel}","templated":true}]}}