{"id":11,"date":"2015-05-24T21:24:40","date_gmt":"2015-05-24T20:24:40","guid":{"rendered":"http:\/\/beky.eu\/?page_id=11"},"modified":"2021-02-15T11:42:14","modified_gmt":"2021-02-15T10:42:14","slug":"nase-dreviny","status":"publish","type":"page","link":"https:\/\/beky.eu\/cs\/nase-dreviny\/","title":{"rendered":"Na\u0161e d\u0159eviny"},"content":{"rendered":"<h1>Na\u0161e d\u0159eviny<\/h1>\r\n<a href=\"\/cs\/nase-dreviny\/buk-evropsky-fagus-sylvatica\/\" >\r\n<div id=\"product-block3\" class=\"product-block\"><img decoding=\"async\" class=\"img-inside-cms\" src=\"\/wp-content\/uploads\/img\/buk01-mini.jpg\" alt=\"\" \/>\r\n<h2>Buk obecn\u00fd<br \/>\r\n<span class=\"smaller\">(Fagus sylvatica)<\/span><\/h2>\r\n<\/div>\r\n<\/a>\r\n<a href=\"\/cs\/nase-dreviny\/dub-evropsky-quercus-robur\/\" >\r\n<div id=\"product-block3\" class=\"product-block\"><img decoding=\"async\" class=\"img-inside-cms\" src=\"\/wp-content\/uploads\/img\/dub01-mini.jpg\" alt=\"\" \/>\r\n<h2>Dub evropsk\u00fd<br \/>\r\n<span class=\"smaller\">(Quercus robur)<\/span><\/h2>\r\n<\/div>\r\n<\/a>\r\n<a href=\"\/cs\/nase-dreviny\/americky-orech-juglans-nigra\/\" >\r\n<div id=\"product-block3\" class=\"product-block\"><img decoding=\"async\" class=\"img-inside-cms\" src=\"\/wp-content\/uploads\/img\/orech01-mini.jpg\" alt=\"\" \/>\r\n<h2>O\u0159e\u0161\u00e1k \u010dern\u00fd<br \/>\r\n<span class=\"smaller\">(Juglans nigra)<\/span><\/h2>\r\n<\/div>\r\n<\/a>","protected":false},"excerpt":{"rendered":"Na\u0161e d\u0159eviny Buk obecn\u00fd (Fagus sylvatica) Dub evropsk\u00fd (Quercus robur) O\u0159e\u0161\u00e1k \u010dern\u00fd (Juglans nigra)","protected":false},"author":2,"featured_media":0,"parent":0,"menu_order":0,"comment_status":"closed","ping_status":"closed","template":"","meta":{"footnotes":""},"class_list":["post-11","page","type-page","status-publish","hentry","no-wpautop"],"_links":{"self":[{"href":"https:\/\/beky.eu\/cs\/wp-json\/wp\/v2\/pages\/11","targetHints":{"allow":["GET"]}}],"collection":[{"href":"https:\/\/beky.eu\/cs\/wp-json\/wp\/v2\/pages"}],"about":[{"href":"https:\/\/beky.eu\/cs\/wp-json\/wp\/v2\/types\/page"}],"author":[{"embeddable":true,"href":"https:\/\/beky.eu\/cs\/wp-json\/wp\/v2\/users\/2"}],"replies":[{"embeddable":true,"href":"https:\/\/beky.eu\/cs\/wp-json\/wp\/v2\/comments?post=11"}],"version-history":[{"count":51,"href":"https:\/\/beky.eu\/cs\/wp-json\/wp\/v2\/pages\/11\/revisions"}],"predecessor-version":[{"id":1267,"href":"https:\/\/beky.eu\/cs\/wp-json\/wp\/v2\/pages\/11\/revisions\/1267"}],"wp:attachment":[{"href":"https:\/\/beky.eu\/cs\/wp-json\/wp\/v2\/media?parent=11"}],"curies":[{"name":"wp","href":"https:\/\/api.w.org\/{rel}","templated":true}]}}